{"id":316,"date":"2019-12-11T15:21:35","date_gmt":"2019-12-11T15:21:35","guid":{"rendered":"https:\/\/berberedesign.com\/privacy-policy-2\/"},"modified":"2025-01-03T19:28:34","modified_gmt":"2025-01-03T19:28:34","slug":"termos-e-condicoes-2","status":"publish","type":"page","link":"https:\/\/berberedesign.com\/pt\/informacao\/termos-e-condicoes-2\/","title":{"rendered":"Termos e condi\u00e7\u00f5es"},"content":{"rendered":"<div data-elementor-type=\"wp-page\" data-elementor-id=\"316\" class=\"elementor elementor-316\" data-elementor-post-type=\"page\">\n\t\t\t\t\t\t<section class=\"elementor-section elementor-top-section elementor-element elementor-element-10e6cef elementor-section-boxed elementor-section-height-default elementor-section-height-default\" data-id=\"10e6cef\" data-element_type=\"section\">\n\t\t\t\t\t\t<div class=\"elementor-container elementor-column-gap-wider\">\n\t\t\t\t\t<div class=\"elementor-column elementor-col-100 elementor-top-column elementor-element elementor-element-a169c2c\" data-id=\"a169c2c\" data-element_type=\"column\">\n\t\t\t<div class=\"elementor-widget-wrap elementor-element-populated\">\n\t\t\t\t\t\t<div class=\"elementor-element elementor-element-9c508c5 elementor-widget elementor-widget-text-editor\" data-id=\"9c508c5\" data-element_type=\"widget\" data-widget_type=\"text-editor.default\">\n\t\t\t\t<div class=\"elementor-widget-container\">\n\t\t\t\t\t\t\t\t\t<p data-pm-slice=\"1 1 []\"><strong>\u00daltima atualiza\u00e7\u00e3o: janeiro de 2025<\/strong><\/p><p>Bem-vindo ao BerbereDesign! Ao aceder ou utilizar o nosso website (berberedesign.com) e os nossos servi\u00e7os, o utilizador concorda em cumprir e ficar vinculado aos seguintes Termos e Condi\u00e7\u00f5es. Se n\u00e3o concordar com estes termos, por favor n\u00e3o utilize o nosso s\u00edtio Web ou os nossos servi\u00e7os.<\/p><div>\u00a0<\/div><h3><strong>1. Defini\u00e7\u00f5es<\/strong><\/h3><ul data-spread=\"false\"><li><p><strong>Empresa<\/strong>: BerbereDesign, referido como \"n\u00f3s\", \"nos\" ou \"nosso\".<\/p><\/li><li><p><strong>Utilizador<\/strong>: Qualquer indiv\u00edduo ou entidade que aceda ao nosso s\u00edtio Web ou aos nossos servi\u00e7os.<\/p><\/li><li><p><strong>Servi\u00e7os<\/strong>: Os produtos, carater\u00edsticas e conte\u00fados fornecidos pela BerbereDesign.<\/p><\/li><li><p><strong>S\u00edtio Web<\/strong>: berberedesign.com.<\/p><\/li><\/ul><div>\u00a0<\/div><h3><strong>2. Utiliza\u00e7\u00e3o dos servi\u00e7os<\/strong><\/h3><ul data-spread=\"false\"><li><p>O utilizador deve ter pelo menos 18 anos de idade ou ter autoriza\u00e7\u00e3o dos pais para utilizar os nossos servi\u00e7os.<\/p><\/li><li><p>O utilizador compromete-se a utilizar os nossos servi\u00e7os apenas para fins legais e n\u00e3o para actividades fraudulentas.<\/p><\/li><li><p>Reservamo-nos o direito de recusar o servi\u00e7o, encerrar contas ou remover conte\u00fados \u00e0 nossa discri\u00e7\u00e3o.<\/p><\/li><\/ul><div>\u00a0<\/div><h3><strong>3. Propriedade intelectual<\/strong><\/h3><ul data-spread=\"false\"><li><p>Todos os conte\u00fados, desenhos, marcas registadas e propriedade intelectual do nosso s\u00edtio Web pertencem \u00e0 BerbereDesign ou aos seus licenciantes.<\/p><\/li><li><p>O utilizador n\u00e3o pode copiar, modificar, distribuir ou utilizar o nosso conte\u00fado sem a nossa autoriza\u00e7\u00e3o expl\u00edcita.<\/p><\/li><\/ul><div>\u00a0<\/div><h3><strong>4. Encomendas e pagamentos<\/strong><\/h3><ul data-spread=\"false\"><li><p>Todas as encomendas est\u00e3o sujeitas a disponibilidade e confirma\u00e7\u00e3o.<\/p><\/li><li><p>Os pre\u00e7os s\u00e3o indicados na moeda apropriada e podem estar sujeitos a altera\u00e7\u00f5es.<\/p><\/li><li><p>O pagamento deve ser efectuado na totalidade antes do envio dos produtos ou da presta\u00e7\u00e3o dos servi\u00e7os.<\/p><\/li><li><p>Utilizamos processadores de pagamento seguros de terceiros; n\u00e3o guardamos as suas informa\u00e7\u00f5es de pagamento.<\/p><\/li><\/ul><div>\u00a0<\/div><h3><strong>5. Expedi\u00e7\u00e3o e devolu\u00e7\u00f5es<\/strong><\/h3><ul data-spread=\"false\"><li><p>Enviamos para todo o mundo; os custos de envio e os prazos de entrega variam.<\/p><\/li><li><p>Os clientes s\u00e3o respons\u00e1veis por quaisquer direitos aduaneiros ou impostos de importa\u00e7\u00e3o.<\/p><\/li><li><p>As devolu\u00e7\u00f5es e as trocas s\u00e3o aceites no prazo de 14 dias ap\u00f3s a rece\u00e7\u00e3o, de acordo com a nossa pol\u00edtica de devolu\u00e7\u00f5es.<\/p><\/li><\/ul><div>\u00a0<\/div><h3><strong>6. Limita\u00e7\u00e3o da responsabilidade<\/strong><\/h3><ul data-spread=\"false\"><li><p>N\u00e3o nos responsabilizamos por danos indirectos, acidentais ou consequenciais resultantes da utiliza\u00e7\u00e3o do nosso s\u00edtio Web ou dos nossos produtos.<\/p><\/li><li><p>N\u00e3o garantimos o acesso ininterrupto aos nossos servi\u00e7os.<\/p><\/li><li><p>Em caso algum a nossa responsabilidade poder\u00e1 exceder o montante pago pelo utilizador pelo produto ou servi\u00e7o.<\/p><\/li><\/ul><div>\u00a0<\/div><h3><strong>7. Pol\u00edtica de privacidade<\/strong><\/h3><ul data-spread=\"false\"><li><p>A nossa Pol\u00edtica de Privacidade rege a forma como recolhemos, utilizamos e protegemos os seus dados pessoais.<\/p><\/li><li><p>Ao utilizar os nossos servi\u00e7os, o utilizador concorda com as nossas pr\u00e1ticas em mat\u00e9ria de dados.<\/p><\/li><\/ul><div>\u00a0<\/div><h3><strong>8. Liga\u00e7\u00f5es de terceiros<\/strong><\/h3><ul data-spread=\"false\"><li><p>O nosso s\u00edtio Web pode conter liga\u00e7\u00f5es para s\u00edtios Web de terceiros. N\u00e3o somos respons\u00e1veis pelo seu conte\u00fado, pol\u00edticas de privacidade ou pr\u00e1ticas.<\/p><\/li><li><p>As suas intera\u00e7\u00f5es com s\u00edtios de terceiros s\u00e3o por sua conta e risco.<\/p><\/li><\/ul><div>\u00a0<\/div><h3><strong>9. Rescis\u00e3o<\/strong><\/h3><ul data-spread=\"false\"><li><p>Reservamo-nos o direito de suspender ou terminar o acesso do utilizador se este violar estes Termos e Condi\u00e7\u00f5es.<\/p><\/li><li><p>Os utilizadores podem encerrar a sua conta em qualquer altura.<\/p><\/li><\/ul><div>\u00a0<\/div><h3><strong>10. Direito aplic\u00e1vel<\/strong><\/h3><ul data-spread=\"false\"><li><p>Os presentes Termos e Condi\u00e7\u00f5es s\u00e3o regidos pela legisla\u00e7\u00e3o dos Estados Unidos.<\/p><\/li><li><p>Os eventuais lit\u00edgios ser\u00e3o resolvidos pelos tribunais competentes da jurisdi\u00e7\u00e3o em causa.<\/p><\/li><\/ul><div>\u00a0<\/div><h3><strong>11. Altera\u00e7\u00f5es \u00e0s presentes Condi\u00e7\u00f5es<\/strong><\/h3><ul data-spread=\"false\"><li><p>Podemos atualizar os presentes Termos e Condi\u00e7\u00f5es em qualquer altura. As altera\u00e7\u00f5es ser\u00e3o publicadas nesta p\u00e1gina.<\/p><\/li><li><p>A utiliza\u00e7\u00e3o continuada dos nossos servi\u00e7os ap\u00f3s as altera\u00e7\u00f5es constitui a aceita\u00e7\u00e3o das novas condi\u00e7\u00f5es.<\/p><\/li><\/ul><div>\u00a0<\/div><h3><strong>12. Informa\u00e7\u00f5es de contacto<\/strong><\/h3><p>Para quaisquer quest\u00f5es relativas aos presentes Termos e Condi\u00e7\u00f5es, contacte-nos atrav\u00e9s do endere\u00e7o<\/p><ul><li data-leveltext=\"\uf0b7\" data-font=\"Symbol\" data-listid=\"1\" data-list-defn-props=\"{&quot;335552541&quot;:1,&quot;335559683&quot;:0,&quot;335559684&quot;:-2,&quot;335559685&quot;:720,&quot;335559991&quot;:360,&quot;469769226&quot;:&quot;Symbol&quot;,&quot;469769242&quot;:[8226],&quot;469777803&quot;:&quot;left&quot;,&quot;469777804&quot;:&quot;\uf0b7&quot;,&quot;469777815&quot;:&quot;hybridMultilevel&quot;}\" aria-setsize=\"-1\" data-aria-posinset=\"25\" data-aria-level=\"1\"><span data-contrast=\"none\">Por correio eletr\u00f3nico:\u00a0<\/span><a href=\"mailto:contact@berberedesign.com\"><span data-contrast=\"none\">contact@berberedesign.com<\/span><\/a><span data-ccp-props=\"{&quot;134233117&quot;:false,&quot;134233118&quot;:false,&quot;201341983&quot;:1,&quot;335551550&quot;:1,&quot;335551620&quot;:1,&quot;335559738&quot;:0,&quot;335559739&quot;:0,&quot;335559740&quot;:390}\">\u00a0<\/span><\/li><li data-leveltext=\"\uf0b7\" data-font=\"Symbol\" data-listid=\"1\" data-list-defn-props=\"{&quot;335552541&quot;:1,&quot;335559683&quot;:0,&quot;335559684&quot;:-2,&quot;335559685&quot;:720,&quot;335559991&quot;:360,&quot;469769226&quot;:&quot;Symbol&quot;,&quot;469769242&quot;:[8226],&quot;469777803&quot;:&quot;left&quot;,&quot;469777804&quot;:&quot;\uf0b7&quot;,&quot;469777815&quot;:&quot;hybridMultilevel&quot;}\" aria-setsize=\"-1\" data-aria-posinset=\"26\" data-aria-level=\"1\"><span data-contrast=\"none\">Atrav\u00e9s do n\u00famero de telefone: +1 307-445-2564<\/span><span data-ccp-props=\"{&quot;134233117&quot;:false,&quot;134233118&quot;:false,&quot;201341983&quot;:1,&quot;335551550&quot;:1,&quot;335551620&quot;:1,&quot;335559738&quot;:0,&quot;335559739&quot;:0,&quot;335559740&quot;:390}\">\u00a0<\/span><\/li><li data-leveltext=\"\uf0b7\" data-font=\"Symbol\" data-listid=\"1\" data-list-defn-props=\"{&quot;335552541&quot;:1,&quot;335559683&quot;:0,&quot;335559684&quot;:-2,&quot;335559685&quot;:720,&quot;335559991&quot;:360,&quot;469769226&quot;:&quot;Symbol&quot;,&quot;469769242&quot;:[8226],&quot;469777803&quot;:&quot;left&quot;,&quot;469777804&quot;:&quot;\uf0b7&quot;,&quot;469777815&quot;:&quot;hybridMultilevel&quot;}\" aria-setsize=\"-1\" data-aria-posinset=\"27\" data-aria-level=\"1\"><span data-contrast=\"none\">Atrav\u00e9s desta liga\u00e7\u00e3o: <\/span><a href=\"https:\/\/berberedesign.com\/pt\"><span data-contrast=\"none\">https:\/\/berberedesign.com<\/span><\/a><span data-ccp-props=\"{&quot;134233117&quot;:false,&quot;134233118&quot;:false,&quot;201341983&quot;:1,&quot;335551550&quot;:1,&quot;335551620&quot;:1,&quot;335559738&quot;:0,&quot;335559739&quot;:0,&quot;335559740&quot;:390}\">\u00a0<\/span><\/li><li data-leveltext=\"\uf0b7\" data-font=\"Symbol\" data-listid=\"1\" data-list-defn-props=\"{&quot;335552541&quot;:1,&quot;335559683&quot;:0,&quot;335559684&quot;:-2,&quot;335559685&quot;:720,&quot;335559991&quot;:360,&quot;469769226&quot;:&quot;Symbol&quot;,&quot;469769242&quot;:[8226],&quot;469777803&quot;:&quot;left&quot;,&quot;469777804&quot;:&quot;\uf0b7&quot;,&quot;469777815&quot;:&quot;hybridMultilevel&quot;}\" aria-setsize=\"-1\" data-aria-posinset=\"28\" data-aria-level=\"1\"><span data-contrast=\"none\">Atrav\u00e9s deste endere\u00e7o: <span class=\"ui-provider ef bho bhp bhq bhr bhs bht bhu bhv bhw bhx bhy bhz bia bib bic bid bie bif big bih bii bij bik bil bim bin bio bip biq bir bis bit biu biv\" dir=\"ltr\">1111B S Governors Ave STE 7173, Dover, DE 19904<\/span><\/span><\/li><\/ul><p>Obrigado por utilizar a BerbereDesign!<\/p>\t\t\t\t\t\t\t\t<\/div>\n\t\t\t\t<\/div>\n\t\t\t\t\t<\/div>\n\t\t<\/div>\n\t\t\t\t\t<\/div>\n\t\t<\/section>\n\t\t\t\t<\/div>","protected":false},"excerpt":{"rendered":"<p>Last Updated: January 2025 Welcome to BerbereDesign! By accessing or using our website (berberedesign.com) and services, you agree to comply with and be bound by the following Terms and Conditions. If you do not agree with these terms, please do not use our website or services. \u00a0 1. Definitions Company: BerbereDesign, referred to as &#8220;we,&#8221;&hellip;<\/p>","protected":false},"author":8,"featured_media":0,"parent":5691,"menu_order":0,"comment_status":"closed","ping_status":"closed","template":"","meta":{"footnotes":""},"class_list":["post-316","page","type-page","status-publish","hentry"],"jetpack_sharing_enabled":true,"_links":{"self":[{"href":"https:\/\/berberedesign.com\/pt\/wp-json\/wp\/v2\/pages\/316","targetHints":{"allow":["GET"]}}],"collection":[{"href":"https:\/\/berberedesign.com\/pt\/wp-json\/wp\/v2\/pages"}],"about":[{"href":"https:\/\/berberedesign.com\/pt\/wp-json\/wp\/v2\/types\/page"}],"author":[{"embeddable":true,"href":"https:\/\/berberedesign.com\/pt\/wp-json\/wp\/v2\/users\/8"}],"replies":[{"embeddable":true,"href":"https:\/\/berberedesign.com\/pt\/wp-json\/wp\/v2\/comments?post=316"}],"version-history":[{"count":13,"href":"https:\/\/berberedesign.com\/pt\/wp-json\/wp\/v2\/pages\/316\/revisions"}],"predecessor-version":[{"id":104170,"href":"https:\/\/berberedesign.com\/pt\/wp-json\/wp\/v2\/pages\/316\/revisions\/104170"}],"up":[{"embeddable":true,"href":"https:\/\/berberedesign.com\/pt\/wp-json\/wp\/v2\/pages\/5691"}],"wp:attachment":[{"href":"https:\/\/berberedesign.com\/pt\/wp-json\/wp\/v2\/media?parent=316"}],"curies":[{"name":"wp","href":"https:\/\/api.w.org\/{rel}","templated":true}]}}