{"id":304,"date":"2019-12-11T14:47:18","date_gmt":"2019-12-11T14:47:18","guid":{"rendered":"https:\/\/berberedesign.com\/returns-and-refunds\/"},"modified":"2025-01-02T23:40:03","modified_gmt":"2025-01-02T23:40:03","slug":"devolucoes-e-reembolsos","status":"publish","type":"page","link":"https:\/\/berberedesign.com\/pt\/informacao\/devolucoes-e-reembolsos\/","title":{"rendered":"Devolu\u00e7\u00f5es e reembolsos"},"content":{"rendered":"<div data-elementor-type=\"wp-page\" data-elementor-id=\"304\" class=\"elementor elementor-304\" data-elementor-post-type=\"page\">\n\t\t\t\t\t\t<section class=\"elementor-section elementor-top-section elementor-element elementor-element-618a3de0 elementor-section-boxed elementor-section-height-default elementor-section-height-default\" data-id=\"618a3de0\" data-element_type=\"section\">\n\t\t\t\t\t\t<div class=\"elementor-container elementor-column-gap-wider\">\n\t\t\t\t\t<div class=\"elementor-column elementor-col-100 elementor-top-column elementor-element elementor-element-3d0a43b0\" data-id=\"3d0a43b0\" data-element_type=\"column\">\n\t\t\t<div class=\"elementor-widget-wrap elementor-element-populated\">\n\t\t\t\t\t\t<div class=\"elementor-element elementor-element-28a2efbc elementor-widget elementor-widget-heading\" data-id=\"28a2efbc\" data-element_type=\"widget\" data-widget_type=\"heading.default\">\n\t\t\t\t<div class=\"elementor-widget-container\">\n\t\t\t\t\t<h3 class=\"elementor-heading-title elementor-size-default\"><h2><span style=\"color: var(--the7-h3-color);font-family: var( --e-global-typography-el_title_4-font-family ), Sans-serif;font-size: var( --e-global-typography-el_title_4-font-size );font-weight: var( --e-global-typography-el_title_4-font-weight );letter-spacing: var( --e-global-typography-el_title_4-letter-spacing );text-transform: var( --e-global-typography-el_title_4-text-transform )\">Defini\u00e7\u00f5es e termos-chave<\/span><span style=\"color: var(--the7-h3-color);font-family: var( --e-global-typography-el_title_4-font-family ), Sans-serif;font-size: var( --e-global-typography-el_title_4-font-size );font-weight: var( --e-global-typography-el_title_4-font-weight );letter-spacing: var( --e-global-typography-el_title_4-letter-spacing );text-transform: var( --e-global-typography-el_title_4-text-transform )\"><\/span><\/h2><\/h3>\t\t\t\t<\/div>\n\t\t\t\t<\/div>\n\t\t\t\t<div class=\"elementor-element elementor-element-b50f2f7 elementor-widget elementor-widget-spacer\" data-id=\"b50f2f7\" data-element_type=\"widget\" data-widget_type=\"spacer.default\">\n\t\t\t\t<div class=\"elementor-widget-container\">\n\t\t\t\t\t\t\t<div class=\"elementor-spacer\">\n\t\t\t<div class=\"elementor-spacer-inner\"><\/div>\n\t\t<\/div>\n\t\t\t\t\t\t<\/div>\n\t\t\t\t<\/div>\n\t\t\t\t<div class=\"elementor-element elementor-element-6407ad2e elementor-widget elementor-widget-text-editor\" data-id=\"6407ad2e\" data-element_type=\"widget\" data-widget_type=\"text-editor.default\">\n\t\t\t\t<div class=\"elementor-widget-container\">\n\t\t\t\t\t\t\t\t\t<p><span data-contrast=\"none\">Esta Pol\u00edtica de Devolu\u00e7\u00e3o e Reembolso define os termos \"Empresa\", \"Cliente\", \"Dispositivo\", \"Servi\u00e7o\", \"Website\" e \"Utilizador\" para clarificar os termos utilizados na pol\u00edtica. A empresa refere-se \u00e0 BerbereDesign, o cliente \u00e9 a empresa ou indiv\u00edduo que utiliza o Servi\u00e7o da BerbereDesign, o dispositivo \u00e9 qualquer dispositivo ligado \u00e0 Internet, o servi\u00e7o \u00e9 o fornecido pela BerbereDesign, o website \u00e9 o website da BerbereDesign e o utilizador \u00e9 um utilizador registado. A pol\u00edtica visa proporcionar uma experi\u00eancia de compra gratificante e descreve os termos e condi\u00e7\u00f5es das transac\u00e7\u00f5es.<\/span><span data-ccp-props=\"{&quot;201341983&quot;:0,&quot;335559739&quot;:160,&quot;335559740&quot;:259}\">\u00a0<\/span><\/p><p><span data-contrast=\"none\">Em caso de problemas ou insatisfa\u00e7\u00e3o com o produto ou servi\u00e7o adquirido, os clientes t\u00eam o direito de solicitar o reembolso e a devolu\u00e7\u00e3o no prazo de um m\u00eas.<\/span><span data-ccp-props=\"{&quot;201341983&quot;:0,&quot;335559739&quot;:160,&quot;335559740&quot;:259}\">\u00a0<\/span><\/p><p><span data-contrast=\"none\">Para iniciar a devolu\u00e7\u00e3o de um produto, \u00e9 imperativo seguir as seguintes diretrizes:<\/span><span data-ccp-props=\"{&quot;201341983&quot;:0,&quot;335559739&quot;:160,&quot;335559740&quot;:259}\">\u00a0<\/span><\/p><p>\u00a0<\/p><ol><li><span data-contrast=\"none\"> O produto deve ser devolvido na sua embalagem original, tal como fornecida por n\u00f3s.<\/span><\/li><li><span data-contrast=\"none\"> O produto deve estar isento de quaisquer danos, uma vez que qualquer ind\u00edcio de danos resultar\u00e1 no cancelamento imediato do processo de reembolso.<\/span><\/li><\/ol>\t\t\t\t\t\t\t\t<\/div>\n\t\t\t\t<\/div>\n\t\t\t\t<div class=\"elementor-element elementor-element-dcea433 elementor-widget elementor-widget-spacer\" data-id=\"dcea433\" data-element_type=\"widget\" data-widget_type=\"spacer.default\">\n\t\t\t\t<div class=\"elementor-widget-container\">\n\t\t\t\t\t\t\t<div class=\"elementor-spacer\">\n\t\t\t<div class=\"elementor-spacer-inner\"><\/div>\n\t\t<\/div>\n\t\t\t\t\t\t<\/div>\n\t\t\t\t<\/div>\n\t\t\t\t<div class=\"elementor-element elementor-element-22ef91b7 elementor-widget elementor-widget-heading\" data-id=\"22ef91b7\" data-element_type=\"widget\" data-widget_type=\"heading.default\">\n\t\t\t\t<div class=\"elementor-widget-container\">\n\t\t\t\t\t<h3 class=\"elementor-heading-title elementor-size-default\">Reembolsos<\/h3>\t\t\t\t<\/div>\n\t\t\t\t<\/div>\n\t\t\t\t<div class=\"elementor-element elementor-element-939a07d elementor-widget elementor-widget-spacer\" data-id=\"939a07d\" data-element_type=\"widget\" data-widget_type=\"spacer.default\">\n\t\t\t\t<div class=\"elementor-widget-container\">\n\t\t\t\t\t\t\t<div class=\"elementor-spacer\">\n\t\t\t<div class=\"elementor-spacer-inner\"><\/div>\n\t\t<\/div>\n\t\t\t\t\t\t<\/div>\n\t\t\t\t<\/div>\n\t\t\t\t<div class=\"elementor-element elementor-element-3612b0d3 elementor-widget elementor-widget-text-editor\" data-id=\"3612b0d3\" data-element_type=\"widget\" data-widget_type=\"text-editor.default\">\n\t\t\t\t<div class=\"elementor-widget-container\">\n\t\t\t\t\t\t\t\t\t<p><span class=\"TextRun SCXW81820983 BCX8\" lang=\"EN-US\" xml:lang=\"EN-US\" data-contrast=\"none\"><span class=\"NormalTextRun SpellingErrorV2Themed SCXW81820983 BCX8\">BerbereDesign<\/span><span class=\"NormalTextRun SCXW81820983 BCX8\"> centra-se em <\/span><span class=\"NormalTextRun SCXW81820983 BCX8\">fornecendo<\/span><span class=\"NormalTextRun SCXW81820983 BCX8\"> produtos de alta qualidade atrav\u00e9s de uma inspe\u00e7\u00e3o minuciosa, <\/span><span class=\"NormalTextRun SCXW81820983 BCX8\">defeitos<\/span> <span class=\"NormalTextRun ContextualSpellingAndGrammarErrorV2Themed SCXW81820983 BCX8\">controlos<\/span><span class=\"NormalTextRun SCXW81820983 BCX8\">e embalagem cuidadosa. No entanto, podem ter de cancelar encomendas devido a faltas de stock ou a problemas de controlo de qualidade. Os clientes ser\u00e3o notificados com anteced\u00eancia. Os pagamentos online ser\u00e3o reembolsados ap\u00f3s confirma\u00e7\u00e3o. Antes do envio, \u00e9 efectuado um controlo de qualidade para garantir o estado do artigo. <\/span><span class=\"NormalTextRun SpellingErrorV2Themed SCXW81820983 BCX8\">BerbereDesign<\/span><span class=\"NormalTextRun SCXW81820983 BCX8\"> n\u00e3o pode ser responsabilizada por eventuais danos durante o transporte. Se o produto devolvido estiver em conformidade com as diretrizes, ser\u00e1 emitido um reembolso, que demorar\u00e1 alguns dias.<\/span><\/span><span class=\"EOP SCXW81820983 BCX8\" data-ccp-props=\"{&quot;201341983&quot;:0,&quot;335559739&quot;:160,&quot;335559740&quot;:259}\">\u00a0<\/span><\/p>\t\t\t\t\t\t\t\t<\/div>\n\t\t\t\t<\/div>\n\t\t\t\t<div class=\"elementor-element elementor-element-e0f590b elementor-widget elementor-widget-spacer\" data-id=\"e0f590b\" data-element_type=\"widget\" data-widget_type=\"spacer.default\">\n\t\t\t\t<div class=\"elementor-widget-container\">\n\t\t\t\t\t\t\t<div class=\"elementor-spacer\">\n\t\t\t<div class=\"elementor-spacer-inner\"><\/div>\n\t\t<\/div>\n\t\t\t\t\t\t<\/div>\n\t\t\t\t<\/div>\n\t\t\t\t<div class=\"elementor-element elementor-element-22b60a6a elementor-widget elementor-widget-heading\" data-id=\"22b60a6a\" data-element_type=\"widget\" data-widget_type=\"heading.default\">\n\t\t\t\t<div class=\"elementor-widget-container\">\n\t\t\t\t\t<h3 class=\"elementor-heading-title elementor-size-default\">Expedi\u00e7\u00e3o<\/h3>\t\t\t\t<\/div>\n\t\t\t\t<\/div>\n\t\t\t\t<div class=\"elementor-element elementor-element-87c99ec elementor-widget elementor-widget-spacer\" data-id=\"87c99ec\" data-element_type=\"widget\" data-widget_type=\"spacer.default\">\n\t\t\t\t<div class=\"elementor-widget-container\">\n\t\t\t\t\t\t\t<div class=\"elementor-spacer\">\n\t\t\t<div class=\"elementor-spacer-inner\"><\/div>\n\t\t<\/div>\n\t\t\t\t\t\t<\/div>\n\t\t\t\t<\/div>\n\t\t\t\t<div class=\"elementor-element elementor-element-db65b07 elementor-widget elementor-widget-text-editor\" data-id=\"db65b07\" data-element_type=\"widget\" data-widget_type=\"text-editor.default\">\n\t\t\t\t<div class=\"elementor-widget-container\">\n\t\t\t\t\t\t\t\t\t<p><span class=\"NormalTextRun SpellingErrorV2Themed SCXW148102133 BCX8\">BerbereDesign<\/span><span class=\"NormalTextRun SCXW148102133 BCX8\"> n\u00e3o \u00e9 respons\u00e1vel pelos custos de devolu\u00e7\u00e3o. Todos os envios t\u00eam de ser <\/span><span class=\"NormalTextRun ContextualSpellingAndGrammarErrorV2Themed SCXW148102133 BCX8\">pago<\/span><span class=\"NormalTextRun SCXW148102133 BCX8\"> pelo cliente, mesmo que o artigo tenha sido enviado gratuitamente, o cliente tem de pagar o envio em troca.<\/span><\/p>\t\t\t\t\t\t\t\t<\/div>\n\t\t\t\t<\/div>\n\t\t\t\t<div class=\"elementor-element elementor-element-3202bcf elementor-widget elementor-widget-spacer\" data-id=\"3202bcf\" data-element_type=\"widget\" data-widget_type=\"spacer.default\">\n\t\t\t\t<div class=\"elementor-widget-container\">\n\t\t\t\t\t\t\t<div class=\"elementor-spacer\">\n\t\t\t<div class=\"elementor-spacer-inner\"><\/div>\n\t\t<\/div>\n\t\t\t\t\t\t<\/div>\n\t\t\t\t<\/div>\n\t\t\t\t<div class=\"elementor-element elementor-element-6af2a54 elementor-widget elementor-widget-heading\" data-id=\"6af2a54\" data-element_type=\"widget\" data-widget_type=\"heading.default\">\n\t\t\t\t<div class=\"elementor-widget-container\">\n\t\t\t\t\t<h3 class=\"elementor-heading-title elementor-size-default\">O seu consentimento<\/h3>\t\t\t\t<\/div>\n\t\t\t\t<\/div>\n\t\t\t\t<div class=\"elementor-element elementor-element-db2e520 elementor-widget elementor-widget-spacer\" data-id=\"db2e520\" data-element_type=\"widget\" data-widget_type=\"spacer.default\">\n\t\t\t\t<div class=\"elementor-widget-container\">\n\t\t\t\t\t\t\t<div class=\"elementor-spacer\">\n\t\t\t<div class=\"elementor-spacer-inner\"><\/div>\n\t\t<\/div>\n\t\t\t\t\t\t<\/div>\n\t\t\t\t<\/div>\n\t\t\t\t<div class=\"elementor-element elementor-element-72efbc21 elementor-widget elementor-widget-text-editor\" data-id=\"72efbc21\" data-element_type=\"widget\" data-widget_type=\"text-editor.default\">\n\t\t\t\t<div class=\"elementor-widget-container\">\n\t\t\t\t\t\t\t\t\t<p><span class=\"TextRun SCXW99328321 BCX8\" lang=\"EN-US\" xml:lang=\"EN-US\" data-contrast=\"none\">Ao utilizar o nosso s\u00edtio Web, registar uma conta ou efetuar uma compra, o utilizador consente com a nossa Pol\u00edtica de Devolu\u00e7\u00f5es e Reembolsos e concorda com os seus termos.<\/span><\/p>\t\t\t\t\t\t\t\t<\/div>\n\t\t\t\t<\/div>\n\t\t\t\t<div class=\"elementor-element elementor-element-f8772aa elementor-widget elementor-widget-spacer\" data-id=\"f8772aa\" data-element_type=\"widget\" data-widget_type=\"spacer.default\">\n\t\t\t\t<div class=\"elementor-widget-container\">\n\t\t\t\t\t\t\t<div class=\"elementor-spacer\">\n\t\t\t<div class=\"elementor-spacer-inner\"><\/div>\n\t\t<\/div>\n\t\t\t\t\t\t<\/div>\n\t\t\t\t<\/div>\n\t\t\t\t<div class=\"elementor-element elementor-element-e0b7367 elementor-widget elementor-widget-heading\" data-id=\"e0b7367\" data-element_type=\"widget\" data-widget_type=\"heading.default\">\n\t\t\t\t<div class=\"elementor-widget-container\">\n\t\t\t\t\t<h3 class=\"elementor-heading-title elementor-size-default\">Altera\u00e7\u00f5es \u00e0 nossa pol\u00edtica de devolu\u00e7\u00e3o e reembolso<\/h3>\t\t\t\t<\/div>\n\t\t\t\t<\/div>\n\t\t\t\t<div class=\"elementor-element elementor-element-4817766 elementor-widget elementor-widget-spacer\" data-id=\"4817766\" data-element_type=\"widget\" data-widget_type=\"spacer.default\">\n\t\t\t\t<div class=\"elementor-widget-container\">\n\t\t\t\t\t\t\t<div class=\"elementor-spacer\">\n\t\t\t<div class=\"elementor-spacer-inner\"><\/div>\n\t\t<\/div>\n\t\t\t\t\t\t<\/div>\n\t\t\t\t<\/div>\n\t\t\t\t<div class=\"elementor-element elementor-element-013ab31 elementor-widget elementor-widget-text-editor\" data-id=\"013ab31\" data-element_type=\"widget\" data-widget_type=\"text-editor.default\">\n\t\t\t\t<div class=\"elementor-widget-container\">\n\t\t\t\t\t\t\t\t\t<p><span class=\"NormalTextRun SCXW55618748 BCX8\">Estamos<\/span><span class=\"NormalTextRun SCXW55618748 BCX8\"> considerar a atualiza\u00e7\u00e3o deste documento para refletir o nosso Servi\u00e7o e as nossas pol\u00edticas e, se necess\u00e1rio, <\/span><span class=\"NormalTextRun ContextualSpellingAndGrammarErrorV2Themed SCXW55618748 BCX8\">vontade<\/span><span class=\"NormalTextRun SCXW55618748 BCX8\"> ser apresentado de forma bem vis\u00edvel. Se o utilizador continuar a utilizar o nosso Servi\u00e7o, ter\u00e1 de aderir \u00e0 vers\u00e3o actualizada de Devolu\u00e7\u00f5es e Reembolsos <\/span><span class=\"NormalTextRun ContextualSpellingAndGrammarErrorV2Themed SCXW55618748 BCX8\">Pol\u00edtica, ou<\/span><span class=\"NormalTextRun SCXW55618748 BCX8\"> eliminar a sua conta.<\/span><\/p>\t\t\t\t\t\t\t\t<\/div>\n\t\t\t\t<\/div>\n\t\t\t\t<div class=\"elementor-element elementor-element-3574c4b elementor-widget elementor-widget-spacer\" data-id=\"3574c4b\" data-element_type=\"widget\" data-widget_type=\"spacer.default\">\n\t\t\t\t<div class=\"elementor-widget-container\">\n\t\t\t\t\t\t\t<div class=\"elementor-spacer\">\n\t\t\t<div class=\"elementor-spacer-inner\"><\/div>\n\t\t<\/div>\n\t\t\t\t\t\t<\/div>\n\t\t\t\t<\/div>\n\t\t\t\t<div class=\"elementor-element elementor-element-0f05afa elementor-widget elementor-widget-heading\" data-id=\"0f05afa\" data-element_type=\"widget\" data-widget_type=\"heading.default\">\n\t\t\t\t<div class=\"elementor-widget-container\">\n\t\t\t\t\t<h3 class=\"elementor-heading-title elementor-size-default\">Contactar-nos<\/h3>\t\t\t\t<\/div>\n\t\t\t\t<\/div>\n\t\t\t\t<div class=\"elementor-element elementor-element-1e60245 elementor-widget elementor-widget-spacer\" data-id=\"1e60245\" data-element_type=\"widget\" data-widget_type=\"spacer.default\">\n\t\t\t\t<div class=\"elementor-widget-container\">\n\t\t\t\t\t\t\t<div class=\"elementor-spacer\">\n\t\t\t<div class=\"elementor-spacer-inner\"><\/div>\n\t\t<\/div>\n\t\t\t\t\t\t<\/div>\n\t\t\t\t<\/div>\n\t\t\t\t<div class=\"elementor-element elementor-element-5f379a9 elementor-widget elementor-widget-text-editor\" data-id=\"5f379a9\" data-element_type=\"widget\" data-widget_type=\"text-editor.default\">\n\t\t\t\t<div class=\"elementor-widget-container\">\n\t\t\t\t\t\t\t\t\t<p>Se, por qualquer raz\u00e3o, n\u00e3o estiver completamente satisfeito com qualquer bem ou servi\u00e7o que lhe fornecemos, n\u00e3o hesite em contactar-nos e discutiremos quaisquer problemas que tenha com o nosso produto.<\/p><p>\u00a0<\/p><ul><li>Por correio eletr\u00f3nico: contact@berberedesign.com<\/li><li>Atrav\u00e9s do n\u00famero de telefone: +1 307-445-2564<\/li><li>Atrav\u00e9s deste link: https:\/\/berberedesign.com<\/li><li>Atrav\u00e9s deste endere\u00e7o: 1111B S Governors Ave STE 7173, Dover, DE 19904<\/li><\/ul>\t\t\t\t\t\t\t\t<\/div>\n\t\t\t\t<\/div>\n\t\t\t\t\t<\/div>\n\t\t<\/div>\n\t\t\t\t\t<\/div>\n\t\t<\/section>\n\t\t\t\t<\/div>","protected":false},"excerpt":{"rendered":"<p>Definitions and key terms This Return &amp; Refund Policy defines the terms &#8220;Company,&#8221; &#8220;Customer,&#8221; &#8220;Device,&#8221; &#8220;Service,&#8221; &#8220;Website,&#8221; and &#8220;You&#8221; to clarify the terms used in the policy. The company refers to BerbereDesign, the customer is the company or individual using the BerbereDesign Service, the device is any internet-connected device, the service is the provided by&hellip;<\/p>","protected":false},"author":8,"featured_media":0,"parent":5691,"menu_order":0,"comment_status":"closed","ping_status":"closed","template":"","meta":{"footnotes":""},"class_list":["post-304","page","type-page","status-publish","hentry"],"jetpack_sharing_enabled":true,"_links":{"self":[{"href":"https:\/\/berberedesign.com\/pt\/wp-json\/wp\/v2\/pages\/304","targetHints":{"allow":["GET"]}}],"collection":[{"href":"https:\/\/berberedesign.com\/pt\/wp-json\/wp\/v2\/pages"}],"about":[{"href":"https:\/\/berberedesign.com\/pt\/wp-json\/wp\/v2\/types\/page"}],"author":[{"embeddable":true,"href":"https:\/\/berberedesign.com\/pt\/wp-json\/wp\/v2\/users\/8"}],"replies":[{"embeddable":true,"href":"https:\/\/berberedesign.com\/pt\/wp-json\/wp\/v2\/comments?post=304"}],"version-history":[{"count":12,"href":"https:\/\/berberedesign.com\/pt\/wp-json\/wp\/v2\/pages\/304\/revisions"}],"predecessor-version":[{"id":104101,"href":"https:\/\/berberedesign.com\/pt\/wp-json\/wp\/v2\/pages\/304\/revisions\/104101"}],"up":[{"embeddable":true,"href":"https:\/\/berberedesign.com\/pt\/wp-json\/wp\/v2\/pages\/5691"}],"wp:attachment":[{"href":"https:\/\/berberedesign.com\/pt\/wp-json\/wp\/v2\/media?parent=304"}],"curies":[{"name":"wp","href":"https:\/\/api.w.org\/{rel}","templated":true}]}}