{"id":299,"date":"2019-12-11T14:36:46","date_gmt":"2019-12-11T14:36:46","guid":{"rendered":"https:\/\/berberedesign.com\/shipping\/"},"modified":"2025-01-03T19:25:47","modified_gmt":"2025-01-03T19:25:47","slug":"expedicao","status":"publish","type":"page","link":"https:\/\/berberedesign.com\/pt\/informacao\/expedicao\/","title":{"rendered":"Expedi\u00e7\u00e3o"},"content":{"rendered":"<div data-elementor-type=\"wp-page\" data-elementor-id=\"299\" class=\"elementor elementor-299\" data-elementor-post-type=\"page\">\n\t\t\t\t\t\t<section class=\"elementor-section elementor-top-section elementor-element elementor-element-47568d8 elementor-section-boxed elementor-section-height-default elementor-section-height-default\" data-id=\"47568d8\" data-element_type=\"section\">\n\t\t\t\t\t\t<div class=\"elementor-container elementor-column-gap-wider\">\n\t\t\t\t\t<div class=\"elementor-column elementor-col-100 elementor-top-column elementor-element elementor-element-e60ce03\" data-id=\"e60ce03\" data-element_type=\"column\">\n\t\t\t<div class=\"elementor-widget-wrap elementor-element-populated\">\n\t\t\t\t\t\t<div class=\"elementor-element elementor-element-d9e4cc2 elementor-widget elementor-widget-heading\" data-id=\"d9e4cc2\" data-element_type=\"widget\" data-widget_type=\"heading.default\">\n\t\t\t\t<div class=\"elementor-widget-container\">\n\t\t\t\t\t<h3 class=\"elementor-heading-title elementor-size-default\">Entrega local<\/h3>\t\t\t\t<\/div>\n\t\t\t\t<\/div>\n\t\t\t\t<div class=\"elementor-element elementor-element-d772d92 elementor-widget elementor-widget-spacer\" data-id=\"d772d92\" data-element_type=\"widget\" data-widget_type=\"spacer.default\">\n\t\t\t\t<div class=\"elementor-widget-container\">\n\t\t\t\t\t\t\t<div class=\"elementor-spacer\">\n\t\t\t<div class=\"elementor-spacer-inner\"><\/div>\n\t\t<\/div>\n\t\t\t\t\t\t<\/div>\n\t\t\t\t<\/div>\n\t\t\t\t<div class=\"elementor-element elementor-element-2e7d8f1 elementor-widget elementor-widget-text-editor\" data-id=\"2e7d8f1\" data-element_type=\"widget\" data-widget_type=\"text-editor.default\">\n\t\t\t\t<div class=\"elementor-widget-container\">\n\t\t\t\t\t\t\t\t\t<p>Asseguramos um processo de entrega local suave e eficiente, fornecendo servi\u00e7os de transporte fi\u00e1veis na regi\u00e3o para que a sua encomenda chegue at\u00e9 si o mais rapidamente poss\u00edvel.<\/p>\t\t\t\t\t\t\t\t<\/div>\n\t\t\t\t<\/div>\n\t\t\t\t<div class=\"elementor-element elementor-element-590066a elementor-widget elementor-widget-spacer\" data-id=\"590066a\" data-element_type=\"widget\" data-widget_type=\"spacer.default\">\n\t\t\t\t<div class=\"elementor-widget-container\">\n\t\t\t\t\t\t\t<div class=\"elementor-spacer\">\n\t\t\t<div class=\"elementor-spacer-inner\"><\/div>\n\t\t<\/div>\n\t\t\t\t\t\t<\/div>\n\t\t\t\t<\/div>\n\t\t\t\t<div class=\"elementor-element elementor-element-bfed811 elementor-widget elementor-widget-heading\" data-id=\"bfed811\" data-element_type=\"widget\" data-widget_type=\"heading.default\">\n\t\t\t\t<div class=\"elementor-widget-container\">\n\t\t\t\t\t<h3 class=\"elementor-heading-title elementor-size-default\">Entrega internacional<\/h3>\t\t\t\t<\/div>\n\t\t\t\t<\/div>\n\t\t\t\t<div class=\"elementor-element elementor-element-69de370 elementor-widget elementor-widget-spacer\" data-id=\"69de370\" data-element_type=\"widget\" data-widget_type=\"spacer.default\">\n\t\t\t\t<div class=\"elementor-widget-container\">\n\t\t\t\t\t\t\t<div class=\"elementor-spacer\">\n\t\t\t<div class=\"elementor-spacer-inner\"><\/div>\n\t\t<\/div>\n\t\t\t\t\t\t<\/div>\n\t\t\t\t<\/div>\n\t\t\t\t<div class=\"elementor-element elementor-element-473d3a6 elementor-widget elementor-widget-text-editor\" data-id=\"473d3a6\" data-element_type=\"widget\" data-widget_type=\"text-editor.default\">\n\t\t\t\t<div class=\"elementor-widget-container\">\n\t\t\t\t\t\t\t\t\t<p>Temos orgulho em oferecer transporte internacional gratuito para a maioria dos destinos. As encomendas s\u00e3o processadas no prazo de 2-3 dias \u00fateis e enviadas atrav\u00e9s de <strong>DHL Express<\/strong>, um servi\u00e7o \"Porta-a-Porta\" de confian\u00e7a. O transporte internacional n\u00e3o cobre os direitos de importa\u00e7\u00e3o nem os impostos. No entanto, gra\u00e7as ao <strong>Acordo de com\u00e9rcio livre com Marrocos, os clientes dos EUA est\u00e3o isentos de impostos de importa\u00e7\u00e3o<\/strong>. Recomendamos que verifique os regulamentos aduaneiros do seu pa\u00eds antes de efetuar uma encomenda.<\/p>\t\t\t\t\t\t\t\t<\/div>\n\t\t\t\t<\/div>\n\t\t\t\t<div class=\"elementor-element elementor-element-6ac335d elementor-widget elementor-widget-spacer\" data-id=\"6ac335d\" data-element_type=\"widget\" data-widget_type=\"spacer.default\">\n\t\t\t\t<div class=\"elementor-widget-container\">\n\t\t\t\t\t\t\t<div class=\"elementor-spacer\">\n\t\t\t<div class=\"elementor-spacer-inner\"><\/div>\n\t\t<\/div>\n\t\t\t\t\t\t<\/div>\n\t\t\t\t<\/div>\n\t\t\t\t<div class=\"elementor-element elementor-element-47b7c6b elementor-widget elementor-widget-heading\" data-id=\"47b7c6b\" data-element_type=\"widget\" data-widget_type=\"heading.default\">\n\t\t\t\t<div class=\"elementor-widget-container\">\n\t\t\t\t\t<h3 class=\"elementor-heading-title elementor-size-default\">Entrega a pedido da DHL<\/h3>\t\t\t\t<\/div>\n\t\t\t\t<\/div>\n\t\t\t\t<div class=\"elementor-element elementor-element-64e0139 elementor-widget elementor-widget-spacer\" data-id=\"64e0139\" data-element_type=\"widget\" data-widget_type=\"spacer.default\">\n\t\t\t\t<div class=\"elementor-widget-container\">\n\t\t\t\t\t\t\t<div class=\"elementor-spacer\">\n\t\t\t<div class=\"elementor-spacer-inner\"><\/div>\n\t\t<\/div>\n\t\t\t\t\t\t<\/div>\n\t\t\t\t<\/div>\n\t\t\t\t<div class=\"elementor-element elementor-element-2866cbd elementor-widget elementor-widget-text-editor\" data-id=\"2866cbd\" data-element_type=\"widget\" data-widget_type=\"text-editor.default\">\n\t\t\t\t<div class=\"elementor-widget-container\">\n\t\t\t\t\t\t\t\t\t<p>Para maior comodidade, oferecemos <strong>Entrega a pedido da DHL<\/strong>permitindo-lhe agendar, redirecionar ou gerir o seu envio com base na sua disponibilidade. Este servi\u00e7o flex\u00edvel garante uma experi\u00eancia de entrega perfeita e adaptada \u00e0s suas necessidades.<\/p>\t\t\t\t\t\t\t\t<\/div>\n\t\t\t\t<\/div>\n\t\t\t\t<div class=\"elementor-element elementor-element-fc4ed88 elementor-widget elementor-widget-spacer\" data-id=\"fc4ed88\" data-element_type=\"widget\" data-widget_type=\"spacer.default\">\n\t\t\t\t<div class=\"elementor-widget-container\">\n\t\t\t\t\t\t\t<div class=\"elementor-spacer\">\n\t\t\t<div class=\"elementor-spacer-inner\"><\/div>\n\t\t<\/div>\n\t\t\t\t\t\t<\/div>\n\t\t\t\t<\/div>\n\t\t\t\t<div class=\"elementor-element elementor-element-5bb9cdb elementor-widget elementor-widget-heading\" data-id=\"5bb9cdb\" data-element_type=\"widget\" data-widget_type=\"heading.default\">\n\t\t\t\t<div class=\"elementor-widget-container\">\n\t\t\t\t\t<h3 class=\"elementor-heading-title elementor-size-default\">Declara\u00e7\u00e3o aduaneira<\/h3>\t\t\t\t<\/div>\n\t\t\t\t<\/div>\n\t\t\t\t<div class=\"elementor-element elementor-element-65ec1cd elementor-widget elementor-widget-spacer\" data-id=\"65ec1cd\" data-element_type=\"widget\" data-widget_type=\"spacer.default\">\n\t\t\t\t<div class=\"elementor-widget-container\">\n\t\t\t\t\t\t\t<div class=\"elementor-spacer\">\n\t\t\t<div class=\"elementor-spacer-inner\"><\/div>\n\t\t<\/div>\n\t\t\t\t\t\t<\/div>\n\t\t\t\t<\/div>\n\t\t\t\t<div class=\"elementor-element elementor-element-1fa0065 elementor-widget elementor-widget-text-editor\" data-id=\"1fa0065\" data-element_type=\"widget\" data-widget_type=\"text-editor.default\">\n\t\t\t\t<div class=\"elementor-widget-container\">\n\t\t\t\t\t\t\t\t\t<p>Cada envio internacional \u00e9 acompanhado por uma declara\u00e7\u00e3o aduaneira pormenorizada. Embora nos esforcemos por tornar o processo descomplicado, os direitos e impostos de importa\u00e7\u00e3o variam consoante o pa\u00eds. Recomendamos que consulte a sua alf\u00e2ndega local para se informar sobre as taxas e regulamentos aplic\u00e1veis.<\/p>\t\t\t\t\t\t\t\t<\/div>\n\t\t\t\t<\/div>\n\t\t\t\t\t<\/div>\n\t\t<\/div>\n\t\t\t\t\t<\/div>\n\t\t<\/section>\n\t\t\t\t<\/div>","protected":false},"excerpt":{"rendered":"<p>Local delivery We ensure a smooth and efficient local delivery process, providing reliable shipping services within the region to get your order to you as quickly as possible. International delivery We proudly offer complimentary international shipping to most destinations. Orders are processed within 2-3 business days and shipped via DHL Express, a trusted \u201cDoor-to-Door\u201d service.&hellip;<\/p>","protected":false},"author":8,"featured_media":0,"parent":5691,"menu_order":0,"comment_status":"closed","ping_status":"closed","template":"","meta":{"footnotes":""},"class_list":["post-299","page","type-page","status-publish","hentry"],"jetpack_sharing_enabled":true,"_links":{"self":[{"href":"https:\/\/berberedesign.com\/pt\/wp-json\/wp\/v2\/pages\/299","targetHints":{"allow":["GET"]}}],"collection":[{"href":"https:\/\/berberedesign.com\/pt\/wp-json\/wp\/v2\/pages"}],"about":[{"href":"https:\/\/berberedesign.com\/pt\/wp-json\/wp\/v2\/types\/page"}],"author":[{"embeddable":true,"href":"https:\/\/berberedesign.com\/pt\/wp-json\/wp\/v2\/users\/8"}],"replies":[{"embeddable":true,"href":"https:\/\/berberedesign.com\/pt\/wp-json\/wp\/v2\/comments?post=299"}],"version-history":[{"count":3,"href":"https:\/\/berberedesign.com\/pt\/wp-json\/wp\/v2\/pages\/299\/revisions"}],"predecessor-version":[{"id":104167,"href":"https:\/\/berberedesign.com\/pt\/wp-json\/wp\/v2\/pages\/299\/revisions\/104167"}],"up":[{"embeddable":true,"href":"https:\/\/berberedesign.com\/pt\/wp-json\/wp\/v2\/pages\/5691"}],"wp:attachment":[{"href":"https:\/\/berberedesign.com\/pt\/wp-json\/wp\/v2\/media?parent=299"}],"curies":[{"name":"wp","href":"https:\/\/api.w.org\/{rel}","templated":true}]}}