{"id":14,"date":"2023-05-17T17:19:30","date_gmt":"2023-05-17T17:19:30","guid":{"rendered":"https:\/\/berberedesign.com\/?page_id=14"},"modified":"2025-02-09T16:14:29","modified_gmt":"2025-02-09T16:14:29","slug":"refund_returns","status":"publish","type":"page","link":"https:\/\/berberedesign.com\/pt\/refund_returns\/","title":{"rendered":"Pol\u00edtica de reembolso e devolu\u00e7\u00e3o"},"content":{"rendered":"<div data-elementor-type=\"wp-page\" data-elementor-id=\"14\" class=\"elementor elementor-14\" data-elementor-post-type=\"page\">\n\t\t\t\t<div class=\"elementor-element elementor-element-2ee723f7 e-flex e-con-boxed e-con e-parent\" data-id=\"2ee723f7\" data-element_type=\"container\">\n\t\t\t\t\t<div class=\"e-con-inner\">\n\t\t\t\t<div class=\"elementor-element elementor-element-23672f61 elementor-widget elementor-widget-text-editor\" data-id=\"23672f61\" data-element_type=\"widget\" data-widget_type=\"text-editor.default\">\n\t\t\t\t<div class=\"elementor-widget-container\">\n\t\t\t\t\t\t\t\t\t<p>\u00a0<\/p><p><strong>1. Devolu\u00e7\u00f5es:<\/strong><br \/>Aceitamos devolu\u00e7\u00f5es dentro de <strong>30 dias<\/strong> do recibo. Os artigos devem estar no estado original, n\u00e3o utilizados e com todas as etiquetas.<\/p><p><strong>2. Reembolsos:<\/strong><br \/>Assim que a sua devolu\u00e7\u00e3o for recebida e inspeccionada, ser\u00e1 processado um reembolso para o seu m\u00e9todo de pagamento original. Os custos de envio n\u00e3o s\u00e3o reembols\u00e1veis.<\/p><p><strong>3. Custos de envio da devolu\u00e7\u00e3o:<\/strong><br \/>Os clientes s\u00e3o respons\u00e1veis pelo pagamento dos custos de envio da devolu\u00e7\u00e3o. Recomendamos a utiliza\u00e7\u00e3o de um servi\u00e7o de transporte rastre\u00e1vel ou a aquisi\u00e7\u00e3o de um seguro de transporte para artigos de valor superior a um determinado valor, uma vez que n\u00e3o podemos garantir a rece\u00e7\u00e3o do artigo devolvido.<\/p><p><strong>4. Artigos danificados ou com defeito:<\/strong><br \/>Se receber um artigo danificado ou com defeito, contacte-nos no prazo de <strong>7 dias<\/strong> para um reembolso total ou substitui\u00e7\u00e3o.<\/p><p><strong>5. Contacte-nos:<\/strong><br \/>Para devolu\u00e7\u00f5es, trocas ou quaisquer quest\u00f5es, contacte-nos atrav\u00e9s de <a href=\"mailto:contact@berberedesign.com\">contact@berberedesign.com<\/a><\/p><div class=\"SDV7ef\">\u00a0<\/div><p>.<\/p>\t\t\t\t\t\t\t\t<\/div>\n\t\t\t\t<\/div>\n\t\t\t\t\t<\/div>\n\t\t\t\t<\/div>\n\t\t\t\t<\/div>","protected":false},"excerpt":{"rendered":"<p>\u00a0 1. Returns:We accept returns within 30 days of receipt. Items must be in original, unused condition with all tags attached. 2. Refunds:Once your return is received and inspected, a refund will be processed to your original payment method. Shipping costs are non-refundable. 3. Return Shipping Costs:Customers are responsible for paying the return shipping costs.&hellip;<\/p>","protected":false},"author":8,"featured_media":0,"parent":0,"menu_order":0,"comment_status":"closed","ping_status":"closed","template":"","meta":{"footnotes":""},"class_list":["post-14","page","type-page","status-publish","hentry"],"jetpack_sharing_enabled":true,"_links":{"self":[{"href":"https:\/\/berberedesign.com\/pt\/wp-json\/wp\/v2\/pages\/14","targetHints":{"allow":["GET"]}}],"collection":[{"href":"https:\/\/berberedesign.com\/pt\/wp-json\/wp\/v2\/pages"}],"about":[{"href":"https:\/\/berberedesign.com\/pt\/wp-json\/wp\/v2\/types\/page"}],"author":[{"embeddable":true,"href":"https:\/\/berberedesign.com\/pt\/wp-json\/wp\/v2\/users\/8"}],"replies":[{"embeddable":true,"href":"https:\/\/berberedesign.com\/pt\/wp-json\/wp\/v2\/comments?post=14"}],"version-history":[{"count":3,"href":"https:\/\/berberedesign.com\/pt\/wp-json\/wp\/v2\/pages\/14\/revisions"}],"predecessor-version":[{"id":106313,"href":"https:\/\/berberedesign.com\/pt\/wp-json\/wp\/v2\/pages\/14\/revisions\/106313"}],"wp:attachment":[{"href":"https:\/\/berberedesign.com\/pt\/wp-json\/wp\/v2\/media?parent=14"}],"curies":[{"name":"wp","href":"https:\/\/api.w.org\/{rel}","templated":true}]}}