{"id":106314,"date":"2025-02-09T16:24:38","date_gmt":"2025-02-09T16:24:38","guid":{"rendered":"https:\/\/berberedesign.com\/?page_id=106314"},"modified":"2025-02-09T16:35:23","modified_gmt":"2025-02-09T16:35:23","slug":"politica-de-privacidade","status":"publish","type":"page","link":"https:\/\/berberedesign.com\/pt\/politica-de-privacidade\/","title":{"rendered":"Pol\u00edtica de privacidade"},"content":{"rendered":"<div data-elementor-type=\"wp-page\" data-elementor-id=\"106314\" class=\"elementor elementor-106314\" data-elementor-post-type=\"page\">\n\t\t\t\t<div class=\"elementor-element elementor-element-1235968 e-flex e-con-boxed e-con e-parent\" data-id=\"1235968\" data-element_type=\"container\">\n\t\t\t\t\t<div class=\"e-con-inner\">\n\t\t\t\t<div class=\"elementor-element elementor-element-e0b7a47 elementor-widget elementor-widget-text-editor\" data-id=\"e0b7a47\" data-element_type=\"widget\" data-widget_type=\"text-editor.default\">\n\t\t\t\t<div class=\"elementor-widget-container\">\n\t\t\t\t\t\t\t\t\t<p><strong>1. Recolha de informa\u00e7\u00f5es:<\/strong><br \/>Recolhemos informa\u00e7\u00f5es pessoais, incluindo o seu nome, endere\u00e7o, e-mail e detalhes de pagamento, quando faz uma encomenda ou nos contacta.<\/p><p><strong>2. Utiliza\u00e7\u00e3o das informa\u00e7\u00f5es:<\/strong><br \/>Utilizamos as suas informa\u00e7\u00f5es para processar encomendas, prestar servi\u00e7o ao cliente e melhorar as nossas ofertas.<\/p><p><strong>3. Seguran\u00e7a dos dados:<\/strong><br \/>Implementamos medidas de seguran\u00e7a para proteger os seus dados pessoais.<\/p><p><strong>4. Partilha por terceiros:<\/strong><br \/>N\u00e3o vendemos nem alugamos as suas informa\u00e7\u00f5es pessoais. No entanto, podemos partilhar dados com prestadores de servi\u00e7os terceiros para o processamento de encomendas.<\/p><p><strong>5. Cookies:<\/strong><br \/>Utilizamos cookies para melhorar a sua experi\u00eancia de utilizador e analisar o tr\u00e1fego do site.<\/p><p><strong>6. Os seus direitos:<\/strong><br \/>Pode atualizar ou apagar as suas informa\u00e7\u00f5es contactando-nos diretamente.<\/p><p>Para mais informa\u00e7\u00f5es, contacte-nos em <a href=\"mailto:contact@berberedesign.com\"><span data-contrast=\"none\">contact@berberedesign.com<\/span><\/a>.<\/p>\t\t\t\t\t\t\t\t<\/div>\n\t\t\t\t<\/div>\n\t\t\t\t\t<\/div>\n\t\t\t\t<\/div>\n\t\t\t\t<\/div>","protected":false},"excerpt":{"rendered":"<p>1. Information Collection:We collect personal information, including your name, address, email, and payment details, when you place an order or contact us. 2. Use of Information:We use your information to process orders, provide customer service, and improve our offerings. 3. Data Security:We implement security measures to protect your personal data. 4. Third-Party Sharing:We do not&hellip;<\/p>","protected":false},"author":8,"featured_media":0,"parent":0,"menu_order":0,"comment_status":"closed","ping_status":"closed","template":"","meta":{"footnotes":""},"class_list":["post-106314","page","type-page","status-publish","hentry"],"jetpack_sharing_enabled":true,"_links":{"self":[{"href":"https:\/\/berberedesign.com\/pt\/wp-json\/wp\/v2\/pages\/106314","targetHints":{"allow":["GET"]}}],"collection":[{"href":"https:\/\/berberedesign.com\/pt\/wp-json\/wp\/v2\/pages"}],"about":[{"href":"https:\/\/berberedesign.com\/pt\/wp-json\/wp\/v2\/types\/page"}],"author":[{"embeddable":true,"href":"https:\/\/berberedesign.com\/pt\/wp-json\/wp\/v2\/users\/8"}],"replies":[{"embeddable":true,"href":"https:\/\/berberedesign.com\/pt\/wp-json\/wp\/v2\/comments?post=106314"}],"version-history":[{"count":4,"href":"https:\/\/berberedesign.com\/pt\/wp-json\/wp\/v2\/pages\/106314\/revisions"}],"predecessor-version":[{"id":106318,"href":"https:\/\/berberedesign.com\/pt\/wp-json\/wp\/v2\/pages\/106314\/revisions\/106318"}],"wp:attachment":[{"href":"https:\/\/berberedesign.com\/pt\/wp-json\/wp\/v2\/media?parent=106314"}],"curies":[{"name":"wp","href":"https:\/\/api.w.org\/{rel}","templated":true}]}}