{"id":106306,"date":"2025-02-09T16:05:10","date_gmt":"2025-02-09T16:05:10","guid":{"rendered":"https:\/\/berberedesign.com\/?page_id=106306"},"modified":"2025-02-09T16:08:12","modified_gmt":"2025-02-09T16:08:12","slug":"politica-de-pagamento","status":"publish","type":"page","link":"https:\/\/berberedesign.com\/pt\/politica-de-pagamento\/","title":{"rendered":"Pol\u00edtica de pagamento"},"content":{"rendered":"<div data-elementor-type=\"wp-page\" data-elementor-id=\"106306\" class=\"elementor elementor-106306\" data-elementor-post-type=\"page\">\n\t\t\t\t<div class=\"elementor-element elementor-element-706fe3e e-flex e-con-boxed e-con e-parent\" data-id=\"706fe3e\" data-element_type=\"container\">\n\t\t\t\t\t<div class=\"e-con-inner\">\n\t\t\t\t<div class=\"elementor-element elementor-element-c2e4997 elementor-widget elementor-widget-text-editor\" data-id=\"c2e4997\" data-element_type=\"widget\" data-widget_type=\"text-editor.default\">\n\t\t\t\t<div class=\"elementor-widget-container\">\n\t\t\t\t\t\t\t\t\t<p>\u00a0<\/p><p><strong>1. M\u00e9todos de pagamento aceites:<\/strong><br \/>Aceitamos os seguintes m\u00e9todos de pagamento:<\/p><ul><li><strong>Cart\u00f5es de cr\u00e9dito\/d\u00e9bito<\/strong>: Visa, MasterCard, American Express<\/li><li><strong>PayPal<\/strong><\/li><li><strong>Transfer\u00eancias banc\u00e1rias<\/strong> (para grandes encomendas)<\/li><li><strong>Apple Pay<\/strong> \/ <strong>Google Pay<\/strong><\/li><\/ul><p><strong>2. Moeda:<\/strong><br \/>Todas as transac\u00e7\u00f5es s\u00e3o processadas em\u00a0<strong> USD<\/strong>. Se pagar noutra moeda, o seu banco pode aplicar taxas de convers\u00e3o.<\/p><p><strong>3. Seguran\u00e7a de pagamento:<\/strong><br \/>Os seus dados de pagamento s\u00e3o encriptados e processados de forma segura atrav\u00e9s de fornecedores terceiros de confian\u00e7a. N\u00e3o armazenamos informa\u00e7\u00f5es de cart\u00e3o de cr\u00e9dito.<\/p><p><strong>4. Confirma\u00e7\u00e3o de pagamento:<\/strong><br \/>Receber\u00e1 uma mensagem de correio eletr\u00f3nico de confirma\u00e7\u00e3o da encomenda ap\u00f3s o pagamento. Se n\u00e3o o receber, verifique a sua pasta de spam ou contacte-nos.<\/p><p><strong>5. Transac\u00e7\u00f5es falhadas:<\/strong><br \/>Se o seu pagamento falhar, verifique novamente os seus dados ou tente um m\u00e9todo de pagamento diferente. Para problemas persistentes, contacte-nos atrav\u00e9s de <a href=\"mailto:contact@berberedesign.com\">contact@berberedesign.com<\/a><\/p><div class=\"SDV7ef\">\u00a0<\/div><p>.<\/p>\t\t\t\t\t\t\t\t<\/div>\n\t\t\t\t<\/div>\n\t\t\t\t\t<\/div>\n\t\t\t\t<\/div>\n\t\t\t\t<\/div>","protected":false},"excerpt":{"rendered":"<p>\u00a0 1. Accepted Payment Methods:We accept the following payment methods: Credit\/Debit Cards: Visa, MasterCard, American Express PayPal Bank Transfers (for large orders) Apple Pay \/ Google Pay 2. Currency:All transactions are processed in\u00a0 USD. If paying with another currency, your bank may apply conversion fees. 3. Payment Security:Your payment details are encrypted and processed securely&hellip;<\/p>","protected":false},"author":8,"featured_media":0,"parent":0,"menu_order":0,"comment_status":"closed","ping_status":"closed","template":"","meta":{"footnotes":""},"class_list":["post-106306","page","type-page","status-publish","hentry"],"jetpack_sharing_enabled":true,"_links":{"self":[{"href":"https:\/\/berberedesign.com\/pt\/wp-json\/wp\/v2\/pages\/106306","targetHints":{"allow":["GET"]}}],"collection":[{"href":"https:\/\/berberedesign.com\/pt\/wp-json\/wp\/v2\/pages"}],"about":[{"href":"https:\/\/berberedesign.com\/pt\/wp-json\/wp\/v2\/types\/page"}],"author":[{"embeddable":true,"href":"https:\/\/berberedesign.com\/pt\/wp-json\/wp\/v2\/users\/8"}],"replies":[{"embeddable":true,"href":"https:\/\/berberedesign.com\/pt\/wp-json\/wp\/v2\/comments?post=106306"}],"version-history":[{"count":4,"href":"https:\/\/berberedesign.com\/pt\/wp-json\/wp\/v2\/pages\/106306\/revisions"}],"predecessor-version":[{"id":106310,"href":"https:\/\/berberedesign.com\/pt\/wp-json\/wp\/v2\/pages\/106306\/revisions\/106310"}],"wp:attachment":[{"href":"https:\/\/berberedesign.com\/pt\/wp-json\/wp\/v2\/media?parent=106306"}],"curies":[{"name":"wp","href":"https:\/\/api.w.org\/{rel}","templated":true}]}}