{"id":106301,"date":"2025-02-09T16:01:38","date_gmt":"2025-02-09T16:01:38","guid":{"rendered":"https:\/\/berberedesign.com\/?page_id=106301"},"modified":"2025-02-09T16:03:12","modified_gmt":"2025-02-09T16:03:12","slug":"politica-de-expedicao-2","status":"publish","type":"page","link":"https:\/\/berberedesign.com\/pt\/politica-de-expedicao-2\/","title":{"rendered":"Pol\u00edtica de envio"},"content":{"rendered":"<div data-elementor-type=\"wp-page\" data-elementor-id=\"106301\" class=\"elementor elementor-106301\" data-elementor-post-type=\"page\">\n\t\t\t\t<div class=\"elementor-element elementor-element-86feb4d e-flex e-con-boxed e-con e-parent\" data-id=\"86feb4d\" data-element_type=\"container\">\n\t\t\t\t\t<div class=\"e-con-inner\">\n\t\t\t\t<div class=\"elementor-element elementor-element-2414cbd elementor-widget elementor-widget-text-editor\" data-id=\"2414cbd\" data-element_type=\"widget\" data-widget_type=\"text-editor.default\">\n\t\t\t\t<div class=\"elementor-widget-container\">\n\t\t\t\t\t\t\t\t\t<p>\u00a0<\/p><p><strong>1. Destinos de envio:<\/strong><br \/>Temos orgulho em enviar os nossos tapetes berberes artesanais e artigos de decora\u00e7\u00e3o para casa para todo o mundo. Tenha em aten\u00e7\u00e3o que os prazos de entrega podem variar consoante a sua localiza\u00e7\u00e3o.<\/p><p><strong>2. Tempo de processamento:<\/strong><br \/>Todas as encomendas s\u00e3o processadas no prazo de <strong>1-3 dias \u00fateis<\/strong>. Os artigos personalizados ou feitos por encomenda podem exigir um prazo adicional, que ser\u00e1 especificado na p\u00e1gina do produto.<\/p><p><strong>3. Prazos e custos de envio:<\/strong><\/p><ul><li><strong>Envio internacional:<\/strong> 7-14 dias \u00fateis, consoante a sua localiza\u00e7\u00e3o.<\/li><li><strong>Custos de envio:<\/strong> envio gratuito.<\/li><\/ul><p><strong>4. Alf\u00e2ndegas, direitos e impostos:<\/strong><br \/>As encomendas internacionais podem estar sujeitas a direitos aduaneiros ou impostos, que s\u00e3o da responsabilidade do cliente. Para mais informa\u00e7\u00f5es, consulte os regulamentos locais.<\/p><p><strong>5. Seguimento da encomenda:<\/strong><br \/>Quando a sua encomenda for enviada, receber\u00e1 um e-mail de confirma\u00e7\u00e3o com um n\u00famero de seguimento. Pode acompanhar o seu envio atrav\u00e9s do nosso s\u00edtio Web ou do portal da transportadora.<\/p><p><strong>6. Atrasos no envio:<\/strong><br \/>Embora nos esforcemos por cumprir os prazos de entrega, podem ocorrer atrasos devido ao desalfandegamento, feriados ou circunst\u00e2ncias imprevistas. Agradecemos a sua compreens\u00e3o.<\/p><p><strong>7. Pacotes perdidos ou danificados:<\/strong><br \/>Se a sua encomenda chegar danificada ou n\u00e3o chegar dentro do prazo previsto, contacte-nos atrav\u00e9s de <a href=\"mailto:contact@berberedesign.com\">contact@berberedesign.com<\/a> dentro de <strong>7 dias<\/strong> da data de entrega prevista.<\/p><p><strong>8. Contacte-nos:<\/strong><br \/>Para quaisquer quest\u00f5es relacionadas com a expedi\u00e7\u00e3o, contacte-nos atrav\u00e9s de <a href=\"mailto:contact@berberedesign.com\"><strong>contact@berberedesign.com<\/strong><\/a>.<\/p>\t\t\t\t\t\t\t\t<\/div>\n\t\t\t\t<\/div>\n\t\t\t\t\t<\/div>\n\t\t\t\t<\/div>\n\t\t\t\t<\/div>","protected":false},"excerpt":{"rendered":"<p>\u00a0 1. Shipping Destinations:We proudly ship our handcrafted Berber rugs and home d\u00e9cor items worldwide. Please note that delivery times may vary based on your location. 2. Processing Time:All orders are processed within 1-3 business days. Custom or made-to-order items may require additional time, which will be specified on the product page. 3. Shipping Times&hellip;<\/p>","protected":false},"author":8,"featured_media":0,"parent":0,"menu_order":0,"comment_status":"closed","ping_status":"closed","template":"","meta":{"footnotes":""},"class_list":["post-106301","page","type-page","status-publish","hentry"],"jetpack_sharing_enabled":true,"_links":{"self":[{"href":"https:\/\/berberedesign.com\/pt\/wp-json\/wp\/v2\/pages\/106301","targetHints":{"allow":["GET"]}}],"collection":[{"href":"https:\/\/berberedesign.com\/pt\/wp-json\/wp\/v2\/pages"}],"about":[{"href":"https:\/\/berberedesign.com\/pt\/wp-json\/wp\/v2\/types\/page"}],"author":[{"embeddable":true,"href":"https:\/\/berberedesign.com\/pt\/wp-json\/wp\/v2\/users\/8"}],"replies":[{"embeddable":true,"href":"https:\/\/berberedesign.com\/pt\/wp-json\/wp\/v2\/comments?post=106301"}],"version-history":[{"count":5,"href":"https:\/\/berberedesign.com\/pt\/wp-json\/wp\/v2\/pages\/106301\/revisions"}],"predecessor-version":[{"id":107187,"href":"https:\/\/berberedesign.com\/pt\/wp-json\/wp\/v2\/pages\/106301\/revisions\/107187"}],"wp:attachment":[{"href":"https:\/\/berberedesign.com\/pt\/wp-json\/wp\/v2\/media?parent=106301"}],"curies":[{"name":"wp","href":"https:\/\/api.w.org\/{rel}","templated":true}]}}