{"id":100667,"date":"2023-06-08T19:10:09","date_gmt":"2023-06-08T19:10:09","guid":{"rendered":"https:\/\/berberedesign.com\/?page_id=100667"},"modified":"2025-02-09T16:43:11","modified_gmt":"2025-02-09T16:43:11","slug":"termos-e-condicoes","status":"publish","type":"page","link":"https:\/\/berberedesign.com\/pt\/termos-e-condicoes\/","title":{"rendered":"Termos e condi\u00e7\u00f5es"},"content":{"rendered":"<div data-elementor-type=\"wp-page\" data-elementor-id=\"100667\" class=\"elementor elementor-100667\" data-elementor-post-type=\"page\">\n\t\t\t\t<div class=\"elementor-element elementor-element-6c039020 e-flex e-con-boxed e-con e-parent\" data-id=\"6c039020\" data-element_type=\"container\">\n\t\t\t\t\t<div class=\"e-con-inner\">\n\t\t\t\t<div class=\"elementor-element elementor-element-1594eaf elementor-widget elementor-widget-text-editor\" data-id=\"1594eaf\" data-element_type=\"widget\" data-widget_type=\"text-editor.default\">\n\t\t\t\t<div class=\"elementor-widget-container\">\n\t\t\t\t\t\t\t\t\t<p><strong>1. Informa\u00e7\u00f5es de car\u00e1cter geral:<\/strong><br \/>Utilizando <strong><a href=\"https:\/\/berberedesign.com\/pt\/\" target=\"_new\" rel=\"noopener\">www.berberedesign.com<\/a><\/strong>, o utilizador aceita estas condi\u00e7\u00f5es. Big M Solutions, localizada em <strong>1111B S Governors Ave STE 7173, Dover, DE 19904<\/strong>reserva-se o direito de alterar estas condi\u00e7\u00f5es em qualquer altura sem aviso pr\u00e9vio.<\/p><p><strong>2. Encomendas e pagamentos:<\/strong><br \/>Aceitamos v\u00e1rios m\u00e9todos de pagamento, incluindo cart\u00f5es de cr\u00e9dito e PayPal. Todas as encomendas est\u00e3o sujeitas a aceita\u00e7\u00e3o e disponibilidade.<\/p><p><strong>3. Expedi\u00e7\u00e3o:<\/strong><br \/>As taxas de envio s\u00e3o calculadas no checkout. Os clientes internacionais podem estar sujeitos a direitos aduaneiros e impostos.<\/p><p><strong>4. Devolu\u00e7\u00f5es e reembolsos:<\/strong><br \/>Consulte a nossa <strong><a href=\"https:\/\/berberedesign.com\/pt\/refund_returns\/\">Reembolso e devolu\u00e7\u00f5es<\/a> Pol\u00edtica<\/strong> para obter informa\u00e7\u00f5es sobre devolu\u00e7\u00f5es.<\/p><p><strong>5. Limita\u00e7\u00e3o da responsabilidade:<\/strong><br \/>A Big M Solutions n\u00e3o \u00e9 respons\u00e1vel por quaisquer danos que possam resultar da utiliza\u00e7\u00e3o deste s\u00edtio ou dos produtos adquiridos.<\/p><p><strong>6. Pol\u00edtica de privacidade:<\/strong><br \/>Respeitamos a sua privacidade. Por favor, reveja a nossa <a href=\"https:\/\/berberedesign.com\/pt\/politica-de-privacidade\/\"><strong>Pol\u00edtica de privacidade<\/strong><\/a> para mais informa\u00e7\u00f5es sobre a forma como recolhemos e tratamos os seus dados.<\/p>\t\t\t\t\t\t\t\t<\/div>\n\t\t\t\t<\/div>\n\t\t\t\t\t<\/div>\n\t\t\t\t<\/div>\n\t\t\t\t<\/div>","protected":false},"excerpt":{"rendered":"<p>1. General Information:By using www.berberedesign.com, you agree to these terms. Big M Solutions, located at 1111B S Governors Ave STE 7173, Dover, DE 19904, reserves the right to change these terms at any time without prior notice. 2. Orders and Payments:We accept various payment methods, including credit cards and PayPal. All orders are subject to&hellip;<\/p>","protected":false},"author":8,"featured_media":0,"parent":0,"menu_order":0,"comment_status":"closed","ping_status":"closed","template":"","meta":{"footnotes":""},"class_list":["post-100667","page","type-page","status-publish","hentry"],"jetpack_sharing_enabled":true,"_links":{"self":[{"href":"https:\/\/berberedesign.com\/pt\/wp-json\/wp\/v2\/pages\/100667","targetHints":{"allow":["GET"]}}],"collection":[{"href":"https:\/\/berberedesign.com\/pt\/wp-json\/wp\/v2\/pages"}],"about":[{"href":"https:\/\/berberedesign.com\/pt\/wp-json\/wp\/v2\/types\/page"}],"author":[{"embeddable":true,"href":"https:\/\/berberedesign.com\/pt\/wp-json\/wp\/v2\/users\/8"}],"replies":[{"embeddable":true,"href":"https:\/\/berberedesign.com\/pt\/wp-json\/wp\/v2\/comments?post=100667"}],"version-history":[{"count":6,"href":"https:\/\/berberedesign.com\/pt\/wp-json\/wp\/v2\/pages\/100667\/revisions"}],"predecessor-version":[{"id":106325,"href":"https:\/\/berberedesign.com\/pt\/wp-json\/wp\/v2\/pages\/100667\/revisions\/106325"}],"wp:attachment":[{"href":"https:\/\/berberedesign.com\/pt\/wp-json\/wp\/v2\/media?parent=100667"}],"curies":[{"name":"wp","href":"https:\/\/api.w.org\/{rel}","templated":true}]}}