{"id":99022,"date":"2021-07-15T09:39:57","date_gmt":"2021-07-15T09:39:57","guid":{"rendered":"https:\/\/divifurnitureshop.divifixer.com\/?post_type=product&#038;p=178"},"modified":"2025-03-24T10:08:01","modified_gmt":"2025-03-24T10:08:01","slug":"tappeto-kilim-berbero-marocchino","status":"publish","type":"product","link":"https:\/\/berberedesign.com\/it\/tappeto-kilim-berbero-marocchino\/","title":{"rendered":"Accattivante tappeto kilim berbero marocchino"},"content":{"rendered":"<p>Immergetevi nel ricco patrimonio culturale del Marocco con il nostro raffinato tappeto berbero Kilim. Tessuto a mano da abili artigiani, questo tappeto mette in mostra la bellezza senza tempo dell'artigianato berbero. Ogni dettaglio intricato racconta una storia, riflettendo le tradizioni e la storia del popolo berbero. I colori vivaci e i motivi geometrici catturano senza sforzo l'essenza del design marocchino, aggiungendo un tocco di eleganza esotica a qualsiasi spazio.<\/p>\n<p>Realizzato in lana di alta qualit\u00e0, il nostro tappeto berbero marocchino non \u00e8 solo di grande impatto visivo, ma anche resistente e duraturo. \u00c8 stato progettato per resistere all'uso quotidiano e al traffico pedonale mantenendo la sua morbidezza e consistenza. Collocato in un soggiorno, in una camera da letto o in un corridoio, questo tappeto funge da accattivante punto focale, creando un'atmosfera calda e invitante. Il suo stile versatile si adatta a un'ampia gamma di estetiche d'interni, da quelle moderne e minimaliste a quelle boh\u00e9mien ed eclettiche.<\/p>\n<p><img fetchpriority=\"high\" decoding=\"async\" class=\"aligncenter wp-image-101241 size-large\" src=\"https:\/\/berberedesign.com\/wp-content\/uploads\/2021\/07\/kilim-Berber-Moroccan-Rug-1024x683.webp\" alt=\"Tappeto kilim berbero marocchino\" width=\"1024\" height=\"683\" title=\"\" srcset=\"https:\/\/berberedesign.com\/wp-content\/uploads\/2021\/07\/kilim-Berber-Moroccan-Rug-1024x683.webp 1024w, https:\/\/berberedesign.com\/wp-content\/uploads\/2021\/07\/kilim-Berber-Moroccan-Rug-300x200.webp 300w, https:\/\/berberedesign.com\/wp-content\/uploads\/2021\/07\/kilim-Berber-Moroccan-Rug-768x512.webp 768w, https:\/\/berberedesign.com\/wp-content\/uploads\/2021\/07\/kilim-Berber-Moroccan-Rug-18x12.webp 18w, https:\/\/berberedesign.com\/wp-content\/uploads\/2021\/07\/kilim-Berber-Moroccan-Rug-1064x710.webp 1064w, https:\/\/berberedesign.com\/wp-content\/uploads\/2021\/07\/kilim-Berber-Moroccan-Rug-20x13.webp 20w, https:\/\/berberedesign.com\/wp-content\/uploads\/2021\/07\/kilim-Berber-Moroccan-Rug-64x43.webp 64w, https:\/\/berberedesign.com\/wp-content\/uploads\/2021\/07\/kilim-Berber-Moroccan-Rug-1080x721.webp 1080w, https:\/\/berberedesign.com\/wp-content\/uploads\/2021\/07\/kilim-Berber-Moroccan-Rug-980x654.webp 980w, https:\/\/berberedesign.com\/wp-content\/uploads\/2021\/07\/kilim-Berber-Moroccan-Rug-480x320.webp 480w, https:\/\/berberedesign.com\/wp-content\/uploads\/2021\/07\/kilim-Berber-Moroccan-Rug.webp 1280w\" sizes=\"(max-width: 1024px) 100vw, 1024px\"><\/p>\n<p>Lasciatevi sedurre dal fascino del tappeto berbero marocchino ed elevate l'arredamento della vostra casa con la sua bellezza senza tempo e il suo significato culturale. Provate il comfort e la maestria di questo pezzo straordinario, che porta un tocco di tappeto marocchino berbero nel vostro spazio vitale.<\/p>\n<h3><strong>Informazioni aggiuntive:\u00a0<\/strong><\/h3>\n<p>Tipo di prodotto: Tappeto fatto a mano<\/p>\n<p>Materiale: Lana<\/p>\n<p>Composizione: Lana 100%<\/p>\n<p>Stile: Beni Ourain<\/p>\n<p>Colore: bianco, marrone e verde<\/p>\n<p>Dimensioni: 3,28 x 5,41 ft \/ 100\u00d7165 cm<\/p>\n<p>Nota: poich\u00e9 ogni tappeto \u00e8 tessuto a mano, potrebbero esserci leggere variazioni nelle dimensioni e nel peso, che contribuiscono all'unicit\u00e0 e al carattere del prodotto.<\/p>\n<p>Se avete bisogno di peso e dimensioni specifiche per un particolare tappeto kilim berbero marocchino, vi prego di fornirmi la misura o il modello desiderato e sar\u00f2 lieto di assistervi ulteriormente.<\/p>\n<p>&nbsp;<\/p>","protected":false},"excerpt":{"rendered":"<p>Elevate il vostro arredamento con il nostro tappeto berbero marocchino Kilim, una straordinaria miscela di arte tradizionale e stile contemporaneo.<\/p>","protected":false},"featured_media":102528,"comment_status":"open","ping_status":"closed","template":"","meta":[],"product_brand":[],"product_cat":[234,195,232,190,319,236,318],"product_tag":[],"class_list":{"0":"post-99022","1":"product","2":"type-product","3":"status-publish","4":"has-post-thumbnail","6":"product_cat-best-sellers","7":"product_cat-kilim-rugs","8":"product_cat-new-arrivals","9":"product_cat-rugs","10":"product_cat-rugs-wool-handcrafted-benches","11":"product_cat-sale-items","12":"product_cat-wool","13":"product_shipping_class-free","14":"description-off","16":"first","17":"instock","18":"shipping-taxable","19":"purchasable","20":"product-type-simple"},"jetpack_sharing_enabled":true,"_links":{"self":[{"href":"https:\/\/berberedesign.com\/it\/wp-json\/wp\/v2\/product\/99022","targetHints":{"allow":["GET"]}}],"collection":[{"href":"https:\/\/berberedesign.com\/it\/wp-json\/wp\/v2\/product"}],"about":[{"href":"https:\/\/berberedesign.com\/it\/wp-json\/wp\/v2\/types\/product"}],"replies":[{"embeddable":true,"href":"https:\/\/berberedesign.com\/it\/wp-json\/wp\/v2\/comments?post=99022"}],"version-history":[{"count":1,"href":"https:\/\/berberedesign.com\/it\/wp-json\/wp\/v2\/product\/99022\/revisions"}],"predecessor-version":[{"id":105325,"href":"https:\/\/berberedesign.com\/it\/wp-json\/wp\/v2\/product\/99022\/revisions\/105325"}],"wp:featuredmedia":[{"embeddable":true,"href":"https:\/\/berberedesign.com\/it\/wp-json\/wp\/v2\/media\/102528"}],"wp:attachment":[{"href":"https:\/\/berberedesign.com\/it\/wp-json\/wp\/v2\/media?parent=99022"}],"wp:term":[{"taxonomy":"product_brand","embeddable":true,"href":"https:\/\/berberedesign.com\/it\/wp-json\/wp\/v2\/product_brand?post=99022"},{"taxonomy":"product_cat","embeddable":true,"href":"https:\/\/berberedesign.com\/it\/wp-json\/wp\/v2\/product_cat?post=99022"},{"taxonomy":"product_tag","embeddable":true,"href":"https:\/\/berberedesign.com\/it\/wp-json\/wp\/v2\/product_tag?post=99022"}],"curies":[{"name":"wp","href":"https:\/\/api.w.org\/{rel}","templated":true}]}}