{"id":93993,"date":"2021-07-15T09:39:57","date_gmt":"2021-07-15T09:39:57","guid":{"rendered":"https:\/\/divifurnitureshop.divifixer.com\/?post_type=product&#038;p=187"},"modified":"2026-03-28T03:48:26","modified_gmt":"2026-03-28T03:48:26","slug":"cuscino-in-seta-con-cactus-marocchino-copertura-arancione","status":"publish","type":"product","link":"https:\/\/berberedesign.com\/it\/cuscino-in-seta-con-cactus-marocchino-copertura-arancione\/","title":{"rendered":"Cuscino di seta marocchino Cactus Copertura arancione"},"content":{"rendered":"<h1>Cercate un modo per aggiungere un tocco di colore al vostro spazio vitale?<\/h1>\n<p>Considerate il <strong>Cuscino di seta marocchino Cactus Copertura arancione<\/strong> che \u00e8 attualmente in vendita. Realizzato in <strong>seta di cactus di alta qualit\u00e0<\/strong>Questo copricuscino presenta disegni e motivi intricati ispirati alla tradizione. <strong>Arredamento marocchino<\/strong>. La vibrante tonalit\u00e0 arancione \u00e8 in grado di creare una dichiarazione audace in qualsiasi stanza. Questo copricuscino non solo \u00e8 elegante, ma \u00e8 anche funzionale e confortevole, il che lo rende un'ottima aggiunta a qualsiasi divano, sedia o letto. Insieme al <strong>Cuscino di seta marocchino Cactus Copertura arancione<\/strong>Sono disponibili molte altre opzioni per i cuscini marocchini che possono migliorare l'arredamento della vostra casa.<\/p>\n<p><img fetchpriority=\"high\" decoding=\"async\" class=\"aligncenter wp-image-100780 size-large\" src=\"https:\/\/berberedesign.com\/wp-content\/uploads\/2021\/07\/background-1280_854-1-1024x683.jpg\" alt=\"Copricuscino in seta con cactus marocchino arancione amazon\" width=\"1024\" height=\"683\" title=\"\" srcset=\"https:\/\/berberedesign.com\/wp-content\/uploads\/2021\/07\/background-1280_854-1-1024x683.jpg 1024w, https:\/\/berberedesign.com\/wp-content\/uploads\/2021\/07\/background-1280_854-1-300x200.jpg 300w, https:\/\/berberedesign.com\/wp-content\/uploads\/2021\/07\/background-1280_854-1-768x512.jpg 768w, https:\/\/berberedesign.com\/wp-content\/uploads\/2021\/07\/background-1280_854-1-1536x1025.jpg 1536w, https:\/\/berberedesign.com\/wp-content\/uploads\/2021\/07\/background-1280_854-1-18x12.jpg 18w, https:\/\/berberedesign.com\/wp-content\/uploads\/2021\/07\/background-1280_854-1-1064x710.jpg 1064w, https:\/\/berberedesign.com\/wp-content\/uploads\/2021\/07\/background-1280_854-1-20x13.jpg 20w, https:\/\/berberedesign.com\/wp-content\/uploads\/2021\/07\/background-1280_854-1-64x43.jpg 64w, https:\/\/berberedesign.com\/wp-content\/uploads\/2021\/07\/background-1280_854-1-1080x721.jpg 1080w, https:\/\/berberedesign.com\/wp-content\/uploads\/2021\/07\/background-1280_854-1-1280x854.jpg 1280w, https:\/\/berberedesign.com\/wp-content\/uploads\/2021\/07\/background-1280_854-1-980x654.jpg 980w, https:\/\/berberedesign.com\/wp-content\/uploads\/2021\/07\/background-1280_854-1-480x320.jpg 480w, https:\/\/berberedesign.com\/wp-content\/uploads\/2021\/07\/background-1280_854-1.jpg 1920w\" sizes=\"(max-width: 1024px) 100vw, 1024px\"><\/p>\n<p>disponibili in una gamma di colori e dimensioni che si adattano a qualsiasi arredamento. Il modello pi\u00f9 piccolo <strong>45 x 45 cm<\/strong> \u00e8 ideale per gli spazi d'accento in cui si desidera aggiungere un tocco di colore. Concedetevi la sensazione di lusso della seta di cactus con il nostro cuscino lombare, disponibile in una sorprendente tonalit\u00e0 arancione. Approfittate dei nostri saldi sul cuscino lombare in seta di cactus, oppure acquistate un duplicato del famoso cuscino <strong>Cuscino di seta marocchino Cactus Copertura arancione<\/strong>\u00a0oggi.<\/p>\n<p>&nbsp;<\/p>","protected":false},"excerpt":{"rendered":"<p>Scoprite il fascino vibrante ed esotico del nostro cuscino lombare in seta di cactus. Questa splendida aggiunta all'arredamento della vostra casa \u00e8 caratterizzata da un'accattivante fodera arancione in seta di cactus marocchino, attualmente in vendita. Non perdete l'occasione di aggiungere questo pezzo unico e bellissimo alla vostra collezione.<\/p>","protected":false},"featured_media":100783,"comment_status":"open","ping_status":"closed","template":"","meta":[],"product_brand":[],"product_cat":[234,198,197,199,232,196,200,236,201],"product_tag":[138,136,135,137],"class_list":{"0":"post-93993","1":"product","2":"type-product","3":"status-publish","4":"has-post-thumbnail","6":"product_cat-best-sellers","7":"product_cat-embroidered-cushions","8":"product_cat-handwoven-berber-pillows","9":"product_cat-kilim-pillow-covers","10":"product_cat-new-arrivals","11":"product_cat-pillows-and-cushions","12":"product_cat-pom-pom-cushions","13":"product_cat-sale-items","14":"product_cat-vintage-berber-pillows","15":"product_tag-moroccan-cactus-silk","16":"product_tag-moroccan-cactus-silk-pillow-orange-cover","17":"product_tag-moroccan-cushions","18":"product_tag-range-pillow-cover","19":"product_shipping_class-free","20":"description-off","22":"first","23":"instock","24":"shipping-taxable","25":"purchasable","26":"product-type-simple"},"jetpack_sharing_enabled":true,"_links":{"self":[{"href":"https:\/\/berberedesign.com\/it\/wp-json\/wp\/v2\/product\/93993","targetHints":{"allow":["GET"]}}],"collection":[{"href":"https:\/\/berberedesign.com\/it\/wp-json\/wp\/v2\/product"}],"about":[{"href":"https:\/\/berberedesign.com\/it\/wp-json\/wp\/v2\/types\/product"}],"replies":[{"embeddable":true,"href":"https:\/\/berberedesign.com\/it\/wp-json\/wp\/v2\/comments?post=93993"}],"version-history":[{"count":0,"href":"https:\/\/berberedesign.com\/it\/wp-json\/wp\/v2\/product\/93993\/revisions"}],"wp:featuredmedia":[{"embeddable":true,"href":"https:\/\/berberedesign.com\/it\/wp-json\/wp\/v2\/media\/100783"}],"wp:attachment":[{"href":"https:\/\/berberedesign.com\/it\/wp-json\/wp\/v2\/media?parent=93993"}],"wp:term":[{"taxonomy":"product_brand","embeddable":true,"href":"https:\/\/berberedesign.com\/it\/wp-json\/wp\/v2\/product_brand?post=93993"},{"taxonomy":"product_cat","embeddable":true,"href":"https:\/\/berberedesign.com\/it\/wp-json\/wp\/v2\/product_cat?post=93993"},{"taxonomy":"product_tag","embeddable":true,"href":"https:\/\/berberedesign.com\/it\/wp-json\/wp\/v2\/product_tag?post=93993"}],"curies":[{"name":"wp","href":"https:\/\/api.w.org\/{rel}","templated":true}]}}