{"id":106241,"date":"2025-02-09T14:44:49","date_gmt":"2025-02-09T14:44:49","guid":{"rendered":"https:\/\/berberedesign.com\/handmade-moroccan-wool-rug-authentic-berber-craftsmanship\/"},"modified":"2025-02-22T22:10:07","modified_gmt":"2025-02-22T22:10:07","slug":"tappeto-in-lana-marocchina-fatto-a-mano-autentico-artigianato-berbero","status":"publish","type":"product","link":"https:\/\/berberedesign.com\/it\/tappeto-in-lana-marocchina-fatto-a-mano-autentico-artigianato-berbero\/","title":{"rendered":"Tappeto di lana marocchino fatto a mano - Autentico artigianato berbero"},"content":{"rendered":"<div style=\"text-align: center;\"><img decoding=\"async\" style=\"max-width: 100%; height: auto;\" src=\"https:\/\/berberedesign.com\/wp-content\/uploads\/2025\/02\/DSC01813-scaled.webp\" alt=\"Tappeto in lana marocchina fatto a mano\" title=\"\"><\/div>\n<h2>Tappeto in lana marocchina fatto a mano - autentico design berbero<\/h2>\n<p>Sperimentate la bellezza e l'artigianalit\u00e0 della tradizione marocchina con questo squisito tappeto in lana fatto a mano. Tessuto da abili artigiani berberi, questo tappeto presenta un design senza tempo che unisce l'eleganza al patrimonio culturale.<\/p>\n<ul>\n<li><strong>Materiale:<\/strong> 100% lana premium<\/li>\n<li><strong>Origine:<\/strong> Tessuto a mano in Marocco<\/li>\n<li><strong>Design:<\/strong> Modelli berberi tradizionali con un tocco moderno<\/li>\n<li><strong>Struttura:<\/strong> Morbido e soffice sotto i piedi<\/li>\n<li><strong>Perfetto per:<\/strong> Salotti, camere da letto o spazi accoglienti<\/li>\n<\/ul>\n<p>Aggiungete calore e carattere alla vostra casa con questo tappeto marocchino unico nel suo genere. Ogni pezzo \u00e8 unico e porta con s\u00e9 la storia e l'arte della cultura berbera.<\/p>","protected":false},"excerpt":{"rendered":"<p>Elevate il vostro spazio con questo tappeto marocchino in lana intrecciata a mano, realizzato da abili artigiani berberi. Realizzato in lana pregiata 100%, questo pezzo unico presenta motivi tradizionali che aggiungono calore e autenticit\u00e0 a qualsiasi ambiente. Perfetto per soggiorni, camere da letto o angoli accoglienti. Ogni tappeto \u00e8 unico nel suo genere e porta con s\u00e9 l'eredit\u00e0 dell'artigianato marocchino.<\/p>","protected":false},"featured_media":106242,"comment_status":"open","ping_status":"closed","template":"","meta":[],"product_brand":[],"product_cat":[15],"product_tag":[348],"class_list":{"0":"post-106241","1":"product","2":"type-product","3":"status-publish","4":"has-post-thumbnail","6":"product_cat-uncategorized","7":"product_tag-rugs","8":"description-off","10":"first","11":"instock","12":"sale","13":"shipping-taxable","14":"purchasable","15":"product-type-variable"},"jetpack_sharing_enabled":true,"_links":{"self":[{"href":"https:\/\/berberedesign.com\/it\/wp-json\/wp\/v2\/product\/106241","targetHints":{"allow":["GET"]}}],"collection":[{"href":"https:\/\/berberedesign.com\/it\/wp-json\/wp\/v2\/product"}],"about":[{"href":"https:\/\/berberedesign.com\/it\/wp-json\/wp\/v2\/types\/product"}],"replies":[{"embeddable":true,"href":"https:\/\/berberedesign.com\/it\/wp-json\/wp\/v2\/comments?post=106241"}],"version-history":[{"count":1,"href":"https:\/\/berberedesign.com\/it\/wp-json\/wp\/v2\/product\/106241\/revisions"}],"predecessor-version":[{"id":106346,"href":"https:\/\/berberedesign.com\/it\/wp-json\/wp\/v2\/product\/106241\/revisions\/106346"}],"wp:featuredmedia":[{"embeddable":true,"href":"https:\/\/berberedesign.com\/it\/wp-json\/wp\/v2\/media\/106242"}],"wp:attachment":[{"href":"https:\/\/berberedesign.com\/it\/wp-json\/wp\/v2\/media?parent=106241"}],"wp:term":[{"taxonomy":"product_brand","embeddable":true,"href":"https:\/\/berberedesign.com\/it\/wp-json\/wp\/v2\/product_brand?post=106241"},{"taxonomy":"product_cat","embeddable":true,"href":"https:\/\/berberedesign.com\/it\/wp-json\/wp\/v2\/product_cat?post=106241"},{"taxonomy":"product_tag","embeddable":true,"href":"https:\/\/berberedesign.com\/it\/wp-json\/wp\/v2\/product_tag?post=106241"}],"curies":[{"name":"wp","href":"https:\/\/api.w.org\/{rel}","templated":true}]}}