{"id":105926,"date":"2025-01-28T23:53:43","date_gmt":"2025-01-28T23:53:43","guid":{"rendered":"https:\/\/berberedesign.com\/classic-handcrafted-leather-briefcase-timeless-elegance\/"},"modified":"2025-02-22T17:23:55","modified_gmt":"2025-02-22T17:23:55","slug":"cartella-classica-in-pelle-lavorata-a-mano-eleganza-senza-tempo","status":"publish","type":"product","link":"https:\/\/berberedesign.com\/it\/cartella-classica-in-pelle-lavorata-a-mano-eleganza-senza-tempo\/","title":{"rendered":"Cartella classica in pelle lavorata a mano - Eleganza senza tempo"},"content":{"rendered":"<h2>Cartella classica in pelle lavorata a mano - Eleganza senza tempo<\/h2>\n<p>\nAggiornate il vostro guardaroba professionale con questa valigetta in pelle squisitamente artigianale. Questa valigetta \u00e8 pensata per chi apprezza la raffinatezza, la funzionalit\u00e0 e la durata dei propri accessori quotidiani. Realizzata in vera pelle di prima qualit\u00e0 100%, offre una consistenza morbida ma robusta, garantendo un uso duraturo e sviluppando una ricca patina nel tempo.\n<\/p>\n<h3>Caratteristiche principali:<\/h3>\n<ul>\n<li><strong>Design elegante:<\/strong> Uno stile senza tempo con linee pulite e una finitura in pelle liscia che eleva qualsiasi abbigliamento professionale.<\/li>\n<li><strong>Ampio spazio per lo stoccaggio:<\/strong> Include scomparti spaziosi per documenti, laptop e oggetti essenziali, oltre a tasche sicure con cerniera per gli accessori.<\/li>\n<li><strong>Hardware resistente:<\/strong> Dotato di robuste cerniere in ottone e passanti in metallo per una maggiore durata e un fascino vintage.<\/li>\n<li><strong>Comodo da trasportare:<\/strong> Presenta robusti manici in pelle per un facile trasporto e una tracolla rimovibile per una maggiore versatilit\u00e0.<\/li>\n<\/ul>\n<p>\nPerfetta per professionisti, imprenditori o studenti che cercano un mix di praticit\u00e0 ed eleganza. Che siate diretti in ufficio o a una riunione di lavoro, questa valigetta in pelle vi garantir\u00e0 un'impressione duratura.\n<\/p>\n<h3>Specifiche:<\/h3>\n<ul>\n<li>Materiale: Pelle pieno fiore di prima qualit\u00e0<\/li>\n<li>Dimensioni: 16\u2033 x 12\u2033 x 4\u2033<\/li>\n<li>Colore: marrone classico<\/li>\n<li>Tipo di chiusura: Cerniera<\/li>\n<\/ul>\n<p>\nProvate il fascino dell'autentica lavorazione della pelle con questa elegante cartella. Non \u00e8 solo una borsa, \u00e8 una dichiarazione della vostra identit\u00e0 professionale.<\/p>","protected":false},"excerpt":{"rendered":"<p>Elevate il vostro stile professionale con questa valigetta in pelle realizzata a mano, progettata per garantire funzionalit\u00e0 e raffinatezza. Realizzata in vera pelle di prima qualit\u00e0, combina un'estetica classica con un'utilit\u00e0 moderna.<\/p>","protected":false},"featured_media":105929,"comment_status":"open","ping_status":"closed","template":"","meta":[],"product_brand":[],"product_cat":[303,301],"product_tag":[349],"class_list":{"0":"post-105926","1":"product","2":"type-product","3":"status-publish","4":"has-post-thumbnail","6":"product_cat-bags","7":"product_cat-leather","8":"product_tag-chair","9":"description-off","11":"first","12":"instock","13":"sale","14":"shipping-taxable","15":"purchasable","16":"product-type-simple"},"jetpack_sharing_enabled":true,"_links":{"self":[{"href":"https:\/\/berberedesign.com\/it\/wp-json\/wp\/v2\/product\/105926","targetHints":{"allow":["GET"]}}],"collection":[{"href":"https:\/\/berberedesign.com\/it\/wp-json\/wp\/v2\/product"}],"about":[{"href":"https:\/\/berberedesign.com\/it\/wp-json\/wp\/v2\/types\/product"}],"replies":[{"embeddable":true,"href":"https:\/\/berberedesign.com\/it\/wp-json\/wp\/v2\/comments?post=105926"}],"version-history":[{"count":1,"href":"https:\/\/berberedesign.com\/it\/wp-json\/wp\/v2\/product\/105926\/revisions"}],"predecessor-version":[{"id":106090,"href":"https:\/\/berberedesign.com\/it\/wp-json\/wp\/v2\/product\/105926\/revisions\/106090"}],"wp:featuredmedia":[{"embeddable":true,"href":"https:\/\/berberedesign.com\/it\/wp-json\/wp\/v2\/media\/105929"}],"wp:attachment":[{"href":"https:\/\/berberedesign.com\/it\/wp-json\/wp\/v2\/media?parent=105926"}],"wp:term":[{"taxonomy":"product_brand","embeddable":true,"href":"https:\/\/berberedesign.com\/it\/wp-json\/wp\/v2\/product_brand?post=105926"},{"taxonomy":"product_cat","embeddable":true,"href":"https:\/\/berberedesign.com\/it\/wp-json\/wp\/v2\/product_cat?post=105926"},{"taxonomy":"product_tag","embeddable":true,"href":"https:\/\/berberedesign.com\/it\/wp-json\/wp\/v2\/product_tag?post=105926"}],"curies":[{"name":"wp","href":"https:\/\/api.w.org\/{rel}","templated":true}]}}