{"id":105572,"date":"2025-01-23T20:27:57","date_gmt":"2025-01-23T20:27:57","guid":{"rendered":"https:\/\/berberedesign.com\/handcrafted-wool-berber-chair-with-orange-accents\/"},"modified":"2025-02-22T17:24:20","modified_gmt":"2025-02-22T17:24:20","slug":"sedia-in-lana-berbera-lavorata-a-mano-con-accenti-arancioni","status":"publish","type":"product","link":"https:\/\/berberedesign.com\/it\/sedia-in-lana-berbera-lavorata-a-mano-con-accenti-arancioni\/","title":{"rendered":"Sedia berbera in lana lavorata a mano con accenti arancioni"},"content":{"rendered":"<div data-elementor-type=\"product-post\" data-elementor-id=\"105572\" class=\"elementor elementor-105572\" data-elementor-post-type=\"product\">\n\t\t\t\t<div class=\"elementor-element elementor-element-54e98484 e-flex e-con-boxed e-con e-parent\" data-id=\"54e98484\" data-element_type=\"container\">\n\t\t\t\t\t<div class=\"e-con-inner\">\n\t\t\t\t<div class=\"elementor-element elementor-element-17ef3114 elementor-widget elementor-widget-text-editor\" data-id=\"17ef3114\" data-element_type=\"widget\" data-widget_type=\"text-editor.default\">\n\t\t\t\t<div class=\"elementor-widget-container\">\n\t\t\t\t\t\t\t\t\t<div>\n<h2>Sedia berbera in lana lavorata a mano con accenti arancioni<\/h2>\n<\/div>\n<iframe title=\"Lettore video di YouTube\" src=\"https:\/\/www.youtube.com\/embed\/ZUztyg22rxc?si=NbdjbkJtZ_a_aDoF\" width=\"560\" height=\"315\" frameborder=\"0\" allowfullscreen=\"allowfullscreen\"><\/iframe>\n<div>\n\nPortate un tocco di artigianato marocchino nella vostra casa con questa squisita sedia berbera in lana realizzata a mano. Il design presenta una splendida miscela di lana naturale con caldi accenti arancioni, creando un pezzo che \u00e8 allo stesso tempo elegante e accogliente. La struttura circolare in legno aggiunge un elemento architettonico unico, rendendola un'aggiunta di spicco a qualsiasi stanza.\n<ul>\n \t<li>Rivestimento in lana intrecciata a mano per il massimo comfort e la massima durata.<\/li>\n \t<li>Esclusivi accenti arancioni per un tocco vibrante di design marocchino.<\/li>\n \t<li>Struttura in legno resistente con design circolare per un look moderno e artistico.<\/li>\n<\/ul>\nQuesta sedia \u00e8 pi\u00f9 di una semplice seduta: \u00e8 un pezzo d'arte che racconta una storia di tradizione e qualit\u00e0. Perfetta per soggiorni, angoli di lettura o come pezzo d'accento nelle camere da letto.\n\n&nbsp;\n\n<\/div>\t\t\t\t\t\t\t\t<\/div>\n\t\t\t\t<\/div>\n\t\t\t\t\t<\/div>\n\t\t\t\t<\/div>\n\t\t\t\t<\/div>","protected":false},"excerpt":{"rendered":"<p>Una splendida sedia berbera in lana realizzata a mano, con caldi accenti arancioni e una caratteristica struttura circolare in legno. Perfetta per aggiungere fascino marocchino a qualsiasi spazio.<\/p>","protected":false},"featured_media":105573,"comment_status":"open","ping_status":"closed","template":"","meta":[],"product_brand":[],"product_cat":[15,351],"product_tag":[],"class_list":{"0":"post-105572","1":"product","2":"type-product","3":"status-publish","4":"has-post-thumbnail","6":"product_cat-uncategorized","7":"product_cat-chair","9":"first","10":"instock","11":"sale","12":"shipping-taxable","13":"purchasable","14":"product-type-simple"},"jetpack_sharing_enabled":true,"_links":{"self":[{"href":"https:\/\/berberedesign.com\/it\/wp-json\/wp\/v2\/product\/105572","targetHints":{"allow":["GET"]}}],"collection":[{"href":"https:\/\/berberedesign.com\/it\/wp-json\/wp\/v2\/product"}],"about":[{"href":"https:\/\/berberedesign.com\/it\/wp-json\/wp\/v2\/types\/product"}],"replies":[{"embeddable":true,"href":"https:\/\/berberedesign.com\/it\/wp-json\/wp\/v2\/comments?post=105572"}],"version-history":[{"count":4,"href":"https:\/\/berberedesign.com\/it\/wp-json\/wp\/v2\/product\/105572\/revisions"}],"predecessor-version":[{"id":106138,"href":"https:\/\/berberedesign.com\/it\/wp-json\/wp\/v2\/product\/105572\/revisions\/106138"}],"wp:featuredmedia":[{"embeddable":true,"href":"https:\/\/berberedesign.com\/it\/wp-json\/wp\/v2\/media\/105573"}],"wp:attachment":[{"href":"https:\/\/berberedesign.com\/it\/wp-json\/wp\/v2\/media?parent=105572"}],"wp:term":[{"taxonomy":"product_brand","embeddable":true,"href":"https:\/\/berberedesign.com\/it\/wp-json\/wp\/v2\/product_brand?post=105572"},{"taxonomy":"product_cat","embeddable":true,"href":"https:\/\/berberedesign.com\/it\/wp-json\/wp\/v2\/product_cat?post=105572"},{"taxonomy":"product_tag","embeddable":true,"href":"https:\/\/berberedesign.com\/it\/wp-json\/wp\/v2\/product_tag?post=105572"}],"curies":[{"name":"wp","href":"https:\/\/api.w.org\/{rel}","templated":true}]}}