{"id":105564,"date":"2025-01-23T20:27:54","date_gmt":"2025-01-23T20:27:54","guid":{"rendered":"https:\/\/berberedesign.com\/handcrafted-moroccan-wool-accent-chair-in-earthy-orange-tones\/"},"modified":"2025-02-04T19:57:01","modified_gmt":"2025-02-04T19:57:01","slug":"sedia-daccento-in-lana-marocchina-lavorata-a-mano-nei-toni-dellarancione","status":"publish","type":"product","link":"https:\/\/berberedesign.com\/it\/sedia-daccento-in-lana-marocchina-lavorata-a-mano-nei-toni-dellarancione\/","title":{"rendered":"Sedia da salotto in lana marocchina realizzata a mano nei toni dell'arancione."},"content":{"rendered":"<div data-elementor-type=\"product-post\" data-elementor-id=\"105564\" class=\"elementor elementor-105564\" data-elementor-post-type=\"product\">\n\t\t\t\t<div class=\"elementor-element elementor-element-5c1fb922 e-flex e-con-boxed e-con e-parent\" data-id=\"5c1fb922\" data-element_type=\"container\">\n\t\t\t\t\t<div class=\"e-con-inner\">\n\t\t\t\t<div class=\"elementor-element elementor-element-bd80eba elementor-widget elementor-widget-text-editor\" data-id=\"bd80eba\" data-element_type=\"widget\" data-widget_type=\"text-editor.default\">\n\t\t\t\t<div class=\"elementor-widget-container\">\n\t\t\t\t\t\t\t\t\t<div style=\"text-align: center;\"><\/div>\nPortate a casa vostra un pezzo di artigianato marocchino con questa esclusiva sedia d'accento in lana. Accuratamente progettata con una vibrante tonalit\u00e0 arancione e sottili dettagli verdi in diagonale, questa sedia incarna il calore e la bellezza artigianale. Il rivestimento in lana non \u00e8 solo esteticamente straordinario, ma offre anche un comfort eccezionale. La robusta struttura circolare in legno aggiunge un tocco moderno e rustico, garantendo durata ed eleganza senza tempo.\n\n<iframe width=\"560\" height=\"315\" src=\"https:\/\/www.youtube.com\/embed\/svR8YBWxWYw?si=XeJiH-S-uWIocrOl\" title=\"Lettore video di YouTube\" frameborder=\"0\" allow=\"accelerometer; autoplay; clipboard-write; encrypted-media; gyroscope; picture-in-picture; web-share\" referrerpolicy=\"strict-origin-when-cross-origin\" allowfullscreen><\/iframe>&nbsp;\n\n&nbsp;\n\nDa collocare in salotto, nell'angolo lettura o in camera da letto, questa poltrona d'accento \u00e8 un pezzo forte che unisce stile, tradizione e funzionalit\u00e0. Ogni sedia \u00e8 realizzata da abili artigiani e rappresenta un'aggiunta unica al vostro arredamento.\n\nProvate il perfetto equilibrio tra tradizione e modernit\u00e0 con questa lussuosa sedia in lana marocchina!\t\t\t\t\t\t\t\t<\/div>\n\t\t\t\t<\/div>\n\t\t\t\t\t<\/div>\n\t\t\t\t<\/div>\n\t\t\t\t<\/div>","protected":false},"excerpt":{"rendered":"<p>Elevate il vostro spazio con questa sedia d'accento marocchina realizzata a mano, caratterizzata da un design in morbida e soffice lana arancione e da una robusta struttura circolare in legno. Perfetta per aggiungere calore e fascino artigianale alla vostra casa.<\/p>","protected":false},"featured_media":105565,"comment_status":"open","ping_status":"closed","template":"","meta":[],"product_brand":[],"product_cat":[15,351],"product_tag":[],"class_list":{"0":"post-105564","1":"product","2":"type-product","3":"status-publish","4":"has-post-thumbnail","6":"product_cat-uncategorized","7":"product_cat-chair","9":"first","10":"instock","11":"sale","12":"shipping-taxable","13":"purchasable","14":"product-type-simple"},"jetpack_sharing_enabled":true,"_links":{"self":[{"href":"https:\/\/berberedesign.com\/it\/wp-json\/wp\/v2\/product\/105564","targetHints":{"allow":["GET"]}}],"collection":[{"href":"https:\/\/berberedesign.com\/it\/wp-json\/wp\/v2\/product"}],"about":[{"href":"https:\/\/berberedesign.com\/it\/wp-json\/wp\/v2\/types\/product"}],"replies":[{"embeddable":true,"href":"https:\/\/berberedesign.com\/it\/wp-json\/wp\/v2\/comments?post=105564"}],"version-history":[{"count":4,"href":"https:\/\/berberedesign.com\/it\/wp-json\/wp\/v2\/product\/105564\/revisions"}],"predecessor-version":[{"id":106141,"href":"https:\/\/berberedesign.com\/it\/wp-json\/wp\/v2\/product\/105564\/revisions\/106141"}],"wp:featuredmedia":[{"embeddable":true,"href":"https:\/\/berberedesign.com\/it\/wp-json\/wp\/v2\/media\/105565"}],"wp:attachment":[{"href":"https:\/\/berberedesign.com\/it\/wp-json\/wp\/v2\/media?parent=105564"}],"wp:term":[{"taxonomy":"product_brand","embeddable":true,"href":"https:\/\/berberedesign.com\/it\/wp-json\/wp\/v2\/product_brand?post=105564"},{"taxonomy":"product_cat","embeddable":true,"href":"https:\/\/berberedesign.com\/it\/wp-json\/wp\/v2\/product_cat?post=105564"},{"taxonomy":"product_tag","embeddable":true,"href":"https:\/\/berberedesign.com\/it\/wp-json\/wp\/v2\/product_tag?post=105564"}],"curies":[{"name":"wp","href":"https:\/\/api.w.org\/{rel}","templated":true}]}}