{"id":105508,"date":"2025-01-23T20:27:40","date_gmt":"2025-01-23T20:27:40","guid":{"rendered":"https:\/\/berberedesign.com\/vibrant-orange-checkered-handmade-chair\/"},"modified":"2025-02-04T20:00:16","modified_gmt":"2025-02-04T20:00:16","slug":"sedia-a-mano-a-scacchi-arancione-vibrante","status":"publish","type":"product","link":"https:\/\/berberedesign.com\/it\/sedia-a-mano-a-scacchi-arancione-vibrante\/","title":{"rendered":"Sedia a mano a scacchi arancione vibrante"},"content":{"rendered":"<div data-elementor-type=\"product-post\" data-elementor-id=\"105508\" class=\"elementor elementor-105508\" data-elementor-post-type=\"product\">\n\t\t\t\t<div class=\"elementor-element elementor-element-1d1ffa34 e-flex e-con-boxed e-con e-parent\" data-id=\"1d1ffa34\" data-element_type=\"container\">\n\t\t\t\t\t<div class=\"e-con-inner\">\n\t\t\t\t<div class=\"elementor-element elementor-element-4761d209 elementor-widget elementor-widget-text-editor\" data-id=\"4761d209\" data-element_type=\"widget\" data-widget_type=\"text-editor.default\">\n\t\t\t\t<div class=\"elementor-widget-container\">\n\t\t\t\t\t\t\t\t\t<div>\n<h2>Sedia a mano a scacchi arancione vibrante<\/h2>\n&nbsp;\n\nQuesta splendida sedia fatta a mano presenta un audace motivo a scacchi bianchi e arancioni che conferisce energia e fascino a qualsiasi ambiente. Rivestita in morbida lana marocchina intrecciata a mano, offre un'esperienza di seduta accogliente e lussuosa.\n\nLa struttura in legno \u00e8 realizzata con legno resistente e di provenienza etica, per garantire stabilit\u00e0 e durata nel tempo. Perfetto per aggiungere un tocco di artigianalit\u00e0 al salotto, alla camera da letto o allo studio.\n<ul>\n \t<li>Realizzato a mano con autentica lana marocchina<\/li>\n \t<li>Esclusivo design a scacchi per una dichiarazione audace<\/li>\n \t<li>Struttura in legno robusta e durevole<\/li>\n \t<li>Perfetto per interni moderni, bohemien o eclettici<\/li>\n<\/ul>\n<\/div>\n<iframe title=\"Lettore video di YouTube\" src=\"https:\/\/www.youtube.com\/embed\/Ok-VWXnA5lM?si=6asMuS8lJXtkTrLL\" width=\"560\" height=\"315\" frameborder=\"0\" allowfullscreen=\"allowfullscreen\"><\/iframe>\n<div>\n\nCelebrate la maestria dell'artigianato marocchino con questo mobile unico nel suo genere. Trasformate la vostra casa in uno spazio vibrante e invitante!\n\n<\/div>\t\t\t\t\t\t\t\t<\/div>\n\t\t\t\t<\/div>\n\t\t\t\t\t<\/div>\n\t\t\t\t<\/div>\n\t\t\t\t<\/div>","protected":false},"excerpt":{"rendered":"<p>Aggiungete un tocco di colore al vostro spazio con questa vivace sedia a mano a scacchi bianchi e arancioni. Realizzata con lana marocchina di prima qualit\u00e0 e una robusta struttura in legno, \u00e8 un perfetto connubio tra comfort e stile.<\/p>","protected":false},"featured_media":105509,"comment_status":"open","ping_status":"closed","template":"","meta":[],"product_brand":[],"product_cat":[15,351],"product_tag":[],"class_list":{"0":"post-105508","1":"product","2":"type-product","3":"status-publish","4":"has-post-thumbnail","6":"product_cat-uncategorized","7":"product_cat-chair","9":"first","10":"instock","11":"sale","12":"shipping-taxable","13":"purchasable","14":"product-type-simple"},"jetpack_sharing_enabled":true,"_links":{"self":[{"href":"https:\/\/berberedesign.com\/it\/wp-json\/wp\/v2\/product\/105508","targetHints":{"allow":["GET"]}}],"collection":[{"href":"https:\/\/berberedesign.com\/it\/wp-json\/wp\/v2\/product"}],"about":[{"href":"https:\/\/berberedesign.com\/it\/wp-json\/wp\/v2\/types\/product"}],"replies":[{"embeddable":true,"href":"https:\/\/berberedesign.com\/it\/wp-json\/wp\/v2\/comments?post=105508"}],"version-history":[{"count":4,"href":"https:\/\/berberedesign.com\/it\/wp-json\/wp\/v2\/product\/105508\/revisions"}],"predecessor-version":[{"id":106149,"href":"https:\/\/berberedesign.com\/it\/wp-json\/wp\/v2\/product\/105508\/revisions\/106149"}],"wp:featuredmedia":[{"embeddable":true,"href":"https:\/\/berberedesign.com\/it\/wp-json\/wp\/v2\/media\/105509"}],"wp:attachment":[{"href":"https:\/\/berberedesign.com\/it\/wp-json\/wp\/v2\/media?parent=105508"}],"wp:term":[{"taxonomy":"product_brand","embeddable":true,"href":"https:\/\/berberedesign.com\/it\/wp-json\/wp\/v2\/product_brand?post=105508"},{"taxonomy":"product_cat","embeddable":true,"href":"https:\/\/berberedesign.com\/it\/wp-json\/wp\/v2\/product_cat?post=105508"},{"taxonomy":"product_tag","embeddable":true,"href":"https:\/\/berberedesign.com\/it\/wp-json\/wp\/v2\/product_tag?post=105508"}],"curies":[{"name":"wp","href":"https:\/\/api.w.org\/{rel}","templated":true}]}}