{"id":104199,"date":"2025-01-04T18:23:51","date_gmt":"2025-01-04T18:23:51","guid":{"rendered":"https:\/\/berberedesign.com\/?post_type=product&#038;p=104199"},"modified":"2025-07-22T01:20:34","modified_gmt":"2025-07-22T01:20:34","slug":"zaino-in-pelle-marocchina-lavorato-a-mano-elegante-e-resistente-compagno-di-viaggio","status":"publish","type":"product","link":"https:\/\/berberedesign.com\/it\/zaino-in-pelle-marocchina-lavorato-a-mano-elegante-e-resistente-compagno-di-viaggio\/","title":{"rendered":"Zaino in pelle marocchina lavorato a mano - Compagno di viaggio elegante e resistente"},"content":{"rendered":"<p>Elevate il vostro stile con questo zaino in pelle marocchina squisitamente artigianale. Progettato per la funzionalit\u00e0 e l'eleganza, questo zaino \u00e8 realizzato in pelle pieno fiore di prima qualit\u00e0, per garantire una lunga durata e una finitura ricca e naturale che migliora solo con l'et\u00e0.<\/p>\n<ul>\n<li><strong>Artigianato:<\/strong> Realizzato a mano da abili artigiani marocchini, ogni pezzo \u00e8 unico e curato nei minimi dettagli.<\/li>\n<li><strong>Design spazioso:<\/strong> Dispone di un ampio scomparto principale con chiusura a rotolo sicura, ideale per trasportare oggetti essenziali come laptop, libri o attrezzatura da viaggio.<\/li>\n<li><strong>Comfort regolabile:<\/strong> \u00c8 dotato di cinghie imbottite e regolabili per una vestibilit\u00e0 confortevole durante gli spostamenti quotidiani o le avventure.<\/li>\n<li><strong>Un fascino senza tempo:<\/strong> Il design classico e la calda tonalit\u00e0 della pelle fanno di questa borsa un accessorio versatile che si adatta a qualsiasi abbigliamento.<\/li>\n<\/ul>\n<p>Perfetto per il lavoro, per i viaggi o per le gite informali, questo zaino in pelle \u00e8 un pezzo forte per chi apprezza la qualit\u00e0, la sostenibilit\u00e0 e l'artigianato tradizionale. Regalatelo a voi stessi o a una persona speciale.<\/p>","protected":false},"excerpt":{"rendered":"<p>Provate l'eleganza dell'artigianato marocchino con questo zaino in pelle di prima qualit\u00e0. Perfetto per i viaggi, il lavoro o l'uso quotidiano, combina durata e stile senza tempo.<\/p>","protected":false},"featured_media":104190,"comment_status":"open","ping_status":"closed","template":"","meta":[],"product_brand":[],"product_cat":[301,303],"product_tag":[],"class_list":{"0":"post-104199","1":"product","2":"type-product","3":"status-publish","4":"has-post-thumbnail","6":"product_cat-leather","7":"product_cat-bags","8":"description-off","10":"first","11":"instock","12":"sale","13":"shipping-taxable","14":"purchasable","15":"product-type-simple"},"jetpack_sharing_enabled":true,"_links":{"self":[{"href":"https:\/\/berberedesign.com\/it\/wp-json\/wp\/v2\/product\/104199","targetHints":{"allow":["GET"]}}],"collection":[{"href":"https:\/\/berberedesign.com\/it\/wp-json\/wp\/v2\/product"}],"about":[{"href":"https:\/\/berberedesign.com\/it\/wp-json\/wp\/v2\/types\/product"}],"replies":[{"embeddable":true,"href":"https:\/\/berberedesign.com\/it\/wp-json\/wp\/v2\/comments?post=104199"}],"version-history":[{"count":2,"href":"https:\/\/berberedesign.com\/it\/wp-json\/wp\/v2\/product\/104199\/revisions"}],"predecessor-version":[{"id":104513,"href":"https:\/\/berberedesign.com\/it\/wp-json\/wp\/v2\/product\/104199\/revisions\/104513"}],"wp:featuredmedia":[{"embeddable":true,"href":"https:\/\/berberedesign.com\/it\/wp-json\/wp\/v2\/media\/104190"}],"wp:attachment":[{"href":"https:\/\/berberedesign.com\/it\/wp-json\/wp\/v2\/media?parent=104199"}],"wp:term":[{"taxonomy":"product_brand","embeddable":true,"href":"https:\/\/berberedesign.com\/it\/wp-json\/wp\/v2\/product_brand?post=104199"},{"taxonomy":"product_cat","embeddable":true,"href":"https:\/\/berberedesign.com\/it\/wp-json\/wp\/v2\/product_cat?post=104199"},{"taxonomy":"product_tag","embeddable":true,"href":"https:\/\/berberedesign.com\/it\/wp-json\/wp\/v2\/product_tag?post=104199"}],"curies":[{"name":"wp","href":"https:\/\/api.w.org\/{rel}","templated":true}]}}