{"id":102502,"date":"2024-10-21T19:05:44","date_gmt":"2024-10-21T19:05:44","guid":{"rendered":"https:\/\/berberedesign.com\/full-white-leather-pouf-elegant-versatility-for-your-home\/"},"modified":"2025-02-28T16:43:32","modified_gmt":"2025-02-28T16:43:32","slug":"pouf-in-pelle-bianco-pieno-elegante-versatilita-per-la-vostra-casa","status":"publish","type":"product","link":"https:\/\/berberedesign.com\/it\/pouf-in-pelle-bianco-pieno-elegante-versatilita-per-la-vostra-casa\/","title":{"rendered":"Pouf in pelle bianca: elegante versatilit\u00e0 per la casa"},"content":{"rendered":"<div data-elementor-type=\"product-post\" data-elementor-id=\"102502\" class=\"elementor elementor-102502\" data-elementor-post-type=\"product\">\n\t\t\t\t<div class=\"elementor-element elementor-element-15ef188 e-flex e-con-boxed e-con e-parent\" data-id=\"15ef188\" data-element_type=\"container\">\n\t\t\t\t\t<div class=\"e-con-inner\">\n\t\t\t\t<div class=\"elementor-element elementor-element-4998f51 elementor-widget elementor-widget-text-editor\" data-id=\"4998f51\" data-element_type=\"widget\" data-widget_type=\"text-editor.default\">\n\t\t\t\t<div class=\"elementor-widget-container\">\n\t\t\t\t\t\t\t\t\t<p>Trasformate il vostro spazio abitativo con il nostro raffinato pouf in pelle bianca, progettato per aggiungere un tocco di eleganza e versatilit\u00e0 a qualsiasi ambiente. Realizzato in pelle resistente e di alta qualit\u00e0, questo pouf non \u00e8 solo un elegante pezzo d'accento, ma ha anche molteplici funzioni: perfetto come seduta aggiuntiva, come accogliente poggiapiedi o come elemento decorativo chic.<\/p><p>Caratteristiche principali:<\/p><p>- Qualit\u00e0 Premium: Realizzato in pelle morbida ed elastica che offre comfort e durata, garantendo la resistenza all'uso quotidiano.<\/p><p>- Design versatile: L'elegante finitura bianca si integra perfettamente con una variet\u00e0 di stili di interni, dal moderno al minimalista, rendendolo un'aggiunta ideale all'arredamento della vostra casa.<\/p><p>- Facile da pulire: Si pulisce con un panno umido per mantenere l'aspetto immacolato, assicurando che il pouf rimanga fresco e nuovo.<\/p><p>Se state cercando di migliorare il vostro salotto, la vostra camera da letto o il vostro spazio esterno, il nostro pouf in pelle bianca \u00e8 la scelta perfetta. Elevate l'arredamento della vostra casa e create un'atmosfera elegante e invitante con questo pezzo elegante.<\/p>\t\t\t\t\t\t\t\t<\/div>\n\t\t\t\t<\/div>\n\t\t\t\t\t<\/div>\n\t\t\t\t<\/div>\n\t\t\t\t<\/div>","protected":false},"excerpt":{"rendered":"<p>Elevate il vostro spazio con il nostro Pouf in pelle bianca! Realizzato in pelle di alta qualit\u00e0, questo pezzo elegante e versatile funge da seduta extra, da accogliente poggiapiedi o da accento di stile. La sua elegante finitura bianca si adatta a qualsiasi stile di arredamento, rendendolo un'aggiunta perfetta alla vostra casa. Trasformate la vostra zona giorno con questo pouf elegante e funzionale!<\/p>\n<p>https:\/\/www.youtube.com\/watch?v=c_10xM47nDw<\/p>","protected":false},"featured_media":102496,"comment_status":"open","ping_status":"closed","template":"","meta":[],"product_brand":[],"product_cat":[234,301,302,204,232,236],"product_tag":[],"class_list":{"0":"post-102502","1":"product","2":"type-product","3":"status-publish","4":"has-post-thumbnail","6":"product_cat-best-sellers","7":"product_cat-leather","8":"product_cat-leather-poufs","9":"product_cat-moroccan-poufs","10":"product_cat-new-arrivals","11":"product_cat-sale-items","13":"first","14":"instock","15":"sale","16":"shipping-taxable","17":"purchasable","18":"product-type-variable"},"jetpack_sharing_enabled":true,"_links":{"self":[{"href":"https:\/\/berberedesign.com\/it\/wp-json\/wp\/v2\/product\/102502","targetHints":{"allow":["GET"]}}],"collection":[{"href":"https:\/\/berberedesign.com\/it\/wp-json\/wp\/v2\/product"}],"about":[{"href":"https:\/\/berberedesign.com\/it\/wp-json\/wp\/v2\/types\/product"}],"replies":[{"embeddable":true,"href":"https:\/\/berberedesign.com\/it\/wp-json\/wp\/v2\/comments?post=102502"}],"version-history":[{"count":7,"href":"https:\/\/berberedesign.com\/it\/wp-json\/wp\/v2\/product\/102502\/revisions"}],"predecessor-version":[{"id":106805,"href":"https:\/\/berberedesign.com\/it\/wp-json\/wp\/v2\/product\/102502\/revisions\/106805"}],"wp:featuredmedia":[{"embeddable":true,"href":"https:\/\/berberedesign.com\/it\/wp-json\/wp\/v2\/media\/102496"}],"wp:attachment":[{"href":"https:\/\/berberedesign.com\/it\/wp-json\/wp\/v2\/media?parent=102502"}],"wp:term":[{"taxonomy":"product_brand","embeddable":true,"href":"https:\/\/berberedesign.com\/it\/wp-json\/wp\/v2\/product_brand?post=102502"},{"taxonomy":"product_cat","embeddable":true,"href":"https:\/\/berberedesign.com\/it\/wp-json\/wp\/v2\/product_cat?post=102502"},{"taxonomy":"product_tag","embeddable":true,"href":"https:\/\/berberedesign.com\/it\/wp-json\/wp\/v2\/product_tag?post=102502"}],"curies":[{"name":"wp","href":"https:\/\/api.w.org\/{rel}","templated":true}]}}