{"id":101926,"date":"2023-07-20T21:53:16","date_gmt":"2023-07-20T21:53:16","guid":{"rendered":"https:\/\/berberedesign.com\/?post_type=product&#038;p=101926"},"modified":"2024-12-16T03:29:40","modified_gmt":"2024-12-16T03:29:40","slug":"accattivante-copricuscino-berbero-rosso-marocchino-vintage","status":"publish","type":"product","link":"https:\/\/berberedesign.com\/it\/accattivante-copricuscino-berbero-rosso-marocchino-vintage\/","title":{"rendered":"Accattivante copricuscino vintage in berbero marocchino rosso"},"content":{"rendered":"<h1>Accattivante copricuscino berbero marocchino rosso vintage: Abbraccia l'eleganza senza tempo e il patrimonio culturale<\/h1>\n<p>Il copricuscino Vintage Red Moroccan Berber \u00e8 un accessorio unico e accattivante che porta un tocco di storia e di eredit\u00e0 culturale nel vostro spazio vitale. Questo copricuscino \u00e8 stato meticolosamente realizzato con una miscela di tecniche e materiali tradizionali, catturando l'essenza dell'arte berbera marocchina. Il rivestimento \u00e8 caratterizzato da una profonda e ricca tonalit\u00e0 di rosso, che aggiunge un vibrante tocco di colore al vostro arredamento. Il suo aspetto vintage conferisce un senso di nostalgia e carattere a qualsiasi ambiente. I disegni intricati sono ispirati alla cultura berbera e incorporano motivi geometrici, simboli e motivi che racchiudono significati simbolici e raccontano storie del patrimonio della regione.<\/p>\n<p><img fetchpriority=\"high\" decoding=\"async\" class=\"aligncenter wp-image-101012 size-large\" src=\"https:\/\/berberedesign.com\/wp-content\/uploads\/2023\/06\/NEW-Vintage-red-moroccan-berber-pillow-cover-1024x683.webp\" alt=\"NUOVO Copricuscino vintage in berbero marocchino rosso\" width=\"1024\" height=\"683\" title=\"\" srcset=\"https:\/\/berberedesign.com\/wp-content\/uploads\/2023\/06\/NEW-Vintage-red-moroccan-berber-pillow-cover-1024x683.webp 1024w, https:\/\/berberedesign.com\/wp-content\/uploads\/2023\/06\/NEW-Vintage-red-moroccan-berber-pillow-cover-300x200.webp 300w, https:\/\/berberedesign.com\/wp-content\/uploads\/2023\/06\/NEW-Vintage-red-moroccan-berber-pillow-cover-768x512.webp 768w, https:\/\/berberedesign.com\/wp-content\/uploads\/2023\/06\/NEW-Vintage-red-moroccan-berber-pillow-cover-18x12.webp 18w, https:\/\/berberedesign.com\/wp-content\/uploads\/2023\/06\/NEW-Vintage-red-moroccan-berber-pillow-cover-1064x710.webp 1064w, https:\/\/berberedesign.com\/wp-content\/uploads\/2023\/06\/NEW-Vintage-red-moroccan-berber-pillow-cover-20x13.webp 20w, https:\/\/berberedesign.com\/wp-content\/uploads\/2023\/06\/NEW-Vintage-red-moroccan-berber-pillow-cover-64x43.webp 64w, https:\/\/berberedesign.com\/wp-content\/uploads\/2023\/06\/NEW-Vintage-red-moroccan-berber-pillow-cover-1080x721.webp 1080w, https:\/\/berberedesign.com\/wp-content\/uploads\/2023\/06\/NEW-Vintage-red-moroccan-berber-pillow-cover-980x654.webp 980w, https:\/\/berberedesign.com\/wp-content\/uploads\/2023\/06\/NEW-Vintage-red-moroccan-berber-pillow-cover-480x320.webp 480w, https:\/\/berberedesign.com\/wp-content\/uploads\/2023\/06\/NEW-Vintage-red-moroccan-berber-pillow-cover.webp 1280w\" sizes=\"(max-width: 1024px) 100vw, 1024px\"><\/p>\n<p>Realizzato in tessuto di alta qualit\u00e0, il copricuscino vanta resistenza e consistenza. \u00c8 accuratamente tessuta, ricamata o dipinta a mano da abili artigiani, per garantire che ogni pezzo sia unico e mostri l'abilit\u00e0 artigianale tramandata di generazione in generazione. Questo versatile copricuscino \u00e8 progettato per adattarsi a cuscini di dimensioni standard, consentendo una facile integrazione nell'arredamento esistente. Pu\u00f2 essere utilizzato per migliorare l'aspetto del divano, del letto o della poltrona, trasformando istantaneamente l'atmosfera della stanza.<\/p>\n<p>Il cuscino Vintage Red Moroccan Berber Pillow Cover \u00e8 un bellissimo elemento di spicco e di conversazione. Il suo fascino senza tempo e il suo significato culturale lo rendono un'aggiunta preziosa alla vostra casa, evocando un senso di fascino esotico e di calore invitante.<\/p>\n<p><img decoding=\"async\" class=\"aligncenter wp-image-101013 size-large\" src=\"https:\/\/berberedesign.com\/wp-content\/uploads\/2023\/06\/THE-NEW-Vintage-red-moroccan-berber-pillow-cover-1024x683.webp\" alt=\"IL NUOVO Copricuscino berbero rosso marocchino vintage\" width=\"1024\" height=\"683\" title=\"\" srcset=\"https:\/\/berberedesign.com\/wp-content\/uploads\/2023\/06\/THE-NEW-Vintage-red-moroccan-berber-pillow-cover-1024x683.webp 1024w, https:\/\/berberedesign.com\/wp-content\/uploads\/2023\/06\/THE-NEW-Vintage-red-moroccan-berber-pillow-cover-300x200.webp 300w, https:\/\/berberedesign.com\/wp-content\/uploads\/2023\/06\/THE-NEW-Vintage-red-moroccan-berber-pillow-cover-768x512.webp 768w, https:\/\/berberedesign.com\/wp-content\/uploads\/2023\/06\/THE-NEW-Vintage-red-moroccan-berber-pillow-cover-18x12.webp 18w, https:\/\/berberedesign.com\/wp-content\/uploads\/2023\/06\/THE-NEW-Vintage-red-moroccan-berber-pillow-cover-1064x710.webp 1064w, https:\/\/berberedesign.com\/wp-content\/uploads\/2023\/06\/THE-NEW-Vintage-red-moroccan-berber-pillow-cover-20x13.webp 20w, https:\/\/berberedesign.com\/wp-content\/uploads\/2023\/06\/THE-NEW-Vintage-red-moroccan-berber-pillow-cover-64x43.webp 64w, https:\/\/berberedesign.com\/wp-content\/uploads\/2023\/06\/THE-NEW-Vintage-red-moroccan-berber-pillow-cover-1080x721.webp 1080w, https:\/\/berberedesign.com\/wp-content\/uploads\/2023\/06\/THE-NEW-Vintage-red-moroccan-berber-pillow-cover-980x654.webp 980w, https:\/\/berberedesign.com\/wp-content\/uploads\/2023\/06\/THE-NEW-Vintage-red-moroccan-berber-pillow-cover-480x320.webp 480w, https:\/\/berberedesign.com\/wp-content\/uploads\/2023\/06\/THE-NEW-Vintage-red-moroccan-berber-pillow-cover.webp 1280w\" sizes=\"(max-width: 1024px) 100vw, 1024px\"><\/p>\n<p>Si prega di notare che questo prodotto include solo la fodera del cuscino e non viene fornito con un inserto. Si consiglia di utilizzare un inserto per cuscino (45x45 cm) 18\u00d718 pollici (o simile) per ottenere un aspetto pi\u00f9 aderente e completo.<\/p>","protected":false},"excerpt":{"rendered":"<p>Il copricuscino Vintage Red Moroccan Berber \u00e8 un articolo d'arredamento autentico e senza tempo che presenta un ricco colore rosso e i tradizionali disegni berberi marocchini.<\/p>","protected":false},"featured_media":100949,"comment_status":"open","ping_status":"closed","template":"","meta":[],"product_brand":[],"product_cat":[234,198,197,199,232,196,200,236,201],"product_tag":[],"class_list":{"0":"post-101926","1":"product","2":"type-product","3":"status-publish","4":"has-post-thumbnail","6":"product_cat-best-sellers","7":"product_cat-embroidered-cushions","8":"product_cat-handwoven-berber-pillows","9":"product_cat-kilim-pillow-covers","10":"product_cat-new-arrivals","11":"product_cat-pillows-and-cushions","12":"product_cat-pom-pom-cushions","13":"product_cat-sale-items","14":"product_cat-vintage-berber-pillows","15":"product_shipping_class-free","16":"description-off","18":"first","19":"instock","20":"featured","21":"shipping-taxable","22":"purchasable","23":"product-type-simple"},"jetpack_sharing_enabled":true,"_links":{"self":[{"href":"https:\/\/berberedesign.com\/it\/wp-json\/wp\/v2\/product\/101926","targetHints":{"allow":["GET"]}}],"collection":[{"href":"https:\/\/berberedesign.com\/it\/wp-json\/wp\/v2\/product"}],"about":[{"href":"https:\/\/berberedesign.com\/it\/wp-json\/wp\/v2\/types\/product"}],"replies":[{"embeddable":true,"href":"https:\/\/berberedesign.com\/it\/wp-json\/wp\/v2\/comments?post=101926"}],"version-history":[{"count":0,"href":"https:\/\/berberedesign.com\/it\/wp-json\/wp\/v2\/product\/101926\/revisions"}],"wp:featuredmedia":[{"embeddable":true,"href":"https:\/\/berberedesign.com\/it\/wp-json\/wp\/v2\/media\/100949"}],"wp:attachment":[{"href":"https:\/\/berberedesign.com\/it\/wp-json\/wp\/v2\/media?parent=101926"}],"wp:term":[{"taxonomy":"product_brand","embeddable":true,"href":"https:\/\/berberedesign.com\/it\/wp-json\/wp\/v2\/product_brand?post=101926"},{"taxonomy":"product_cat","embeddable":true,"href":"https:\/\/berberedesign.com\/it\/wp-json\/wp\/v2\/product_cat?post=101926"},{"taxonomy":"product_tag","embeddable":true,"href":"https:\/\/berberedesign.com\/it\/wp-json\/wp\/v2\/product_tag?post=101926"}],"curies":[{"name":"wp","href":"https:\/\/api.w.org\/{rel}","templated":true}]}}