{"id":101918,"date":"2023-07-20T14:27:47","date_gmt":"2023-07-20T14:27:47","guid":{"rendered":"https:\/\/berberedesign.com\/?post_type=product&#038;p=101918"},"modified":"2025-02-28T16:43:41","modified_gmt":"2025-02-28T16:43:41","slug":"copricuscini-rossi-marocchini-fatti-a-mano","status":"publish","type":"product","link":"https:\/\/berberedesign.com\/it\/copricuscini-rossi-marocchini-fatti-a-mano\/","title":{"rendered":"Copricuscini marocchini rossi fatti a mano | Acquista cuscini da lancio personalizzati"},"content":{"rendered":"<p>Vi presentiamo la nostra squisita collezione di copricuscini rossi marocchini fatti a mano, l'aggiunta perfetta per elevare l'arredamento della vostra casa. Questi copricuscini dal design unico e intricato sono realizzati meticolosamente da abili artigiani, che catturano il ricco patrimonio culturale del Marocco. Se volete aggiungere un tocco di eleganza al vostro salotto, alla camera da letto o a qualsiasi altro spazio, i nostri cuscini personalizzati sono la scelta ideale.<\/p>\n<p>Ogni copricuscino \u00e8 realizzato a mano con materiali di prima qualit\u00e0, accuratamente selezionati per garantire durata e longevit\u00e0. L'abilit\u00e0 artigianale \u00e8 evidente nei dettagli, tra cui gli intricati ricami, i colori vivaci e i motivi tradizionali che mostrano la bellezza dell'arte marocchina. Queste coperture sono una vera e propria testimonianza del talento e della dedizione dei nostri artigiani.<\/p>\n<p><img fetchpriority=\"high\" decoding=\"async\" class=\"aligncenter wp-image-101921 size-large\" src=\"https:\/\/berberedesign.com\/wp-content\/uploads\/2023\/07\/Handmade-Moroccan-Red-Cushion-Covers--1024x683.webp\" alt=\"Copricuscini marocchini rossi realizzati a mano \" width=\"1024\" height=\"683\" title=\"\"><\/p>\n<p>Le nostre fodere per cuscini marocchini non solo sono esteticamente accattivanti, ma offrono anche un comfort e un sostegno eccezionali. Sono progettati per adattarsi a cuscini da lancio di dimensioni standard, rendendo facile trasformare i cuscini esistenti in accattivanti pezzi d'effetto. La consistenza morbida e soffice delle fodere aggiunge un elemento accogliente e invitante a qualsiasi stanza, permettendovi di rilassarvi e distendervi con stile.<\/p>\n<p>Ci\u00f2 che contraddistingue i nostri copricuscini marocchini fatti a mano \u00e8 la loro versatilit\u00e0. Si adattano perfettamente a un'ampia gamma di stili di arredamento, da quello moderno e contemporaneo a quello boh\u00e9mien ed eclettico. Sia che preferiate un'estetica minimalista o un look pi\u00f9 vivace ed eclettico, i nostri copricuscini si integrano perfettamente con il vostro stile personale e con l'arredamento esistente.<\/p>\n<p>Nel nostro negozio diamo priorit\u00e0 alla personalizzazione per soddisfare le vostre preferenze uniche. Offriamo un'ampia selezione di combinazioni di colori, modelli e dimensioni tra cui scegliere, assicurandovi di trovare l'abbinamento perfetto per la vostra visione dell'arredamento. \u00c8 possibile mescolare e abbinare diversi design per creare un insieme accattivante o scegliere un singolo pezzo di spicco che diventi il punto focale del vostro spazio.<\/p>\n<p>Quando acquistate i nostri copricuscini marocchini fatti a mano, non investite solo in un oggetto decorativo, ma sostenete l'artigianato tradizionale e date potere agli artigiani. Ci impegniamo a rispettare le pratiche del commercio equo e solidale, assicurando che i nostri artigiani ricevano un giusto compenso per le loro eccezionali capacit\u00e0 e il loro duro lavoro.<\/p>\n<p><img decoding=\"async\" class=\"aligncenter wp-image-101924 size-large\" src=\"https:\/\/berberedesign.com\/wp-content\/uploads\/2023\/07\/Handmade-Moroccan-Cushion-1024x683.webp\" alt=\"Cuscino marocchino fatto a mano\" width=\"1024\" height=\"683\" title=\"\"><\/p>\n<p>Rivitalizzate la vostra casa con l'eleganza senza tempo del design marocchino aggiungendo alla vostra collezione i nostri copricuscini marocchini fatti a mano. Grazie alla loro squisita fattura, alla qualit\u00e0 superiore e alle opzioni personalizzabili, questi copricuscini sono un must per chiunque voglia creare un ambiente caldo e invitante nel proprio spazio vitale. Acquistate ora e sperimentate la bellezza dell'arte marocchina nel comfort della vostra casa.<\/p>","protected":false},"excerpt":{"rendered":"<p>Elevate l'arredamento della vostra casa con i nostri copricuscini marocchini fatti a mano. Questi copricuscini personalizzati sono caratterizzati da ricami intricati, colori vivaci e motivi tradizionali che catturano la bellezza dell'arte marocchina. Realizzati con materiali pregiati, offrono comfort e stile, completando senza sforzo qualsiasi arredamento. Scegliete tra una variet\u00e0 di colori, motivi e dimensioni per creare un look personalizzato. Sostenete le pratiche del commercio equo e solidale e date potere agli artigiani con ogni acquisto. Trasformate il vostro spazio con l'eleganza senza tempo dei nostri copricuscini marocchini fatti a mano. Acquistate ora e portate il fascino del Marocco nella vostra casa.<\/p>","protected":false},"featured_media":101919,"comment_status":"open","ping_status":"closed","template":"","meta":[],"product_brand":[],"product_cat":[234,198,197,199,232,196,200,236,201],"product_tag":[],"class_list":{"0":"post-101918","1":"product","2":"type-product","3":"status-publish","4":"has-post-thumbnail","6":"product_cat-best-sellers","7":"product_cat-embroidered-cushions","8":"product_cat-handwoven-berber-pillows","9":"product_cat-kilim-pillow-covers","10":"product_cat-new-arrivals","11":"product_cat-pillows-and-cushions","12":"product_cat-pom-pom-cushions","13":"product_cat-sale-items","14":"product_cat-vintage-berber-pillows","15":"product_shipping_class-free","16":"description-off","18":"first","19":"instock","20":"featured","21":"shipping-taxable","22":"purchasable","23":"product-type-simple"},"jetpack_sharing_enabled":true,"_links":{"self":[{"href":"https:\/\/berberedesign.com\/it\/wp-json\/wp\/v2\/product\/101918","targetHints":{"allow":["GET"]}}],"collection":[{"href":"https:\/\/berberedesign.com\/it\/wp-json\/wp\/v2\/product"}],"about":[{"href":"https:\/\/berberedesign.com\/it\/wp-json\/wp\/v2\/types\/product"}],"replies":[{"embeddable":true,"href":"https:\/\/berberedesign.com\/it\/wp-json\/wp\/v2\/comments?post=101918"}],"version-history":[{"count":0,"href":"https:\/\/berberedesign.com\/it\/wp-json\/wp\/v2\/product\/101918\/revisions"}],"wp:featuredmedia":[{"embeddable":true,"href":"https:\/\/berberedesign.com\/it\/wp-json\/wp\/v2\/media\/101919"}],"wp:attachment":[{"href":"https:\/\/berberedesign.com\/it\/wp-json\/wp\/v2\/media?parent=101918"}],"wp:term":[{"taxonomy":"product_brand","embeddable":true,"href":"https:\/\/berberedesign.com\/it\/wp-json\/wp\/v2\/product_brand?post=101918"},{"taxonomy":"product_cat","embeddable":true,"href":"https:\/\/berberedesign.com\/it\/wp-json\/wp\/v2\/product_cat?post=101918"},{"taxonomy":"product_tag","embeddable":true,"href":"https:\/\/berberedesign.com\/it\/wp-json\/wp\/v2\/product_tag?post=101918"}],"curies":[{"name":"wp","href":"https:\/\/api.w.org\/{rel}","templated":true}]}}