{"id":101909,"date":"2023-07-20T13:21:25","date_gmt":"2023-07-20T13:21:25","guid":{"rendered":"https:\/\/berberedesign.com\/?post_type=product&#038;p=101909"},"modified":"2023-11-11T10:30:34","modified_gmt":"2023-11-11T10:30:34","slug":"copricuscino-rosso-marocchino-fatto-a-mano","status":"publish","type":"product","link":"https:\/\/berberedesign.com\/it\/copricuscino-rosso-marocchino-fatto-a-mano\/","title":{"rendered":"Copricuscino rosso marocchino fatto a mano - Cuscino in seta sabra"},"content":{"rendered":"<p>Regalate alla vostra casa un tocco di colore vibrante e di fascino esotico con il nostro copricuscino rosso marocchino fatto a mano, tessuto con la lussuosa seta Sabra. Questo affascinante accessorio proviene dal cuore del Marocco, un paese rinomato per il suo ricco patrimonio e per l'impareggiabile arte tessile.<\/p>\n<p>Realizzato da artigiani locali, questo copricuscino mostra la quintessenza dell'estetica marocchina. \u00c8 tinto in una sorprendente tonalit\u00e0 di rosso, che ricorda i tramonti infuocati di Marrakech e che aggiunger\u00e0 un tocco unico e accattivante a qualsiasi stanza. Il suo colore non ha solo un valore estetico: nella cultura marocchina il rosso \u00e8 considerato un simbolo di vita e di gioia, il che conferisce maggiore profondit\u00e0 a questo splendido oggetto artigianale.<\/p>\n<p><img fetchpriority=\"high\" decoding=\"async\" class=\"aligncenter wp-image-101913 size-large\" src=\"https:\/\/berberedesign.com\/wp-content\/uploads\/2023\/07\/Moroccan-Red-Cushion-Cover-1024x683.webp\" alt=\"Copricuscino rosso marocchino\" width=\"1024\" height=\"683\" title=\"\"><\/p>\n<p>Gli intricati disegni, ispirati a simboli berberi secolari, sono cuciti meticolosamente a mano, aggiungendo uno strato di consistenza e ricchezza. La seta Sabra utilizzata \u00e8 in realt\u00e0 una forma di seta di cactus, nota anche come \"seta vegetale\". \u00c8 incredibilmente morbida, ma resistente e ipoallergenica, il che la rende una scelta eccellente per le famiglie sensibili agli allergeni.<\/p>\n<p>Il nostro copricuscino misura 18 x 18 pollici, una dimensione perfetta per adattarsi ai cuscini standard. \u00c8 dotata di una chiusura a cerniera nascosta che consente di rimuovere e inserire facilmente l'inserto del cuscino. Poich\u00e9 si tratta di un prodotto fatto a mano, sono prevedibili lievi variazioni nel design, nel colore e nelle dimensioni, che rendono ogni fodera davvero unica.<\/p>\n<p>Le istruzioni per la cura sono semplici: lavare a mano o a secco. Stirare a caldo. Non candeggiare. Questa cura aiuter\u00e0 a mantenere il colore e l'intricato lavoro di ricamo.<\/p>\n<p><img decoding=\"async\" class=\"aligncenter wp-image-101915 size-large\" src=\"https:\/\/berberedesign.com\/wp-content\/uploads\/2023\/07\/red-Sabra-Silk-Pillow-1024x683.webp\" alt=\"cuscino in seta Sabra rosso\" width=\"1024\" height=\"683\" title=\"\"><\/p>\n<p>Il cuscino rosso marocchino fatto a mano: Sabra Silk Pillow non solo offre comfort, ma racconta una storia di ricca tradizione e maestria. \u00c8 pi\u00f9 di un semplice accessorio decorativo: \u00e8 un pezzo del patrimonio marocchino portato direttamente a casa vostra. Quindi perch\u00e9 aspettare? Aggiungete questo splendido accessorio al vostro arredamento e lasciate che il suo splendore e la sua essenza culturale elevino i vostri interni.<\/p>","protected":false},"excerpt":{"rendered":"<p>Immergetevi nell'essenza della tradizione marocchina con il nostro copricuscino rosso marocchino fatto a mano. Tessuto in lussuosa seta Sabra da abili artigiani, questo vibrante accessorio, tinto in una vivace tonalit\u00e0 di rosso, aggiunge un tocco esotico a qualsiasi ambiente. Caratterizzato da intricati motivi berberi cuciti a mano e da una chiusura a cerniera nascosta, non \u00e8 solo un pezzo decorativo, ma anche una fetta del patrimonio marocchino direttamente a casa vostra. Misura 18 x 18 pollici e si adatta ai cuscini standard.<\/p>","protected":false},"featured_media":101911,"comment_status":"open","ping_status":"closed","template":"","meta":[],"product_brand":[],"product_cat":[234,198,197,199,232,196,200,236,201],"product_tag":[],"class_list":{"0":"post-101909","1":"product","2":"type-product","3":"status-publish","4":"has-post-thumbnail","6":"product_cat-best-sellers","7":"product_cat-embroidered-cushions","8":"product_cat-handwoven-berber-pillows","9":"product_cat-kilim-pillow-covers","10":"product_cat-new-arrivals","11":"product_cat-pillows-and-cushions","12":"product_cat-pom-pom-cushions","13":"product_cat-sale-items","14":"product_cat-vintage-berber-pillows","15":"product_shipping_class-free","16":"description-off","18":"first","19":"instock","20":"featured","21":"shipping-taxable","22":"purchasable","23":"product-type-simple"},"jetpack_sharing_enabled":true,"_links":{"self":[{"href":"https:\/\/berberedesign.com\/it\/wp-json\/wp\/v2\/product\/101909","targetHints":{"allow":["GET"]}}],"collection":[{"href":"https:\/\/berberedesign.com\/it\/wp-json\/wp\/v2\/product"}],"about":[{"href":"https:\/\/berberedesign.com\/it\/wp-json\/wp\/v2\/types\/product"}],"replies":[{"embeddable":true,"href":"https:\/\/berberedesign.com\/it\/wp-json\/wp\/v2\/comments?post=101909"}],"version-history":[{"count":1,"href":"https:\/\/berberedesign.com\/it\/wp-json\/wp\/v2\/product\/101909\/revisions"}],"predecessor-version":[{"id":105329,"href":"https:\/\/berberedesign.com\/it\/wp-json\/wp\/v2\/product\/101909\/revisions\/105329"}],"wp:featuredmedia":[{"embeddable":true,"href":"https:\/\/berberedesign.com\/it\/wp-json\/wp\/v2\/media\/101911"}],"wp:attachment":[{"href":"https:\/\/berberedesign.com\/it\/wp-json\/wp\/v2\/media?parent=101909"}],"wp:term":[{"taxonomy":"product_brand","embeddable":true,"href":"https:\/\/berberedesign.com\/it\/wp-json\/wp\/v2\/product_brand?post=101909"},{"taxonomy":"product_cat","embeddable":true,"href":"https:\/\/berberedesign.com\/it\/wp-json\/wp\/v2\/product_cat?post=101909"},{"taxonomy":"product_tag","embeddable":true,"href":"https:\/\/berberedesign.com\/it\/wp-json\/wp\/v2\/product_tag?post=101909"}],"curies":[{"name":"wp","href":"https:\/\/api.w.org\/{rel}","templated":true}]}}