{"id":101314,"date":"2023-06-15T19:03:15","date_gmt":"2023-06-15T19:03:15","guid":{"rendered":"https:\/\/berberedesign.com\/?post_type=product&#038;p=101314"},"modified":"2025-02-22T14:57:19","modified_gmt":"2025-02-22T14:57:19","slug":"pouf-in-pelle-marocchina-crema","status":"publish","type":"product","link":"https:\/\/berberedesign.com\/it\/pouf-in-pelle-marocchina-crema\/","title":{"rendered":"Opulento pouf in pelle marocchina color crema"},"content":{"rendered":"<h1>Lasciatevi conquistare dall'eleganza senza tempo del nostro pouf rotondo in pelle marocchina color crema.<\/h1>\n<p>Realizzato meticolosamente a mano da abili artigiani, questo squisito pouf \u00e8 una testimonianza della bellezza dell'artigianato marocchino. Realizzato in pelle di alta qualit\u00e0, emana un senso di lusso e raffinatezza. La pelle color crema si adatta a una variet\u00e0 di stili di interni, da quelli tradizionali a quelli contemporanei, rendendolo un'aggiunta versatile al vostro spazio abitativo. La sua forma rotonda aggiunge un tocco affascinante e invitante, creando un'accogliente opzione di seduta o un elegante poggiapiedi.<\/p>\n<p>Questo pouf non \u00e8 solo un elemento d'arredo funzionale, ma anche un elemento decorativo. Le intricate cuciture e l'attenzione per i dettagli dimostrano l'abilit\u00e0 dell'artigiano, mentre le variazioni naturali della pelle aggiungono carattere e unicit\u00e0 a ogni pouf. Sia che lo si collochi in salotto, in camera da letto o in un accogliente angolo di lettura, esso migliora senza sforzo l'atmosfera di qualsiasi spazio.<\/p>\n<p>&nbsp;<\/p>\n<p>Aggiungete un tocco di lusso artigianale alla vostra casa con il nostro Pouf rotondo in pelle marocchina color crema. Provate la bellezza, il comfort e il fascino duraturo che apporta al vostro spazio vitale, invitandovi a rilassarvi e a concedervi un momento di puro relax.<\/p>\n<p><iframe title=\"Un talento artigianale marocchino\" width=\"1200\" height=\"675\" src=\"https:\/\/www.youtube.com\/embed\/c_10xM47nDw?feature=oembed&#038;enablejsapi=1&#038;origin=https:\/\/berberedesign.com\" frameborder=\"0\" allow=\"accelerometer; autoplay; clipboard-write; encrypted-media; gyroscope; picture-in-picture; web-share\" referrerpolicy=\"strict-origin-when-cross-origin\" allowfullscreen><\/iframe><\/p>\n<h3><strong>Informazioni aggiuntive:\u00a0<\/strong><\/h3>\n<ul>\n<li>Tipo di prodotto: Pouf in pelle<\/li>\n<li>Materiale: Vera pelle<\/li>\n<li>Eticamente: Fatto a mano in modo etico, ricamato e cucito in Marocco.<\/li>\n<li>Origine: Marocco<\/li>\n<li>Colore: crema<\/li>\n<li>Dimensioni 53 x 53 x 32 cm<\/li>\n<li>Condizioni: I nostri pouf in pelle non sono riempiti \/ pronti all'uso.<\/li>\n<\/ul>","protected":false},"excerpt":{"rendered":"<p>Elevate il vostro spazio abitativo con il nostro pouf rotondo in pelle marocchina color crema. Questo pouf artigianale combina eleganza senza tempo e comfort di lusso, aggiungendo un tocco di raffinatezza a qualsiasi stanza.<\/p>","protected":false},"featured_media":102387,"comment_status":"open","ping_status":"closed","template":"","meta":[],"product_brand":[],"product_cat":[234,202,302,204,232,236],"product_tag":[139,140],"class_list":{"0":"post-101314","1":"product","2":"type-product","3":"status-publish","4":"has-post-thumbnail","6":"product_cat-best-sellers","7":"product_cat-home-decor","8":"product_cat-leather-poufs","9":"product_cat-moroccan-poufs","10":"product_cat-new-arrivals","11":"product_cat-sale-items","12":"product_tag-moroccan-leather-pouf-cream","13":"product_tag-pouf-cream-moroccan-leather","14":"product_shipping_class-free","15":"description-off","17":"first","18":"instock","19":"sale","20":"shipping-taxable","21":"purchasable","22":"product-type-variable"},"jetpack_sharing_enabled":true,"_links":{"self":[{"href":"https:\/\/berberedesign.com\/it\/wp-json\/wp\/v2\/product\/101314","targetHints":{"allow":["GET"]}}],"collection":[{"href":"https:\/\/berberedesign.com\/it\/wp-json\/wp\/v2\/product"}],"about":[{"href":"https:\/\/berberedesign.com\/it\/wp-json\/wp\/v2\/types\/product"}],"replies":[{"embeddable":true,"href":"https:\/\/berberedesign.com\/it\/wp-json\/wp\/v2\/comments?post=101314"}],"version-history":[{"count":3,"href":"https:\/\/berberedesign.com\/it\/wp-json\/wp\/v2\/product\/101314\/revisions"}],"predecessor-version":[{"id":106813,"href":"https:\/\/berberedesign.com\/it\/wp-json\/wp\/v2\/product\/101314\/revisions\/106813"}],"wp:featuredmedia":[{"embeddable":true,"href":"https:\/\/berberedesign.com\/it\/wp-json\/wp\/v2\/media\/102387"}],"wp:attachment":[{"href":"https:\/\/berberedesign.com\/it\/wp-json\/wp\/v2\/media?parent=101314"}],"wp:term":[{"taxonomy":"product_brand","embeddable":true,"href":"https:\/\/berberedesign.com\/it\/wp-json\/wp\/v2\/product_brand?post=101314"},{"taxonomy":"product_cat","embeddable":true,"href":"https:\/\/berberedesign.com\/it\/wp-json\/wp\/v2\/product_cat?post=101314"},{"taxonomy":"product_tag","embeddable":true,"href":"https:\/\/berberedesign.com\/it\/wp-json\/wp\/v2\/product_tag?post=101314"}],"curies":[{"name":"wp","href":"https:\/\/api.w.org\/{rel}","templated":true}]}}