{"id":101255,"date":"2023-06-15T11:20:22","date_gmt":"2023-06-15T11:20:22","guid":{"rendered":"https:\/\/berberedesign.com\/?post_type=product&#038;p=101255"},"modified":"2025-06-22T03:13:13","modified_gmt":"2025-06-22T03:13:13","slug":"tappeto-marocchino-blu-beni-ourain","status":"publish","type":"product","link":"https:\/\/berberedesign.com\/it\/tappeto-marocchino-blu-beni-ourain\/","title":{"rendered":"Accattivante tappeto marocchino blu Beni Ourain"},"content":{"rendered":"<h1>Immergetevi nel fascino del tappeto marocchino blu Beni Ourain.<\/h1>\n<p>Meticolosamente realizzato a mano da abili artigiani nel cuore del Marocco, questo tappeto mette in mostra la bellezza senza tempo e la maestria della trib\u00f9 Beni Ourain. L'accattivante tonalit\u00e0 blu di questo tappeto evoca un senso di tranquillit\u00e0 e serenit\u00e0, infondendo al vostro spazio un'atmosfera rinfrescante. I suoi intricati motivi geometrici e simbolici raccontano una storia unica, che riflette la ricca eredit\u00e0 culturale e l'abile maestria artigianale dietro ogni capolavoro tessuto a mano.<\/p>\n<p>Realizzato in lana pregiata, il tappeto offre una texture sontuosamente morbida e soffice sotto i piedi, creando un rifugio accogliente in salotto, in camera da letto o nello studio. Le variazioni naturali del colore e della struttura della lana esaltano ulteriormente il fascino organico del tappeto, garantendone al contempo la durata e la longevit\u00e0.<\/p>\n<p><img fetchpriority=\"high\" decoding=\"async\" class=\"aligncenter wp-image-101260 size-large\" src=\"https:\/\/berberedesign.com\/wp-content\/uploads\/2023\/06\/Blue-Moroccan-Rug-Beni-Ourain-design-1024x683.webp\" alt=\"Tappeto marocchino blu Beni Ourain design\" width=\"1024\" height=\"683\" title=\"\" srcset=\"https:\/\/berberedesign.com\/wp-content\/uploads\/2023\/06\/Blue-Moroccan-Rug-Beni-Ourain-design-1024x683.webp 1024w, https:\/\/berberedesign.com\/wp-content\/uploads\/2023\/06\/Blue-Moroccan-Rug-Beni-Ourain-design-300x200.webp 300w, https:\/\/berberedesign.com\/wp-content\/uploads\/2023\/06\/Blue-Moroccan-Rug-Beni-Ourain-design-768x512.webp 768w, https:\/\/berberedesign.com\/wp-content\/uploads\/2023\/06\/Blue-Moroccan-Rug-Beni-Ourain-design-18x12.webp 18w, https:\/\/berberedesign.com\/wp-content\/uploads\/2023\/06\/Blue-Moroccan-Rug-Beni-Ourain-design-1064x710.webp 1064w, https:\/\/berberedesign.com\/wp-content\/uploads\/2023\/06\/Blue-Moroccan-Rug-Beni-Ourain-design-20x13.webp 20w, https:\/\/berberedesign.com\/wp-content\/uploads\/2023\/06\/Blue-Moroccan-Rug-Beni-Ourain-design-64x43.webp 64w, https:\/\/berberedesign.com\/wp-content\/uploads\/2023\/06\/Blue-Moroccan-Rug-Beni-Ourain-design-1080x721.webp 1080w, https:\/\/berberedesign.com\/wp-content\/uploads\/2023\/06\/Blue-Moroccan-Rug-Beni-Ourain-design-980x654.webp 980w, https:\/\/berberedesign.com\/wp-content\/uploads\/2023\/06\/Blue-Moroccan-Rug-Beni-Ourain-design-480x320.webp 480w, https:\/\/berberedesign.com\/wp-content\/uploads\/2023\/06\/Blue-Moroccan-Rug-Beni-Ourain-design.webp 1280w\" sizes=\"(max-width: 1024px) 100vw, 1024px\"><\/p>\n<p>L'accattivante tappeto marocchino blu Beni Ourain si adatta senza sforzo a una variet\u00e0 di stili di arredamento, da quello contemporaneo a quello boh\u00e9mien e tutto ci\u00f2 che sta in mezzo. Le sue dimensioni generose gli consentono di ancorare la stanza e di fungere da accattivante punto focale che accende la conversazione e cattura l'attenzione.<\/p>\n<p>Elevate l'arredamento della vostra casa con la straordinaria bellezza del tappeto marocchino blu Beni Ourain. Abbracciate la sua squisita fattura e l'eleganza senza tempo che esalta l'estetica del vostro spazio, creando una miscela armoniosa di stile e cultura.<\/p>\n<h3><strong>Informazioni aggiuntive:\u00a0<\/strong><\/h3>\n<p>Tipo di prodotto: Tappeto fatto a mano<\/p>\n<p>Materiale: Lana<\/p>\n<p>Composizione: Lana 100%<\/p>\n<p>Stile: Beni ourain<\/p>\n<p>Colore: blu e bianco<\/p>\n<p>Dimensioni: 6,56 x 9,84 ft \/ 200\u00d7300 cm<\/p>\n<p>Nota: poich\u00e9 ogni tappeto \u00e8 tessuto a mano, potrebbero esserci leggere variazioni nelle dimensioni e nel peso, che contribuiscono all'unicit\u00e0 e al carattere del prodotto.<\/p>\n<p>Se avete bisogno di peso e dimensioni specifiche per un particolare Tappeto marocchino blu Beni Ourain, vi prego di fornire le dimensioni o il modello desiderato e sar\u00f2 lieto di assistervi ulteriormente.<\/p>","protected":false},"excerpt":{"rendered":"<p>Trasformate il vostro spazio con l'accattivante tappeto marocchino blu Beni Ourain. Questo splendido tappeto combina la tradizionale lavorazione marocchina con un'ipnotica tavolozza di colori blu, creando un pezzo forte che aggiunge profondit\u00e0 e fascino a qualsiasi ambiente.<\/p>","protected":false},"featured_media":101863,"comment_status":"open","ping_status":"closed","template":"","meta":[],"product_brand":[],"product_cat":[232,192,234,190,319,318],"product_tag":[132,131,128,133,130,134,129],"class_list":{"0":"post-101255","1":"product","2":"type-product","3":"status-publish","4":"has-post-thumbnail","6":"product_cat-new-arrivals","7":"product_cat-beni-ourain-rugs","8":"product_cat-best-sellers","9":"product_cat-rugs","10":"product_cat-rugs-wool-handcrafted-benches","11":"product_cat-wool","12":"product_tag-beni-ourain-rug","13":"product_tag-checkered-rug","14":"product_tag-green-and-white-checkered-rug","15":"product_tag-green-berber-rug","16":"product_tag-green-moroccan-rug","17":"product_tag-green-shag-rug","18":"product_tag-sage-green-moroccan-rug-beni-ourain","19":"product_shipping_class-free","20":"description-off","22":"first","23":"outofstock","24":"featured","25":"shipping-taxable","26":"purchasable","27":"product-type-simple"},"jetpack_sharing_enabled":true,"_links":{"self":[{"href":"https:\/\/berberedesign.com\/it\/wp-json\/wp\/v2\/product\/101255","targetHints":{"allow":["GET"]}}],"collection":[{"href":"https:\/\/berberedesign.com\/it\/wp-json\/wp\/v2\/product"}],"about":[{"href":"https:\/\/berberedesign.com\/it\/wp-json\/wp\/v2\/types\/product"}],"replies":[{"embeddable":true,"href":"https:\/\/berberedesign.com\/it\/wp-json\/wp\/v2\/comments?post=101255"}],"version-history":[{"count":1,"href":"https:\/\/berberedesign.com\/it\/wp-json\/wp\/v2\/product\/101255\/revisions"}],"predecessor-version":[{"id":105319,"href":"https:\/\/berberedesign.com\/it\/wp-json\/wp\/v2\/product\/101255\/revisions\/105319"}],"wp:featuredmedia":[{"embeddable":true,"href":"https:\/\/berberedesign.com\/it\/wp-json\/wp\/v2\/media\/101863"}],"wp:attachment":[{"href":"https:\/\/berberedesign.com\/it\/wp-json\/wp\/v2\/media?parent=101255"}],"wp:term":[{"taxonomy":"product_brand","embeddable":true,"href":"https:\/\/berberedesign.com\/it\/wp-json\/wp\/v2\/product_brand?post=101255"},{"taxonomy":"product_cat","embeddable":true,"href":"https:\/\/berberedesign.com\/it\/wp-json\/wp\/v2\/product_cat?post=101255"},{"taxonomy":"product_tag","embeddable":true,"href":"https:\/\/berberedesign.com\/it\/wp-json\/wp\/v2\/product_tag?post=101255"}],"curies":[{"name":"wp","href":"https:\/\/api.w.org\/{rel}","templated":true}]}}