{"id":304,"date":"2019-12-11T14:47:18","date_gmt":"2019-12-11T14:47:18","guid":{"rendered":"https:\/\/berberedesign.com\/returns-and-refunds\/"},"modified":"2025-01-02T23:40:03","modified_gmt":"2025-01-02T23:40:03","slug":"restituzioni-e-rimborsi","status":"publish","type":"page","link":"https:\/\/berberedesign.com\/it\/info\/restituzioni-e-rimborsi\/","title":{"rendered":"Restituzioni e rimborsi"},"content":{"rendered":"<div data-elementor-type=\"wp-page\" data-elementor-id=\"304\" class=\"elementor elementor-304\" data-elementor-post-type=\"page\">\n\t\t\t\t\t\t<section class=\"elementor-section elementor-top-section elementor-element elementor-element-618a3de0 elementor-section-boxed elementor-section-height-default elementor-section-height-default\" data-id=\"618a3de0\" data-element_type=\"section\">\n\t\t\t\t\t\t<div class=\"elementor-container elementor-column-gap-wider\">\n\t\t\t\t\t<div class=\"elementor-column elementor-col-100 elementor-top-column elementor-element elementor-element-3d0a43b0\" data-id=\"3d0a43b0\" data-element_type=\"column\">\n\t\t\t<div class=\"elementor-widget-wrap elementor-element-populated\">\n\t\t\t\t\t\t<div class=\"elementor-element elementor-element-28a2efbc elementor-widget elementor-widget-heading\" data-id=\"28a2efbc\" data-element_type=\"widget\" data-widget_type=\"heading.default\">\n\t\t\t\t<div class=\"elementor-widget-container\">\n\t\t\t\t\t<h3 class=\"elementor-heading-title elementor-size-default\"><h2><span style=\"color: var(--the7-h3-color);font-family: var( --e-global-typography-el_title_4-font-family ), Sans-serif;font-size: var( --e-global-typography-el_title_4-font-size );font-weight: var( --e-global-typography-el_title_4-font-weight );letter-spacing: var( --e-global-typography-el_title_4-letter-spacing );text-transform: var( --e-global-typography-el_title_4-text-transform )\">Definizioni e termini chiave<\/span><span style=\"color: var(--the7-h3-color);font-family: var( --e-global-typography-el_title_4-font-family ), Sans-serif;font-size: var( --e-global-typography-el_title_4-font-size );font-weight: var( --e-global-typography-el_title_4-font-weight );letter-spacing: var( --e-global-typography-el_title_4-letter-spacing );text-transform: var( --e-global-typography-el_title_4-text-transform )\"><\/span><\/h2><\/h3>\t\t\t\t<\/div>\n\t\t\t\t<\/div>\n\t\t\t\t<div class=\"elementor-element elementor-element-b50f2f7 elementor-widget elementor-widget-spacer\" data-id=\"b50f2f7\" data-element_type=\"widget\" data-widget_type=\"spacer.default\">\n\t\t\t\t<div class=\"elementor-widget-container\">\n\t\t\t\t\t\t\t<div class=\"elementor-spacer\">\n\t\t\t<div class=\"elementor-spacer-inner\"><\/div>\n\t\t<\/div>\n\t\t\t\t\t\t<\/div>\n\t\t\t\t<\/div>\n\t\t\t\t<div class=\"elementor-element elementor-element-6407ad2e elementor-widget elementor-widget-text-editor\" data-id=\"6407ad2e\" data-element_type=\"widget\" data-widget_type=\"text-editor.default\">\n\t\t\t\t<div class=\"elementor-widget-container\">\n\t\t\t\t\t\t\t\t\t<p><span data-contrast=\"none\">La presente Politica di restituzione e rimborso definisce i termini \"Azienda\", \"Cliente\", \"Dispositivo\", \"Servizio\", \"Sito web\" e \"Utente\" per chiarire i termini utilizzati nella politica. L'azienda si riferisce a BerbereDesign, il cliente \u00e8 l'azienda o l'individuo che utilizza il Servizio BerbereDesign, il dispositivo \u00e8 qualsiasi dispositivo connesso a Internet, il servizio \u00e8 quello fornito da BerbereDesign, il sito web \u00e8 il sito web di BerbereDesign e l'utente \u00e8 un utente registrato. La politica mira a fornire un'esperienza di acquisto gratificante e delinea i termini e le condizioni per le transazioni.<\/span><span data-ccp-props=\"{&quot;201341983&quot;:0,&quot;335559739&quot;:160,&quot;335559740&quot;:259}\">\u00a0<\/span><\/p><p><span data-contrast=\"none\">In caso di problemi o di insoddisfazione per il prodotto o il servizio acquistato, i clienti hanno il diritto di richiedere il rimborso e la restituzione entro un mese.<\/span><span data-ccp-props=\"{&quot;201341983&quot;:0,&quot;335559739&quot;:160,&quot;335559740&quot;:259}\">\u00a0<\/span><\/p><p><span data-contrast=\"none\">Per avviare una restituzione di prodotto, \u00e8 indispensabile attenersi alle seguenti linee guida:<\/span><span data-ccp-props=\"{&quot;201341983&quot;:0,&quot;335559739&quot;:160,&quot;335559740&quot;:259}\">\u00a0<\/span><\/p><p>\u00a0<\/p><ol><li><span data-contrast=\"none\"> Il prodotto deve essere restituito nella confezione originale fornita da noi.<\/span><\/li><li><span data-contrast=\"none\"> Il prodotto deve essere privo di danni, poich\u00e9 qualsiasi prova di danneggiamento comporter\u00e0 l'annullamento immediato del processo di rimborso.<\/span><\/li><\/ol>\t\t\t\t\t\t\t\t<\/div>\n\t\t\t\t<\/div>\n\t\t\t\t<div class=\"elementor-element elementor-element-dcea433 elementor-widget elementor-widget-spacer\" data-id=\"dcea433\" data-element_type=\"widget\" data-widget_type=\"spacer.default\">\n\t\t\t\t<div class=\"elementor-widget-container\">\n\t\t\t\t\t\t\t<div class=\"elementor-spacer\">\n\t\t\t<div class=\"elementor-spacer-inner\"><\/div>\n\t\t<\/div>\n\t\t\t\t\t\t<\/div>\n\t\t\t\t<\/div>\n\t\t\t\t<div class=\"elementor-element elementor-element-22ef91b7 elementor-widget elementor-widget-heading\" data-id=\"22ef91b7\" data-element_type=\"widget\" data-widget_type=\"heading.default\">\n\t\t\t\t<div class=\"elementor-widget-container\">\n\t\t\t\t\t<h3 class=\"elementor-heading-title elementor-size-default\">Rimborsi<\/h3>\t\t\t\t<\/div>\n\t\t\t\t<\/div>\n\t\t\t\t<div class=\"elementor-element elementor-element-939a07d elementor-widget elementor-widget-spacer\" data-id=\"939a07d\" data-element_type=\"widget\" data-widget_type=\"spacer.default\">\n\t\t\t\t<div class=\"elementor-widget-container\">\n\t\t\t\t\t\t\t<div class=\"elementor-spacer\">\n\t\t\t<div class=\"elementor-spacer-inner\"><\/div>\n\t\t<\/div>\n\t\t\t\t\t\t<\/div>\n\t\t\t\t<\/div>\n\t\t\t\t<div class=\"elementor-element elementor-element-3612b0d3 elementor-widget elementor-widget-text-editor\" data-id=\"3612b0d3\" data-element_type=\"widget\" data-widget_type=\"text-editor.default\">\n\t\t\t\t<div class=\"elementor-widget-container\">\n\t\t\t\t\t\t\t\t\t<p><span class=\"TextRun SCXW81820983 BCX8\" lang=\"EN-US\" xml:lang=\"EN-US\" data-contrast=\"none\"><span class=\"NormalTextRun SpellingErrorV2Themed SCXW81820983 BCX8\">BerbereDesign<\/span><span class=\"NormalTextRun SCXW81820983 BCX8\"> si concentra su <\/span><span class=\"NormalTextRun SCXW81820983 BCX8\">fornendo<\/span><span class=\"NormalTextRun SCXW81820983 BCX8\"> prodotti di alta qualit\u00e0 attraverso un'accurata ispezione, <\/span><span class=\"NormalTextRun SCXW81820983 BCX8\">difetti<\/span> <span class=\"NormalTextRun ContextualSpellingAndGrammarErrorV2Themed SCXW81820983 BCX8\">controlli<\/span><span class=\"NormalTextRun SCXW81820983 BCX8\">e un imballaggio accurato. Tuttavia, potrebbe essere necessario cancellare gli ordini a causa di carenze di magazzino o di problemi di controllo della qualit\u00e0. I clienti saranno avvisati in anticipo. I pagamenti online saranno rimborsati una volta confermati. Prima della spedizione, viene effettuato un controllo di qualit\u00e0 per garantire le condizioni dell'articolo. <\/span><span class=\"NormalTextRun SpellingErrorV2Themed SCXW81820983 BCX8\">BerbereDesign<\/span><span class=\"NormalTextRun SCXW81820983 BCX8\"> non pu\u00f2 essere ritenuta responsabile per eventuali danni durante il trasporto. Se il prodotto restituito soddisfa le linee guida, verr\u00e0 emesso un rimborso che richieder\u00e0 alcuni giorni.<\/span><\/span><span class=\"EOP SCXW81820983 BCX8\" data-ccp-props=\"{&quot;201341983&quot;:0,&quot;335559739&quot;:160,&quot;335559740&quot;:259}\">\u00a0<\/span><\/p>\t\t\t\t\t\t\t\t<\/div>\n\t\t\t\t<\/div>\n\t\t\t\t<div class=\"elementor-element elementor-element-e0f590b elementor-widget elementor-widget-spacer\" data-id=\"e0f590b\" data-element_type=\"widget\" data-widget_type=\"spacer.default\">\n\t\t\t\t<div class=\"elementor-widget-container\">\n\t\t\t\t\t\t\t<div class=\"elementor-spacer\">\n\t\t\t<div class=\"elementor-spacer-inner\"><\/div>\n\t\t<\/div>\n\t\t\t\t\t\t<\/div>\n\t\t\t\t<\/div>\n\t\t\t\t<div class=\"elementor-element elementor-element-22b60a6a elementor-widget elementor-widget-heading\" data-id=\"22b60a6a\" data-element_type=\"widget\" data-widget_type=\"heading.default\">\n\t\t\t\t<div class=\"elementor-widget-container\">\n\t\t\t\t\t<h3 class=\"elementor-heading-title elementor-size-default\">Spedizione<\/h3>\t\t\t\t<\/div>\n\t\t\t\t<\/div>\n\t\t\t\t<div class=\"elementor-element elementor-element-87c99ec elementor-widget elementor-widget-spacer\" data-id=\"87c99ec\" data-element_type=\"widget\" data-widget_type=\"spacer.default\">\n\t\t\t\t<div class=\"elementor-widget-container\">\n\t\t\t\t\t\t\t<div class=\"elementor-spacer\">\n\t\t\t<div class=\"elementor-spacer-inner\"><\/div>\n\t\t<\/div>\n\t\t\t\t\t\t<\/div>\n\t\t\t\t<\/div>\n\t\t\t\t<div class=\"elementor-element elementor-element-db65b07 elementor-widget elementor-widget-text-editor\" data-id=\"db65b07\" data-element_type=\"widget\" data-widget_type=\"text-editor.default\">\n\t\t\t\t<div class=\"elementor-widget-container\">\n\t\t\t\t\t\t\t\t\t<p><span class=\"NormalTextRun SpellingErrorV2Themed SCXW148102133 BCX8\">BerbereDesign<\/span><span class=\"NormalTextRun SCXW148102133 BCX8\"> non \u00e8 responsabile delle spese di spedizione per la restituzione. Ogni spedizione deve essere <\/span><span class=\"NormalTextRun ContextualSpellingAndGrammarErrorV2Themed SCXW148102133 BCX8\">pagato<\/span><span class=\"NormalTextRun SCXW148102133 BCX8\"> dal cliente, anche se l'articolo aveva la spedizione gratuita, il cliente deve pagare la spedizione in cambio.<\/span><\/p>\t\t\t\t\t\t\t\t<\/div>\n\t\t\t\t<\/div>\n\t\t\t\t<div class=\"elementor-element elementor-element-3202bcf elementor-widget elementor-widget-spacer\" data-id=\"3202bcf\" data-element_type=\"widget\" data-widget_type=\"spacer.default\">\n\t\t\t\t<div class=\"elementor-widget-container\">\n\t\t\t\t\t\t\t<div class=\"elementor-spacer\">\n\t\t\t<div class=\"elementor-spacer-inner\"><\/div>\n\t\t<\/div>\n\t\t\t\t\t\t<\/div>\n\t\t\t\t<\/div>\n\t\t\t\t<div class=\"elementor-element elementor-element-6af2a54 elementor-widget elementor-widget-heading\" data-id=\"6af2a54\" data-element_type=\"widget\" data-widget_type=\"heading.default\">\n\t\t\t\t<div class=\"elementor-widget-container\">\n\t\t\t\t\t<h3 class=\"elementor-heading-title elementor-size-default\">Il vostro consenso<\/h3>\t\t\t\t<\/div>\n\t\t\t\t<\/div>\n\t\t\t\t<div class=\"elementor-element elementor-element-db2e520 elementor-widget elementor-widget-spacer\" data-id=\"db2e520\" data-element_type=\"widget\" data-widget_type=\"spacer.default\">\n\t\t\t\t<div class=\"elementor-widget-container\">\n\t\t\t\t\t\t\t<div class=\"elementor-spacer\">\n\t\t\t<div class=\"elementor-spacer-inner\"><\/div>\n\t\t<\/div>\n\t\t\t\t\t\t<\/div>\n\t\t\t\t<\/div>\n\t\t\t\t<div class=\"elementor-element elementor-element-72efbc21 elementor-widget elementor-widget-text-editor\" data-id=\"72efbc21\" data-element_type=\"widget\" data-widget_type=\"text-editor.default\">\n\t\t\t\t<div class=\"elementor-widget-container\">\n\t\t\t\t\t\t\t\t\t<p><span class=\"TextRun SCXW99328321 BCX8\" lang=\"EN-US\" xml:lang=\"EN-US\" data-contrast=\"none\">Utilizzando il nostro sito web, registrando un account o effettuando un acquisto, l'utente acconsente alla nostra Politica di restituzione e rimborso e ne accetta i termini.<\/span><\/p>\t\t\t\t\t\t\t\t<\/div>\n\t\t\t\t<\/div>\n\t\t\t\t<div class=\"elementor-element elementor-element-f8772aa elementor-widget elementor-widget-spacer\" data-id=\"f8772aa\" data-element_type=\"widget\" data-widget_type=\"spacer.default\">\n\t\t\t\t<div class=\"elementor-widget-container\">\n\t\t\t\t\t\t\t<div class=\"elementor-spacer\">\n\t\t\t<div class=\"elementor-spacer-inner\"><\/div>\n\t\t<\/div>\n\t\t\t\t\t\t<\/div>\n\t\t\t\t<\/div>\n\t\t\t\t<div class=\"elementor-element elementor-element-e0b7367 elementor-widget elementor-widget-heading\" data-id=\"e0b7367\" data-element_type=\"widget\" data-widget_type=\"heading.default\">\n\t\t\t\t<div class=\"elementor-widget-container\">\n\t\t\t\t\t<h3 class=\"elementor-heading-title elementor-size-default\">Changes To Our Return &amp; Refund Policy<\/h3>\t\t\t\t<\/div>\n\t\t\t\t<\/div>\n\t\t\t\t<div class=\"elementor-element elementor-element-4817766 elementor-widget elementor-widget-spacer\" data-id=\"4817766\" data-element_type=\"widget\" data-widget_type=\"spacer.default\">\n\t\t\t\t<div class=\"elementor-widget-container\">\n\t\t\t\t\t\t\t<div class=\"elementor-spacer\">\n\t\t\t<div class=\"elementor-spacer-inner\"><\/div>\n\t\t<\/div>\n\t\t\t\t\t\t<\/div>\n\t\t\t\t<\/div>\n\t\t\t\t<div class=\"elementor-element elementor-element-013ab31 elementor-widget elementor-widget-text-editor\" data-id=\"013ab31\" data-element_type=\"widget\" data-widget_type=\"text-editor.default\">\n\t\t\t\t<div class=\"elementor-widget-container\">\n\t\t\t\t\t\t\t\t\t<p><span class=\"NormalTextRun SCXW55618748 BCX8\">Siamo<\/span><span class=\"NormalTextRun SCXW55618748 BCX8\"> valutare la possibilit\u00e0 di aggiornare il presente documento per riflettere il nostro Servizio e le nostre politiche, e se necessario, <\/span><span class=\"NormalTextRun ContextualSpellingAndGrammarErrorV2Themed SCXW55618748 BCX8\">volont\u00e0<\/span><span class=\"NormalTextRun SCXW55618748 BCX8\"> essere visualizzati in modo evidente. Se continuate a utilizzare il nostro Servizio, dovrete aderire alla versione aggiornata di Restituzione e rimborso. <\/span><span class=\"NormalTextRun ContextualSpellingAndGrammarErrorV2Themed SCXW55618748 BCX8\">Politica, o<\/span><span class=\"NormalTextRun SCXW55618748 BCX8\"> eliminare il proprio account.<\/span><\/p>\t\t\t\t\t\t\t\t<\/div>\n\t\t\t\t<\/div>\n\t\t\t\t<div class=\"elementor-element elementor-element-3574c4b elementor-widget elementor-widget-spacer\" data-id=\"3574c4b\" data-element_type=\"widget\" data-widget_type=\"spacer.default\">\n\t\t\t\t<div class=\"elementor-widget-container\">\n\t\t\t\t\t\t\t<div class=\"elementor-spacer\">\n\t\t\t<div class=\"elementor-spacer-inner\"><\/div>\n\t\t<\/div>\n\t\t\t\t\t\t<\/div>\n\t\t\t\t<\/div>\n\t\t\t\t<div class=\"elementor-element elementor-element-0f05afa elementor-widget elementor-widget-heading\" data-id=\"0f05afa\" data-element_type=\"widget\" data-widget_type=\"heading.default\">\n\t\t\t\t<div class=\"elementor-widget-container\">\n\t\t\t\t\t<h3 class=\"elementor-heading-title elementor-size-default\">Contatto<\/h3>\t\t\t\t<\/div>\n\t\t\t\t<\/div>\n\t\t\t\t<div class=\"elementor-element elementor-element-1e60245 elementor-widget elementor-widget-spacer\" data-id=\"1e60245\" data-element_type=\"widget\" data-widget_type=\"spacer.default\">\n\t\t\t\t<div class=\"elementor-widget-container\">\n\t\t\t\t\t\t\t<div class=\"elementor-spacer\">\n\t\t\t<div class=\"elementor-spacer-inner\"><\/div>\n\t\t<\/div>\n\t\t\t\t\t\t<\/div>\n\t\t\t\t<\/div>\n\t\t\t\t<div class=\"elementor-element elementor-element-5f379a9 elementor-widget elementor-widget-text-editor\" data-id=\"5f379a9\" data-element_type=\"widget\" data-widget_type=\"text-editor.default\">\n\t\t\t\t<div class=\"elementor-widget-container\">\n\t\t\t\t\t\t\t\t\t<p>Se, per qualsiasi motivo, non siete completamente soddisfatti di un prodotto o di un servizio da noi fornito, non esitate a contattarci e discuteremo di qualsiasi problema che state riscontrando con il nostro prodotto.<\/p><p>\u00a0<\/p><ul><li>Via e-mail: contact@berberedesign.com<\/li><li>Numero di telefono: +1 307-445-2564<\/li><li>A questo link: https:\/\/berberedesign.com<\/li><li>Tramite questo indirizzo: 1111B S Governors Ave STE 7173, Dover, DE 19904<\/li><\/ul>\t\t\t\t\t\t\t\t<\/div>\n\t\t\t\t<\/div>\n\t\t\t\t\t<\/div>\n\t\t<\/div>\n\t\t\t\t\t<\/div>\n\t\t<\/section>\n\t\t\t\t<\/div>","protected":false},"excerpt":{"rendered":"<p>Definitions and key terms This Return &amp; Refund Policy defines the terms &#8220;Company,&#8221; &#8220;Customer,&#8221; &#8220;Device,&#8221; &#8220;Service,&#8221; &#8220;Website,&#8221; and &#8220;You&#8221; to clarify the terms used in the policy. The company refers to BerbereDesign, the customer is the company or individual using the BerbereDesign Service, the device is any internet-connected device, the service is the provided by&hellip;<\/p>","protected":false},"author":8,"featured_media":0,"parent":5691,"menu_order":0,"comment_status":"closed","ping_status":"closed","template":"","meta":{"footnotes":""},"class_list":["post-304","page","type-page","status-publish","hentry"],"jetpack_sharing_enabled":true,"_links":{"self":[{"href":"https:\/\/berberedesign.com\/it\/wp-json\/wp\/v2\/pages\/304","targetHints":{"allow":["GET"]}}],"collection":[{"href":"https:\/\/berberedesign.com\/it\/wp-json\/wp\/v2\/pages"}],"about":[{"href":"https:\/\/berberedesign.com\/it\/wp-json\/wp\/v2\/types\/page"}],"author":[{"embeddable":true,"href":"https:\/\/berberedesign.com\/it\/wp-json\/wp\/v2\/users\/8"}],"replies":[{"embeddable":true,"href":"https:\/\/berberedesign.com\/it\/wp-json\/wp\/v2\/comments?post=304"}],"version-history":[{"count":12,"href":"https:\/\/berberedesign.com\/it\/wp-json\/wp\/v2\/pages\/304\/revisions"}],"predecessor-version":[{"id":104101,"href":"https:\/\/berberedesign.com\/it\/wp-json\/wp\/v2\/pages\/304\/revisions\/104101"}],"up":[{"embeddable":true,"href":"https:\/\/berberedesign.com\/it\/wp-json\/wp\/v2\/pages\/5691"}],"wp:attachment":[{"href":"https:\/\/berberedesign.com\/it\/wp-json\/wp\/v2\/media?parent=304"}],"curies":[{"name":"wp","href":"https:\/\/api.w.org\/{rel}","templated":true}]}}