{"id":99022,"date":"2021-07-15T09:39:57","date_gmt":"2021-07-15T09:39:57","guid":{"rendered":"https:\/\/divifurnitureshop.divifixer.com\/?post_type=product&#038;p=178"},"modified":"2025-03-24T10:08:01","modified_gmt":"2025-03-24T10:08:01","slug":"tapis-marocain-berbere-kilim","status":"publish","type":"product","link":"https:\/\/berberedesign.com\/fr\/tapis-marocain-berbere-kilim\/","title":{"rendered":"Captivant tapis berb\u00e8re marocain Kilim"},"content":{"rendered":"<p>Plongez dans le riche h\u00e9ritage culturel du Maroc avec notre exquis tapis Kilim berb\u00e8re marocain. Tiss\u00e9 \u00e0 la main par des artisans qualifi\u00e9s, ce tapis met en valeur la beaut\u00e9 intemporelle de l'artisanat berb\u00e8re. Chaque d\u00e9tail complexe raconte une histoire, refl\u00e9tant les traditions et l'histoire du peuple berb\u00e8re. Les couleurs vives et les motifs g\u00e9om\u00e9triques capturent sans effort l'essence du design marocain, ajoutant une touche d'\u00e9l\u00e9gance exotique \u00e0 n'importe quel espace.<\/p>\n<p>Fabriqu\u00e9 en laine de haute qualit\u00e9, notre tapis berb\u00e8re marocain est non seulement visuellement remarquable, mais aussi durable. Qu'il soit plac\u00e9 dans un salon, une chambre \u00e0 coucher ou un couloir, ce tapis constitue un point focal captivant, cr\u00e9ant une atmosph\u00e8re chaleureuse et accueillante. Son style polyvalent s'accorde avec toute une gamme d'esth\u00e9tiques int\u00e9rieures, des plus modernes et minimalistes aux plus boh\u00e8mes et \u00e9clectiques.<\/p>\n<p><img fetchpriority=\"high\" decoding=\"async\" class=\"aligncenter wp-image-101241 size-large\" src=\"https:\/\/berberedesign.com\/wp-content\/uploads\/2021\/07\/kilim-Berber-Moroccan-Rug-1024x683.webp\" alt=\"Kilim Tapis berb\u00e8re marocain\" width=\"1024\" height=\"683\" title=\"\" srcset=\"https:\/\/berberedesign.com\/wp-content\/uploads\/2021\/07\/kilim-Berber-Moroccan-Rug-1024x683.webp 1024w, https:\/\/berberedesign.com\/wp-content\/uploads\/2021\/07\/kilim-Berber-Moroccan-Rug-300x200.webp 300w, https:\/\/berberedesign.com\/wp-content\/uploads\/2021\/07\/kilim-Berber-Moroccan-Rug-768x512.webp 768w, https:\/\/berberedesign.com\/wp-content\/uploads\/2021\/07\/kilim-Berber-Moroccan-Rug-18x12.webp 18w, https:\/\/berberedesign.com\/wp-content\/uploads\/2021\/07\/kilim-Berber-Moroccan-Rug-1064x710.webp 1064w, https:\/\/berberedesign.com\/wp-content\/uploads\/2021\/07\/kilim-Berber-Moroccan-Rug-20x13.webp 20w, https:\/\/berberedesign.com\/wp-content\/uploads\/2021\/07\/kilim-Berber-Moroccan-Rug-64x43.webp 64w, https:\/\/berberedesign.com\/wp-content\/uploads\/2021\/07\/kilim-Berber-Moroccan-Rug-1080x721.webp 1080w, https:\/\/berberedesign.com\/wp-content\/uploads\/2021\/07\/kilim-Berber-Moroccan-Rug-980x654.webp 980w, https:\/\/berberedesign.com\/wp-content\/uploads\/2021\/07\/kilim-Berber-Moroccan-Rug-480x320.webp 480w, https:\/\/berberedesign.com\/wp-content\/uploads\/2021\/07\/kilim-Berber-Moroccan-Rug.webp 1280w\" sizes=\"(max-width: 1024px) 100vw, 1024px\"><\/p>\n<p>Laissez-vous s\u00e9duire par l'allure du tapis marocain berb\u00e8re et rehaussez votre d\u00e9coration int\u00e9rieure gr\u00e2ce \u00e0 sa beaut\u00e9 intemporelle et \u00e0 sa signification culturelle. D\u00e9couvrez le confort et l'art de cette pi\u00e8ce remarquable, qui apporte une touche de tapis marocain berb\u00e8re \u00e0 votre espace de vie.<\/p>\n<h3><strong>Informations compl\u00e9mentaires :\u00a0<\/strong><\/h3>\n<p>Type de produit : Tapis fait \u00e0 la main<\/p>\n<p>Mati\u00e8re : Laine<\/p>\n<p>Composition : 100% Laine<\/p>\n<p>Style : Beni Ourain<\/p>\n<p>Couleur : blanc, marron et vert<\/p>\n<p>Taille : 3,28 x 5,41 ft \/ 100\u00d7165 cm<\/p>\n<p>Remarque : chaque tapis \u00e9tant tiss\u00e9 \u00e0 la main, il peut y avoir de l\u00e9g\u00e8res variations dans les dimensions et le poids, ce qui ajoute au caract\u00e8re unique du produit.<\/p>\n<p>Si vous avez besoin d'un poids et de dimensions sp\u00e9cifiques pour un tapis marocain berb\u00e8re Kilim particulier, veuillez indiquer la taille ou le mod\u00e8le d\u00e9sir\u00e9, et je serai heureux de vous aider.<\/p>\n<p>&nbsp;<\/p>","protected":false},"excerpt":{"rendered":"<p>Rehaussez votre d\u00e9cor avec notre tapis berb\u00e8re marocain Kilim, un m\u00e9lange \u00e9tonnant d'art traditionnel et de style contemporain.<\/p>","protected":false},"featured_media":102528,"comment_status":"open","ping_status":"closed","template":"","meta":[],"product_brand":[],"product_cat":[234,195,232,190,319,236,318],"product_tag":[],"class_list":{"0":"post-99022","1":"product","2":"type-product","3":"status-publish","4":"has-post-thumbnail","6":"product_cat-best-sellers","7":"product_cat-kilim-rugs","8":"product_cat-new-arrivals","9":"product_cat-rugs","10":"product_cat-rugs-wool-handcrafted-benches","11":"product_cat-sale-items","12":"product_cat-wool","13":"product_shipping_class-free","14":"description-off","16":"first","17":"instock","18":"shipping-taxable","19":"purchasable","20":"product-type-simple"},"jetpack_sharing_enabled":true,"_links":{"self":[{"href":"https:\/\/berberedesign.com\/fr\/wp-json\/wp\/v2\/product\/99022","targetHints":{"allow":["GET"]}}],"collection":[{"href":"https:\/\/berberedesign.com\/fr\/wp-json\/wp\/v2\/product"}],"about":[{"href":"https:\/\/berberedesign.com\/fr\/wp-json\/wp\/v2\/types\/product"}],"replies":[{"embeddable":true,"href":"https:\/\/berberedesign.com\/fr\/wp-json\/wp\/v2\/comments?post=99022"}],"version-history":[{"count":1,"href":"https:\/\/berberedesign.com\/fr\/wp-json\/wp\/v2\/product\/99022\/revisions"}],"predecessor-version":[{"id":105325,"href":"https:\/\/berberedesign.com\/fr\/wp-json\/wp\/v2\/product\/99022\/revisions\/105325"}],"wp:featuredmedia":[{"embeddable":true,"href":"https:\/\/berberedesign.com\/fr\/wp-json\/wp\/v2\/media\/102528"}],"wp:attachment":[{"href":"https:\/\/berberedesign.com\/fr\/wp-json\/wp\/v2\/media?parent=99022"}],"wp:term":[{"taxonomy":"product_brand","embeddable":true,"href":"https:\/\/berberedesign.com\/fr\/wp-json\/wp\/v2\/product_brand?post=99022"},{"taxonomy":"product_cat","embeddable":true,"href":"https:\/\/berberedesign.com\/fr\/wp-json\/wp\/v2\/product_cat?post=99022"},{"taxonomy":"product_tag","embeddable":true,"href":"https:\/\/berberedesign.com\/fr\/wp-json\/wp\/v2\/product_tag?post=99022"}],"curies":[{"name":"wp","href":"https:\/\/api.w.org\/{rel}","templated":true}]}}