{"id":98792,"date":"2021-07-15T09:39:57","date_gmt":"2021-07-15T09:39:57","guid":{"rendered":"https:\/\/divifurnitureshop.divifixer.com\/?post_type=product&#038;p=172"},"modified":"2025-12-29T23:34:25","modified_gmt":"2025-12-29T23:34:25","slug":"oreiller-marocain-en-soie-sabra-cactus-vert","status":"publish","type":"product","link":"https:\/\/berberedesign.com\/fr\/oreiller-marocain-en-soie-sabra-cactus-vert\/","title":{"rendered":"Oreiller marocain en soie de cactus de Sabra - Housse de coussin verte"},"content":{"rendered":"<p>Vous \u00eates \u00e0 la recherche d'une touche boh\u00e8me unique \u00e0 ajouter \u00e0 votre d\u00e9coration int\u00e9rieure ? Notre <strong>Oreillers en soie de cactus marocains faits \u00e0 la main<\/strong> sont le compl\u00e9ment parfait ! Fabriqu\u00e9 \u00e0 partir de tissus vintage tiss\u00e9s \u00e0 la main <strong>Tapis marocains Sabra<\/strong>Chaque housse de coussin est unique en son genre.<\/p>\n<p>De nombreuses histoires entourent les origines de la Sabra, le mat\u00e9riau utilis\u00e9 pour fabriquer ces beaux objets. <strong>Coussins berb\u00e8res marocains<\/strong>. Certains affirment qu'il est fabriqu\u00e9 \u00e0 partir de soie sabra naturelle, soigneusement tiss\u00e9e et teint\u00e9e dans une gamme de couleurs. D'autres affirment qu'il s'agit d'une fibre de rayonne import\u00e9e de divers pays et utilis\u00e9e par les artisans marocains pour cr\u00e9er de superbes tapis et textiles.<\/p>\n<p>Quelle que soit leur origine, les produits Sabra sont incroyablement populaires pour leur capacit\u00e9 \u00e0 capturer l'essence du riche h\u00e9ritage culturel du Maroc. Ces coussins berb\u00e8res sont l\u00e9gers et pr\u00e9sentent une brillance subtile, ce qui en fait les pr\u00e9f\u00e9r\u00e9s des clients.<\/p>\n<p><img fetchpriority=\"high\" decoding=\"async\" class=\"aligncenter wp-image-100352 size-large\" src=\"https:\/\/berberedesign.com\/wp-content\/uploads\/2021\/07\/background-1280_854-1024x683.jpg\" alt=\"Housse d&#039;oreiller en soie Sabra Cactus vert\" width=\"1024\" height=\"683\" title=\"\" srcset=\"https:\/\/berberedesign.com\/wp-content\/uploads\/2021\/07\/background-1280_854-1024x683.jpg 1024w, https:\/\/berberedesign.com\/wp-content\/uploads\/2021\/07\/background-1280_854-300x200.jpg 300w, https:\/\/berberedesign.com\/wp-content\/uploads\/2021\/07\/background-1280_854-768x512.jpg 768w, https:\/\/berberedesign.com\/wp-content\/uploads\/2021\/07\/background-1280_854-1536x1025.jpg 1536w, https:\/\/berberedesign.com\/wp-content\/uploads\/2021\/07\/background-1280_854-18x12.jpg 18w, https:\/\/berberedesign.com\/wp-content\/uploads\/2021\/07\/background-1280_854-1064x710.jpg 1064w, https:\/\/berberedesign.com\/wp-content\/uploads\/2021\/07\/background-1280_854-20x13.jpg 20w, https:\/\/berberedesign.com\/wp-content\/uploads\/2021\/07\/background-1280_854-64x43.jpg 64w, https:\/\/berberedesign.com\/wp-content\/uploads\/2021\/07\/background-1280_854-1080x721.jpg 1080w, https:\/\/berberedesign.com\/wp-content\/uploads\/2021\/07\/background-1280_854-1280x854.jpg 1280w, https:\/\/berberedesign.com\/wp-content\/uploads\/2021\/07\/background-1280_854-980x654.jpg 980w, https:\/\/berberedesign.com\/wp-content\/uploads\/2021\/07\/background-1280_854-480x320.jpg 480w, https:\/\/berberedesign.com\/wp-content\/uploads\/2021\/07\/background-1280_854.jpg 1920w\" sizes=\"(max-width: 1024px) 100vw, 1024px\"><\/p>\n<p>Disponibles dans une vari\u00e9t\u00e9 de tailles et de couleurs, nos coussins berb\u00e8res marocains Sabra ne manqueront pas d'ajouter une touche de charme \u00e0 n'importe quel espace. Avec leurs dimensions de 45 x 45 cm (1'47 \"x1'47\"), ils sont parfaits pour ajouter une touche de confort et de style \u00e0 votre int\u00e9rieur.<\/p>","protected":false},"excerpt":{"rendered":"<p>Transformez votre espace de vie en un lieu de caract\u00e8re et de charme gr\u00e2ce \u00e0 l'exquise d\u00e9coration marocaine. Notre <strong>Oreiller en soie de cactus sabra marocain<\/strong> &#8211; <strong>Housse d'oreiller verte<\/strong> est un compl\u00e9ment parfait pour cr\u00e9er une aura visuelle envo\u00fbtante et embellir vos pi\u00e8ces. Infus\u00e9s de couleurs et de motifs authentiques, ces coussins marocains donneront \u00e0 votre espace un sens in\u00e9gal\u00e9 de l'unicit\u00e9 et le rendront vraiment sp\u00e9cial.<\/p>","protected":false},"featured_media":100355,"comment_status":"open","ping_status":"closed","template":"","meta":[],"product_brand":[],"product_cat":[234,198,197,199,232,196,200,236,201],"product_tag":[],"class_list":{"0":"post-98792","1":"product","2":"type-product","3":"status-publish","4":"has-post-thumbnail","6":"product_cat-best-sellers","7":"product_cat-embroidered-cushions","8":"product_cat-handwoven-berber-pillows","9":"product_cat-kilim-pillow-covers","10":"product_cat-new-arrivals","11":"product_cat-pillows-and-cushions","12":"product_cat-pom-pom-cushions","13":"product_cat-sale-items","14":"product_cat-vintage-berber-pillows","15":"product_shipping_class-free","16":"description-off","18":"first","19":"instock","20":"featured","21":"shipping-taxable","22":"purchasable","23":"product-type-simple"},"jetpack_sharing_enabled":true,"_links":{"self":[{"href":"https:\/\/berberedesign.com\/fr\/wp-json\/wp\/v2\/product\/98792","targetHints":{"allow":["GET"]}}],"collection":[{"href":"https:\/\/berberedesign.com\/fr\/wp-json\/wp\/v2\/product"}],"about":[{"href":"https:\/\/berberedesign.com\/fr\/wp-json\/wp\/v2\/types\/product"}],"replies":[{"embeddable":true,"href":"https:\/\/berberedesign.com\/fr\/wp-json\/wp\/v2\/comments?post=98792"}],"version-history":[{"count":0,"href":"https:\/\/berberedesign.com\/fr\/wp-json\/wp\/v2\/product\/98792\/revisions"}],"wp:featuredmedia":[{"embeddable":true,"href":"https:\/\/berberedesign.com\/fr\/wp-json\/wp\/v2\/media\/100355"}],"wp:attachment":[{"href":"https:\/\/berberedesign.com\/fr\/wp-json\/wp\/v2\/media?parent=98792"}],"wp:term":[{"taxonomy":"product_brand","embeddable":true,"href":"https:\/\/berberedesign.com\/fr\/wp-json\/wp\/v2\/product_brand?post=98792"},{"taxonomy":"product_cat","embeddable":true,"href":"https:\/\/berberedesign.com\/fr\/wp-json\/wp\/v2\/product_cat?post=98792"},{"taxonomy":"product_tag","embeddable":true,"href":"https:\/\/berberedesign.com\/fr\/wp-json\/wp\/v2\/product_tag?post=98792"}],"curies":[{"name":"wp","href":"https:\/\/api.w.org\/{rel}","templated":true}]}}