{"id":97218,"date":"2021-07-15T09:39:58","date_gmt":"2021-07-15T09:39:58","guid":{"rendered":"https:\/\/divifurnitureshop.divifixer.com\/?post_type=product&#038;p=188"},"modified":"2025-02-20T20:15:13","modified_gmt":"2025-02-20T20:15:13","slug":"pouf-en-cuir-veritable-marocain-pouf-carre-caramel-marron","status":"publish","type":"product","link":"https:\/\/berberedesign.com\/fr\/pouf-en-cuir-veritable-marocain-pouf-carre-caramel-marron\/","title":{"rendered":"Pouf marocain en cuir v\u00e9ritable Carr\u00e9 - Pouf marron caramel"},"content":{"rendered":"<p>Ajoutez une touche d'\u00e9l\u00e9gance marocaine \u00e0 votre espace de vie avec ce pouf carr\u00e9 en cuir fabriqu\u00e9 \u00e0 la main. Fabriqu\u00e9 en cuir v\u00e9ritable, ce pouf pr\u00e9sente des tons chauds de marron et de caramel, alliant tradition et modernit\u00e9. Parfait comme repose-pieds, comme si\u00e8ge d'appoint ou comme pi\u00e8ce d'accent \u00e9l\u00e9gante, il s'int\u00e8gre sans effort \u00e0 tous les styles de d\u00e9coration.<\/p>\n<ul>\n<li><strong>Artisanat authentique :<\/strong> Fabriqu\u00e9 \u00e0 la main par des artisans marocains \u00e0 partir de cuir v\u00e9ritable de premi\u00e8re qualit\u00e9.<\/li>\n<li><strong>Tons bruns et caramels riches :<\/strong> Une palette chaude et neutre qui s'adapte \u00e0 une grande vari\u00e9t\u00e9 d'int\u00e9rieurs.<\/li>\n<li><strong>Utilisation polyvalente :<\/strong> Id\u00e9al comme repose-pieds, comme si\u00e8ge suppl\u00e9mentaire ou comme \u00e9l\u00e9ment d\u00e9coratif.<\/li>\n<li><strong>Durable et de longue dur\u00e9e :<\/strong> Sa construction robuste lui permet de rester un \u00e9l\u00e9ment de base \u00e9l\u00e9gant pendant des ann\u00e9es.<\/li>\n<\/ul>\n<p>Transformez votre int\u00e9rieur avec ce pouf en cuir marocain, qui allie style, confort et h\u00e9ritage culturel.<\/p>\n<p><iframe title=\"Un talent artisanal marocain\" width=\"1200\" height=\"675\" src=\"https:\/\/www.youtube.com\/embed\/c_10xM47nDw?feature=oembed&#038;enablejsapi=1&#038;origin=https:\/\/berberedesign.com\" frameborder=\"0\" allow=\"accelerometer; autoplay; clipboard-write; encrypted-media; gyroscope; picture-in-picture; web-share\" referrerpolicy=\"strict-origin-when-cross-origin\" allowfullscreen><\/iframe><\/p>","protected":false},"excerpt":{"rendered":"<p>Laissez-vous s\u00e9duire par les peluches <strong>le confort<\/strong> de cette magnifique pi\u00e8ce unique. <strong>pouf marron caramel<\/strong>Le produit est fabriqu\u00e9 m\u00e9ticuleusement \u00e0 partir d'un mat\u00e9riau de base <strong>pouf en cuir v\u00e9ritable marocain<\/strong>. Le rembourrage doux et confortable vous permettra de vous asseoir et de vous d\u00e9tendre, ce qui en fait un choix id\u00e9al pour un repose-pieds, un ottoman ou une pi\u00e8ce d'accentuation. <strong>Pouf brun caramel<\/strong>\u00a0s'int\u00e8gre facilement \u00e0 tout d\u00e9cor int\u00e9rieur.<\/p>","protected":false},"featured_media":102394,"comment_status":"open","ping_status":"closed","template":"","meta":[],"product_brand":[],"product_cat":[234,202,302,204,232,236],"product_tag":[],"class_list":{"0":"post-97218","1":"product","2":"type-product","3":"status-publish","4":"has-post-thumbnail","6":"product_cat-best-sellers","7":"product_cat-home-decor","8":"product_cat-leather-poufs","9":"product_cat-moroccan-poufs","10":"product_cat-new-arrivals","11":"product_cat-sale-items","12":"product_shipping_class-free","13":"description-off","15":"first","16":"instock","17":"sale","18":"shipping-taxable","19":"purchasable","20":"product-type-variable"},"jetpack_sharing_enabled":true,"_links":{"self":[{"href":"https:\/\/berberedesign.com\/fr\/wp-json\/wp\/v2\/product\/97218","targetHints":{"allow":["GET"]}}],"collection":[{"href":"https:\/\/berberedesign.com\/fr\/wp-json\/wp\/v2\/product"}],"about":[{"href":"https:\/\/berberedesign.com\/fr\/wp-json\/wp\/v2\/types\/product"}],"replies":[{"embeddable":true,"href":"https:\/\/berberedesign.com\/fr\/wp-json\/wp\/v2\/comments?post=97218"}],"version-history":[{"count":2,"href":"https:\/\/berberedesign.com\/fr\/wp-json\/wp\/v2\/product\/97218\/revisions"}],"predecessor-version":[{"id":106815,"href":"https:\/\/berberedesign.com\/fr\/wp-json\/wp\/v2\/product\/97218\/revisions\/106815"}],"wp:featuredmedia":[{"embeddable":true,"href":"https:\/\/berberedesign.com\/fr\/wp-json\/wp\/v2\/media\/102394"}],"wp:attachment":[{"href":"https:\/\/berberedesign.com\/fr\/wp-json\/wp\/v2\/media?parent=97218"}],"wp:term":[{"taxonomy":"product_brand","embeddable":true,"href":"https:\/\/berberedesign.com\/fr\/wp-json\/wp\/v2\/product_brand?post=97218"},{"taxonomy":"product_cat","embeddable":true,"href":"https:\/\/berberedesign.com\/fr\/wp-json\/wp\/v2\/product_cat?post=97218"},{"taxonomy":"product_tag","embeddable":true,"href":"https:\/\/berberedesign.com\/fr\/wp-json\/wp\/v2\/product_tag?post=97218"}],"curies":[{"name":"wp","href":"https:\/\/api.w.org\/{rel}","templated":true}]}}