{"id":96066,"date":"2021-07-15T09:39:56","date_gmt":"2021-07-15T09:39:56","guid":{"rendered":"https:\/\/divifurnitureshop.divifixer.com\/?post_type=product&#038;p=168"},"modified":"2026-03-31T17:23:21","modified_gmt":"2026-03-31T17:23:21","slug":"tapis-marocain-najma","status":"publish","type":"product","link":"https:\/\/berberedesign.com\/fr\/tapis-marocain-najma\/","title":{"rendered":"Superbe tapis marocain Najma - Tr\u00e9sor de Beni Ourain"},"content":{"rendered":"<p>Laissez-vous s\u00e9duire par la beaut\u00e9 enchanteresse de notre tapis Najma, un v\u00e9ritable chef-d'\u0153uvre qui capture l'essence du design berb\u00e8re marocain. Tiss\u00e9 \u00e0 la main avec une attention m\u00e9ticuleuse aux d\u00e9tails, ce tapis est fabriqu\u00e9 \u00e0 partir de laine 100%, garantissant confort et durabilit\u00e9.<\/p>\n<p>Le tapis Najma pr\u00e9sente un fond blanc captivant, symbole de puret\u00e9 et de tranquillit\u00e9, ce qui en fait un compl\u00e9ment polyvalent pour tout int\u00e9rieur. Sa surface est parsem\u00e9e d'\u00e9toiles, chacune con\u00e7ue de mani\u00e8re unique avec des couleurs vibrantes qui \u00e9voquent un sentiment de fantaisie et de joie. Ces motifs c\u00e9lestes rendent hommage aux merveilles c\u00e9lestes qui ont fascin\u00e9 et inspir\u00e9 les cultures tout au long de l'histoire. Mesurant [250x150cm - 8.20\u00d74.92 ft ], ce tapis est parfait pour ajouter une touche d'\u00e9l\u00e9gance marocaine \u00e0 votre salon, votre chambre \u00e0 coucher ou tout autre espace qui a besoin d'une touche de chaleur et de caract\u00e8re. Les fibres de laine pelucheuses offrent une texture douce et confortable sous les pieds, vous invitant \u00e0 vous enfoncer dans son \u00e9treinte luxueuse.<\/p>\n<p><img fetchpriority=\"high\" decoding=\"async\" class=\"aligncenter wp-image-101235 size-large\" src=\"https:\/\/berberedesign.com\/wp-content\/uploads\/2021\/07\/Najma-Berber-design-rug-new-design-1-1024x683.webp\" alt=\"Najma Berber design tapis nouveau design\" width=\"1024\" height=\"683\" title=\"\" srcset=\"https:\/\/berberedesign.com\/wp-content\/uploads\/2021\/07\/Najma-Berber-design-rug-new-design-1-1024x683.webp 1024w, https:\/\/berberedesign.com\/wp-content\/uploads\/2021\/07\/Najma-Berber-design-rug-new-design-1-300x200.webp 300w, https:\/\/berberedesign.com\/wp-content\/uploads\/2021\/07\/Najma-Berber-design-rug-new-design-1-768x512.webp 768w, https:\/\/berberedesign.com\/wp-content\/uploads\/2021\/07\/Najma-Berber-design-rug-new-design-1-18x12.webp 18w, https:\/\/berberedesign.com\/wp-content\/uploads\/2021\/07\/Najma-Berber-design-rug-new-design-1-1064x710.webp 1064w, https:\/\/berberedesign.com\/wp-content\/uploads\/2021\/07\/Najma-Berber-design-rug-new-design-1-20x13.webp 20w, https:\/\/berberedesign.com\/wp-content\/uploads\/2021\/07\/Najma-Berber-design-rug-new-design-1-64x43.webp 64w, https:\/\/berberedesign.com\/wp-content\/uploads\/2021\/07\/Najma-Berber-design-rug-new-design-1-1080x721.webp 1080w, https:\/\/berberedesign.com\/wp-content\/uploads\/2021\/07\/Najma-Berber-design-rug-new-design-1-980x654.webp 980w, https:\/\/berberedesign.com\/wp-content\/uploads\/2021\/07\/Najma-Berber-design-rug-new-design-1-480x320.webp 480w, https:\/\/berberedesign.com\/wp-content\/uploads\/2021\/07\/Najma-Berber-design-rug-new-design-1.webp 1280w\" sizes=\"(max-width: 1024px) 100vw, 1024px\"><\/p>\n<p>Le tapis Najma allie harmonieusement un savoir-faire traditionnel \u00e0 une esth\u00e9tique contemporaine, ce qui en fait un choix polyvalent qui s'adapte \u00e0 un large \u00e9ventail de styles d'int\u00e9rieur. Que votre d\u00e9cor tende vers le minimalisme moderne ou qu'il adopte un charme \u00e9clectique, ce tapis rehaussera sans effort l'ambiance de votre espace.<\/p>\n<p>Embrassez l'allure de l'h\u00e9ritage marocain et les merveilles c\u00e9lestes avec le tapis Najma. Chaque tapis est une \u0153uvre d'art unique, portant les marques des artisans qualifi\u00e9s qui l'ont confectionn\u00e9. En introduisant cette pi\u00e8ce exquise dans votre maison, vous ajoutez non seulement une touche de luxe, mais vous soutenez \u00e9galement la pr\u00e9servation de l'artisanat marocain traditionnel.<\/p>\n<p>Transformez votre espace avec la beaut\u00e9 \u00e9th\u00e9r\u00e9e du tapis Najma et laissez ses \u00e9toiles illuminer votre environnement, cr\u00e9ant une atmosph\u00e8re de confort, d'enchantement et de style intemporel.<\/p>","protected":false},"excerpt":{"rendered":"<p>Voici notre exquis tapis marocain Najma, une pi\u00e8ce \u00e9tonnante qui allie l'\u00e9l\u00e9gance intemporelle du design berb\u00e8re marocain \u00e0 une touche de charme c\u00e9leste. Fabriqu\u00e9 \u00e0 la main par des artisans qualifi\u00e9s, ce tapis en laine 100% pr\u00e9sente un magnifique fond blanc orn\u00e9 d'\u00e9toiles enchanteresses de diff\u00e9rentes couleurs. Le tapis Najma apporte sans effort chaleur, style et une touche d'\u00e9merveillement c\u00e9leste \u00e0 n'importe quel espace.<\/p>","protected":false},"featured_media":102550,"comment_status":"open","ping_status":"closed","template":"","meta":[],"product_brand":[],"product_cat":[232,192,190,319,318],"product_tag":[],"class_list":{"0":"post-96066","1":"product","2":"type-product","3":"status-publish","4":"has-post-thumbnail","6":"product_cat-new-arrivals","7":"product_cat-beni-ourain-rugs","8":"product_cat-rugs","9":"product_cat-rugs-wool-handcrafted-benches","10":"product_cat-wool","11":"product_shipping_class-free","12":"description-off","14":"first","15":"instock","16":"shipping-taxable","17":"purchasable","18":"product-type-simple"},"jetpack_sharing_enabled":true,"_links":{"self":[{"href":"https:\/\/berberedesign.com\/fr\/wp-json\/wp\/v2\/product\/96066","targetHints":{"allow":["GET"]}}],"collection":[{"href":"https:\/\/berberedesign.com\/fr\/wp-json\/wp\/v2\/product"}],"about":[{"href":"https:\/\/berberedesign.com\/fr\/wp-json\/wp\/v2\/types\/product"}],"replies":[{"embeddable":true,"href":"https:\/\/berberedesign.com\/fr\/wp-json\/wp\/v2\/comments?post=96066"}],"version-history":[{"count":1,"href":"https:\/\/berberedesign.com\/fr\/wp-json\/wp\/v2\/product\/96066\/revisions"}],"predecessor-version":[{"id":105327,"href":"https:\/\/berberedesign.com\/fr\/wp-json\/wp\/v2\/product\/96066\/revisions\/105327"}],"wp:featuredmedia":[{"embeddable":true,"href":"https:\/\/berberedesign.com\/fr\/wp-json\/wp\/v2\/media\/102550"}],"wp:attachment":[{"href":"https:\/\/berberedesign.com\/fr\/wp-json\/wp\/v2\/media?parent=96066"}],"wp:term":[{"taxonomy":"product_brand","embeddable":true,"href":"https:\/\/berberedesign.com\/fr\/wp-json\/wp\/v2\/product_brand?post=96066"},{"taxonomy":"product_cat","embeddable":true,"href":"https:\/\/berberedesign.com\/fr\/wp-json\/wp\/v2\/product_cat?post=96066"},{"taxonomy":"product_tag","embeddable":true,"href":"https:\/\/berberedesign.com\/fr\/wp-json\/wp\/v2\/product_tag?post=96066"}],"curies":[{"name":"wp","href":"https:\/\/api.w.org\/{rel}","templated":true}]}}