{"id":93993,"date":"2021-07-15T09:39:57","date_gmt":"2021-07-15T09:39:57","guid":{"rendered":"https:\/\/divifurnitureshop.divifixer.com\/?post_type=product&#038;p=187"},"modified":"2026-03-28T03:48:26","modified_gmt":"2026-03-28T03:48:26","slug":"oreiller-en-soie-cactus-marocain-housse-orange","status":"publish","type":"product","link":"https:\/\/berberedesign.com\/fr\/oreiller-en-soie-cactus-marocain-housse-orange\/","title":{"rendered":"Oreiller en soie Cactus du Maroc Couverture orange"},"content":{"rendered":"<h1>Vous cherchez un moyen d'ajouter une touche de couleur \u00e0 votre espace de vie ?<\/h1>\n<p>Consid\u00e9rez le <strong>Oreiller en soie Cactus du Maroc Couverture orange<\/strong> qui est actuellement en vente. Fabriqu\u00e9 en <strong>soie de cactus de haute qualit\u00e9<\/strong>Cette housse de coussin pr\u00e9sente des motifs complexes inspir\u00e9s des traditions de l'Asie du Sud-Est. <strong>D\u00e9coration marocaine<\/strong>. La teinte orange vibrante ne manquera pas d'attirer l'attention dans n'importe quelle pi\u00e8ce. Non seulement cette housse de coussin est \u00e9l\u00e9gante, mais elle est \u00e9galement fonctionnelle et confortable, ce qui en fait un compl\u00e9ment id\u00e9al pour tout canap\u00e9, fauteuil ou lit. En plus de la <strong>Oreiller en soie Cactus du Maroc Couverture orange<\/strong>Il existe de nombreuses autres options de coussins marocains qui peuvent rehausser votre d\u00e9coration int\u00e9rieure.<\/p>\n<p><img fetchpriority=\"high\" decoding=\"async\" class=\"aligncenter wp-image-100780 size-large\" src=\"https:\/\/berberedesign.com\/wp-content\/uploads\/2021\/07\/background-1280_854-1-1024x683.jpg\" alt=\"Taie d&#039;oreiller en soie de cactus marocain orange amazon\" width=\"1024\" height=\"683\" title=\"\" srcset=\"https:\/\/berberedesign.com\/wp-content\/uploads\/2021\/07\/background-1280_854-1-1024x683.jpg 1024w, https:\/\/berberedesign.com\/wp-content\/uploads\/2021\/07\/background-1280_854-1-300x200.jpg 300w, https:\/\/berberedesign.com\/wp-content\/uploads\/2021\/07\/background-1280_854-1-768x512.jpg 768w, https:\/\/berberedesign.com\/wp-content\/uploads\/2021\/07\/background-1280_854-1-1536x1025.jpg 1536w, https:\/\/berberedesign.com\/wp-content\/uploads\/2021\/07\/background-1280_854-1-18x12.jpg 18w, https:\/\/berberedesign.com\/wp-content\/uploads\/2021\/07\/background-1280_854-1-1064x710.jpg 1064w, https:\/\/berberedesign.com\/wp-content\/uploads\/2021\/07\/background-1280_854-1-20x13.jpg 20w, https:\/\/berberedesign.com\/wp-content\/uploads\/2021\/07\/background-1280_854-1-64x43.jpg 64w, https:\/\/berberedesign.com\/wp-content\/uploads\/2021\/07\/background-1280_854-1-1080x721.jpg 1080w, https:\/\/berberedesign.com\/wp-content\/uploads\/2021\/07\/background-1280_854-1-1280x854.jpg 1280w, https:\/\/berberedesign.com\/wp-content\/uploads\/2021\/07\/background-1280_854-1-980x654.jpg 980w, https:\/\/berberedesign.com\/wp-content\/uploads\/2021\/07\/background-1280_854-1-480x320.jpg 480w, https:\/\/berberedesign.com\/wp-content\/uploads\/2021\/07\/background-1280_854-1.jpg 1920w\" sizes=\"(max-width: 1024px) 100vw, 1024px\"><\/p>\n<p>disponible dans une gamme de couleurs et de tailles pour s'adapter \u00e0 tous les d\u00e9cors. Les plus petits <strong>45 x 45cm<\/strong> est id\u00e9al pour les espaces d'accentuation o\u00f9 vous souhaitez ajouter une touche de couleur. Laissez-vous s\u00e9duire par le toucher luxueux de la soie de cactus avec notre oreiller lombaire, disponible dans une teinte orange saisissante. Profitez de nos soldes sur le coussin lombaire en soie de cactus, ou procurez-vous une copie du populaire coussin lombaire en soie de cactus. <strong>Oreiller en soie Cactus du Maroc Couverture orange<\/strong>\u00a0aujourd'hui.<\/p>\n<p>&nbsp;<\/p>","protected":false},"excerpt":{"rendered":"<p>D\u00e9couvrez l'attrait vibrant et exotique de notre oreiller lombaire en soie de cactus. Ce superbe ajout \u00e0 votre d\u00e9coration int\u00e9rieure comprend une housse d'oreiller en soie de cactus marocain orange accrocheuse qui est actuellement en vente. Ne manquez pas l'occasion d'ajouter cette pi\u00e8ce unique et magnifique \u00e0 votre collection.<\/p>","protected":false},"featured_media":100783,"comment_status":"open","ping_status":"closed","template":"","meta":[],"product_brand":[],"product_cat":[234,198,197,199,232,196,200,236,201],"product_tag":[138,136,135,137],"class_list":{"0":"post-93993","1":"product","2":"type-product","3":"status-publish","4":"has-post-thumbnail","6":"product_cat-best-sellers","7":"product_cat-embroidered-cushions","8":"product_cat-handwoven-berber-pillows","9":"product_cat-kilim-pillow-covers","10":"product_cat-new-arrivals","11":"product_cat-pillows-and-cushions","12":"product_cat-pom-pom-cushions","13":"product_cat-sale-items","14":"product_cat-vintage-berber-pillows","15":"product_tag-moroccan-cactus-silk","16":"product_tag-moroccan-cactus-silk-pillow-orange-cover","17":"product_tag-moroccan-cushions","18":"product_tag-range-pillow-cover","19":"product_shipping_class-free","20":"description-off","22":"first","23":"instock","24":"shipping-taxable","25":"purchasable","26":"product-type-simple"},"jetpack_sharing_enabled":true,"_links":{"self":[{"href":"https:\/\/berberedesign.com\/fr\/wp-json\/wp\/v2\/product\/93993","targetHints":{"allow":["GET"]}}],"collection":[{"href":"https:\/\/berberedesign.com\/fr\/wp-json\/wp\/v2\/product"}],"about":[{"href":"https:\/\/berberedesign.com\/fr\/wp-json\/wp\/v2\/types\/product"}],"replies":[{"embeddable":true,"href":"https:\/\/berberedesign.com\/fr\/wp-json\/wp\/v2\/comments?post=93993"}],"version-history":[{"count":0,"href":"https:\/\/berberedesign.com\/fr\/wp-json\/wp\/v2\/product\/93993\/revisions"}],"wp:featuredmedia":[{"embeddable":true,"href":"https:\/\/berberedesign.com\/fr\/wp-json\/wp\/v2\/media\/100783"}],"wp:attachment":[{"href":"https:\/\/berberedesign.com\/fr\/wp-json\/wp\/v2\/media?parent=93993"}],"wp:term":[{"taxonomy":"product_brand","embeddable":true,"href":"https:\/\/berberedesign.com\/fr\/wp-json\/wp\/v2\/product_brand?post=93993"},{"taxonomy":"product_cat","embeddable":true,"href":"https:\/\/berberedesign.com\/fr\/wp-json\/wp\/v2\/product_cat?post=93993"},{"taxonomy":"product_tag","embeddable":true,"href":"https:\/\/berberedesign.com\/fr\/wp-json\/wp\/v2\/product_tag?post=93993"}],"curies":[{"name":"wp","href":"https:\/\/api.w.org\/{rel}","templated":true}]}}