{"id":93483,"date":"2021-07-15T09:39:57","date_gmt":"2021-07-15T09:39:57","guid":{"rendered":"https:\/\/divifurnitureshop.divifixer.com\/?post_type=product&#038;p=177"},"modified":"2025-03-19T13:04:43","modified_gmt":"2025-03-19T13:04:43","slug":"pouf-marocain-en-cuir-vert","status":"publish","type":"product","link":"https:\/\/berberedesign.com\/fr\/pouf-marocain-en-cuir-vert\/","title":{"rendered":"Verde Vintage : Pouf marocain en cuir vert"},"content":{"rendered":"<p>Apportez une touche d'art marocain \u00e0 votre espace avec ce pouf en cuir vert vibrant. Fabriqu\u00e9 \u00e0 la main par des artisans qualifi\u00e9s, ce pouf est fabriqu\u00e9 en cuir v\u00e9ritable de haute qualit\u00e9, offrant \u00e0 la fois durabilit\u00e9 et style intemporel. Sa teinte verte audacieuse en fait une pi\u00e8ce de choix pour n'importe quel int\u00e9rieur, qu'il soit utilis\u00e9 comme repose-pieds, comme si\u00e8ge suppl\u00e9mentaire ou pour attirer l'attention.<\/p>\n<ul>\n<li><strong>Artisanat authentique :<\/strong> M\u00e9ticuleusement fabriqu\u00e9 \u00e0 la main par des artisans marocains \u00e0 partir de cuir v\u00e9ritable de premi\u00e8re qualit\u00e9.<\/li>\n<li><strong>Teinte verte vibrante :<\/strong> Une couleur audacieuse et rafra\u00eechissante qui donne du caract\u00e8re \u00e0 n'importe quelle pi\u00e8ce.<\/li>\n<li><strong>Utilisation polyvalente :<\/strong> Id\u00e9al comme repose-pieds, comme si\u00e8ge suppl\u00e9mentaire ou comme \u00e9l\u00e9ment de d\u00e9cor \u00e9l\u00e9gant.<\/li>\n<li><strong>Durable et fonctionnel :<\/strong> Construit pour durer avec une construction robuste et un attrait intemporel.<\/li>\n<\/ul>\n<p>Ce pouf en cuir marocain vert allie tradition, artisanat et design moderne, ce qui en fait un choix parfait pour ceux qui appr\u00e9cient le style et la fonctionnalit\u00e9.<\/p>","protected":false},"excerpt":{"rendered":"<p>Introduisez une \u00e9l\u00e9gance intemporelle avec le Verde Vintage : <strong>Pouf marocain en cuir vert<\/strong>. Fabriqu\u00e9 \u00e0 la main avec du cuir vert de premi\u00e8re qualit\u00e9, ce pouf n'est pas seulement un si\u00e8ge, c'est une \u0153uvre d'art marocaine. Ses couleurs vives et son design m\u00e9ticuleux en font une pi\u00e8ce fonctionnelle remarquable, parfaite comme repose-pieds, si\u00e8ge ou accent \u00e9l\u00e9gant. \u00c9levez votre espace avec cette incarnation du luxe et de l'artisanat, et transformez chaque r\u00e9union en une affaire \u00e9l\u00e9gante.<\/p>","protected":false},"featured_media":102382,"comment_status":"open","ping_status":"closed","template":"","meta":[],"product_brand":[],"product_cat":[234,301,302,204,232,236],"product_tag":[],"class_list":{"0":"post-93483","1":"product","2":"type-product","3":"status-publish","4":"has-post-thumbnail","6":"product_cat-best-sellers","7":"product_cat-leather","8":"product_cat-leather-poufs","9":"product_cat-moroccan-poufs","10":"product_cat-new-arrivals","11":"product_cat-sale-items","12":"product_shipping_class-free","13":"description-off","15":"first","16":"instock","17":"sale","18":"shipping-taxable","19":"purchasable","20":"product-type-variable"},"jetpack_sharing_enabled":true,"_links":{"self":[{"href":"https:\/\/berberedesign.com\/fr\/wp-json\/wp\/v2\/product\/93483","targetHints":{"allow":["GET"]}}],"collection":[{"href":"https:\/\/berberedesign.com\/fr\/wp-json\/wp\/v2\/product"}],"about":[{"href":"https:\/\/berberedesign.com\/fr\/wp-json\/wp\/v2\/types\/product"}],"replies":[{"embeddable":true,"href":"https:\/\/berberedesign.com\/fr\/wp-json\/wp\/v2\/comments?post=93483"}],"version-history":[{"count":2,"href":"https:\/\/berberedesign.com\/fr\/wp-json\/wp\/v2\/product\/93483\/revisions"}],"predecessor-version":[{"id":104567,"href":"https:\/\/berberedesign.com\/fr\/wp-json\/wp\/v2\/product\/93483\/revisions\/104567"}],"wp:featuredmedia":[{"embeddable":true,"href":"https:\/\/berberedesign.com\/fr\/wp-json\/wp\/v2\/media\/102382"}],"wp:attachment":[{"href":"https:\/\/berberedesign.com\/fr\/wp-json\/wp\/v2\/media?parent=93483"}],"wp:term":[{"taxonomy":"product_brand","embeddable":true,"href":"https:\/\/berberedesign.com\/fr\/wp-json\/wp\/v2\/product_brand?post=93483"},{"taxonomy":"product_cat","embeddable":true,"href":"https:\/\/berberedesign.com\/fr\/wp-json\/wp\/v2\/product_cat?post=93483"},{"taxonomy":"product_tag","embeddable":true,"href":"https:\/\/berberedesign.com\/fr\/wp-json\/wp\/v2\/product_tag?post=93483"}],"curies":[{"name":"wp","href":"https:\/\/api.w.org\/{rel}","templated":true}]}}