{"id":91097,"date":"2021-07-15T09:39:57","date_gmt":"2021-07-15T09:39:57","guid":{"rendered":"https:\/\/divifurnitureshop.divifixer.com\/?post_type=product&#038;p=175"},"modified":"2025-02-22T17:26:48","modified_gmt":"2025-02-22T17:26:48","slug":"le-beige-tapis-azilal-super-doux-tapis-marocain","status":"publish","type":"product","link":"https:\/\/berberedesign.com\/fr\/le-beige-tapis-azilal-super-doux-tapis-marocain\/","title":{"rendered":"The Beige Super Soft Azilal Rug Tapis marocain"},"content":{"rendered":"<p>Le tapis marocain beige super doux Azilal Rug est l'article id\u00e9al pour tous ceux qui recherchent un produit capable de fusionner les superbes motifs des tapis marocains et le toucher luxueux d'un Azilal. Ce tapis tribal berb\u00e8re est nou\u00e9 \u00e0 la main \u00e0 Azilal, au Maroc, et pr\u00e9sente des motifs complexes dans une couleur blanc beige qui ajoute une touche boh\u00e8me chaleureuse et invitante \u00e0 toute chambre \u00e0 coucher ou salle de s\u00e9jour.<\/p>\n<p>Les dimensions g\u00e9n\u00e9reuses de 150 cm x 250 cm -4'92\" X 8'20\" font de ce tapis abstrait Beni une pi\u00e8ce remarquable qui peut faire sensation dans n'importe quel espace. Gr\u00e2ce \u00e0 sa qualit\u00e9 de fabrication exceptionnelle et \u00e0 son aspect \u00e0 la fois douillet et sophistiqu\u00e9, il est indispensable pour ceux qui souhaitent rehausser l'aspect et l'atmosph\u00e8re de leur maison.<\/p>\n<p><img fetchpriority=\"high\" decoding=\"async\" class=\"wp-image-100450 size-large\" src=\"https:\/\/berberedesign.com\/wp-content\/uploads\/2023\/05\/4-5-1024x682.jpg\" alt=\"\" width=\"1024\" height=\"682\" title=\"\"><\/p>\n<p>Si vous \u00eates \u00e0 la recherche d'un produit qui allie harmonieusement la beaut\u00e9 des tapis marocains et le toucher moelleux d'un tapis berb\u00e8re Azilal, le tapis marocain Beige Super Soft Azilal Rug est le choix id\u00e9al. Nou\u00e9 \u00e0 la main avec pr\u00e9cision \u00e0 Azilal, au Maroc, il arbore des motifs complexes et une couleur blanc beige qui conf\u00e8re une ambiance boh\u00e8me chaleureuse et accueillante \u00e0 tout espace de vie ou chambre \u00e0 coucher.<\/p>\n<p>Ce tapis tribal berb\u00e8re deviendra \u00e0 coup s\u00fbr le point focal et un ajout intemporel \u00e0 votre d\u00e9cor, que vous choisissiez de le placer dans votre salon, votre chambre \u00e0 coucher ou tout autre espace. Alors n'h\u00e9sitez plus et laissez-vous tenter par le luxe du Maroc Berb\u00e8re d\u00e8s aujourd'hui.<\/p>","protected":false},"excerpt":{"rendered":"<p><strong>Berberedesign<\/strong> pr\u00e9sente <strong>Tapis beige Super Soft Azilal<\/strong> qui fait flotter la pi\u00e8ce avec sophistication et d\u00e9cor. Cette <strong>Berberedesign<\/strong> Le tapis d'ext\u00e9rieur matelass\u00e9 convient pour repr\u00e9senter le parquet dans une d\u00e9licieuse aura de magnificence beige. Il emp\u00eache \u00e9galement la poussi\u00e8re de s'accumuler, ce qui permet de garder la maison propre et ordonn\u00e9e tout en ajoutant de l'\u00e9l\u00e9gance \u00e0 votre espace.<\/p>","protected":false},"featured_media":101869,"comment_status":"open","ping_status":"closed","template":"","meta":[],"product_brand":[],"product_cat":[234,193,232,190,319,236,318],"product_tag":[],"class_list":{"0":"post-91097","1":"product","2":"type-product","3":"status-publish","4":"has-post-thumbnail","6":"product_cat-best-sellers","7":"product_cat-azilal-rugs","8":"product_cat-new-arrivals","9":"product_cat-rugs","10":"product_cat-rugs-wool-handcrafted-benches","11":"product_cat-sale-items","12":"product_cat-wool","13":"product_shipping_class-free","14":"description-off","16":"first","17":"instock","18":"featured","19":"shipping-taxable","20":"purchasable","21":"product-type-simple"},"jetpack_sharing_enabled":true,"_links":{"self":[{"href":"https:\/\/berberedesign.com\/fr\/wp-json\/wp\/v2\/product\/91097","targetHints":{"allow":["GET"]}}],"collection":[{"href":"https:\/\/berberedesign.com\/fr\/wp-json\/wp\/v2\/product"}],"about":[{"href":"https:\/\/berberedesign.com\/fr\/wp-json\/wp\/v2\/types\/product"}],"replies":[{"embeddable":true,"href":"https:\/\/berberedesign.com\/fr\/wp-json\/wp\/v2\/comments?post=91097"}],"version-history":[{"count":1,"href":"https:\/\/berberedesign.com\/fr\/wp-json\/wp\/v2\/product\/91097\/revisions"}],"predecessor-version":[{"id":105323,"href":"https:\/\/berberedesign.com\/fr\/wp-json\/wp\/v2\/product\/91097\/revisions\/105323"}],"wp:featuredmedia":[{"embeddable":true,"href":"https:\/\/berberedesign.com\/fr\/wp-json\/wp\/v2\/media\/101869"}],"wp:attachment":[{"href":"https:\/\/berberedesign.com\/fr\/wp-json\/wp\/v2\/media?parent=91097"}],"wp:term":[{"taxonomy":"product_brand","embeddable":true,"href":"https:\/\/berberedesign.com\/fr\/wp-json\/wp\/v2\/product_brand?post=91097"},{"taxonomy":"product_cat","embeddable":true,"href":"https:\/\/berberedesign.com\/fr\/wp-json\/wp\/v2\/product_cat?post=91097"},{"taxonomy":"product_tag","embeddable":true,"href":"https:\/\/berberedesign.com\/fr\/wp-json\/wp\/v2\/product_tag?post=91097"}],"curies":[{"name":"wp","href":"https:\/\/api.w.org\/{rel}","templated":true}]}}