{"id":106717,"date":"2025-02-18T23:48:56","date_gmt":"2025-02-18T23:48:56","guid":{"rendered":"https:\/\/berberedesign.com\/elegant-and-comfortable-handcrafted-sandal\/"},"modified":"2025-03-28T23:16:06","modified_gmt":"2025-03-28T23:16:06","slug":"sandale-artisanale-elegante-et-confortable","status":"publish","type":"product","link":"https:\/\/berberedesign.com\/fr\/sandale-artisanale-elegante-et-confortable\/","title":{"rendered":"\u00c9l\u00e9gant et confortable : Sandale artisanale"},"content":{"rendered":"<h3>\u00c9l\u00e9gant et confortable : Sandale artisanale<\/h3>\n<p class=\"main-description\">Cette sandale pr\u00e9sente un design \u00e9l\u00e9gant fait \u00e0 la main qui t\u00e9moigne d'un savoir-faire magistral. Fabriqu\u00e9e \u00e0 partir de mat\u00e9riaux de haute qualit\u00e9,<br \/>\nil offre \u00e0 la fois confort et style. Son design simple mais efficace le rend id\u00e9al pour un usage quotidien.<br \/>\navec une touche de sophistication.<\/p>\n<div class=\"key-features\">\n<h4>Caract\u00e9ristiques principales :<\/h4>\n<ul>\n<li>Fabriqu\u00e9 \u00e0 la main avec pr\u00e9cision et soin<\/li>\n<li>Mat\u00e9riaux durables et de haute qualit\u00e9<\/li>\n<li>Combine harmonieusement le confort et l'\u00e9l\u00e9gance<\/li>\n<\/ul>\n<\/div>","protected":false},"excerpt":{"rendered":"<div class=\"image-description\">\n<p>Une sandale fabriqu\u00e9e \u00e0 la main, au design \u00e9l\u00e9gant et confortable, qui allie esth\u00e9tique et fonctionnalit\u00e9 en une seule pi\u00e8ce.<\/p>\n<div class=\"key-features\">\n<p>&nbsp;<\/p>\n<\/div>\n<\/div>","protected":false},"featured_media":106718,"comment_status":"open","ping_status":"closed","template":"","meta":[],"product_brand":[],"product_cat":[305],"product_tag":[],"class_list":{"0":"post-106717","1":"product","2":"type-product","3":"status-publish","4":"has-post-thumbnail","6":"product_cat-shoes","7":"pa_size-330","8":"pa_size-331","9":"pa_size-332","10":"pa_size-333","11":"pa_size-344","12":"pa_size-345","13":"pa_size-346","14":"description-off","16":"first","17":"instock","18":"shipping-taxable","19":"purchasable","20":"product-type-variable"},"jetpack_sharing_enabled":true,"_links":{"self":[{"href":"https:\/\/berberedesign.com\/fr\/wp-json\/wp\/v2\/product\/106717","targetHints":{"allow":["GET"]}}],"collection":[{"href":"https:\/\/berberedesign.com\/fr\/wp-json\/wp\/v2\/product"}],"about":[{"href":"https:\/\/berberedesign.com\/fr\/wp-json\/wp\/v2\/types\/product"}],"replies":[{"embeddable":true,"href":"https:\/\/berberedesign.com\/fr\/wp-json\/wp\/v2\/comments?post=106717"}],"version-history":[{"count":4,"href":"https:\/\/berberedesign.com\/fr\/wp-json\/wp\/v2\/product\/106717\/revisions"}],"predecessor-version":[{"id":106816,"href":"https:\/\/berberedesign.com\/fr\/wp-json\/wp\/v2\/product\/106717\/revisions\/106816"}],"wp:featuredmedia":[{"embeddable":true,"href":"https:\/\/berberedesign.com\/fr\/wp-json\/wp\/v2\/media\/106718"}],"wp:attachment":[{"href":"https:\/\/berberedesign.com\/fr\/wp-json\/wp\/v2\/media?parent=106717"}],"wp:term":[{"taxonomy":"product_brand","embeddable":true,"href":"https:\/\/berberedesign.com\/fr\/wp-json\/wp\/v2\/product_brand?post=106717"},{"taxonomy":"product_cat","embeddable":true,"href":"https:\/\/berberedesign.com\/fr\/wp-json\/wp\/v2\/product_cat?post=106717"},{"taxonomy":"product_tag","embeddable":true,"href":"https:\/\/berberedesign.com\/fr\/wp-json\/wp\/v2\/product_tag?post=106717"}],"curies":[{"name":"wp","href":"https:\/\/api.w.org\/{rel}","templated":true}]}}