{"id":106439,"date":"2025-02-11T00:13:35","date_gmt":"2025-02-11T00:13:35","guid":{"rendered":"https:\/\/berberedesign.com\/minimalist-berber-handwoven-chair-in-natural-tones\/"},"modified":"2025-02-22T17:23:31","modified_gmt":"2025-02-22T17:23:31","slug":"chaise-minimaliste-en-berbere-tisse-a-la-main-dans-des-tons-naturels","status":"publish","type":"product","link":"https:\/\/berberedesign.com\/fr\/chaise-minimaliste-en-berbere-tisse-a-la-main-dans-des-tons-naturels\/","title":{"rendered":"Chaise berb\u00e8re minimaliste tiss\u00e9e \u00e0 la main dans des tons naturels"},"content":{"rendered":"<p>Faites entrer un morceau de Maroc dans votre maison avec cette <strong>Authentique chaise berb\u00e8re marocaine tiss\u00e9e \u00e0 la main<\/strong>. Fabriqu\u00e9e \u00e0 la main par des artisans qualifi\u00e9s, cette chaise est dot\u00e9e d'une magnifique assise. <em>si\u00e8ge en laine tiss\u00e9e<\/em> avec des motifs traditionnels de diamants berb\u00e8res, offrant \u00e0 la fois un confort et une touche culturelle.<\/p>\n<ul>\n<li><strong>Mat\u00e9riau :<\/strong> Rembourrage en laine tiss\u00e9e \u00e0 la main avec une base en bois solide<\/li>\n<li><strong>Conception :<\/strong> Motifs uniques de diamants berb\u00e8res pour un look intemporel<\/li>\n<li><strong>Dimensions :<\/strong>\n<ul>\n<li>Largeur : 24 pouces<\/li>\n<li>Hauteur : 17,7 pouces<\/li>\n<li>Profondeur : 16,9 pouces<\/li>\n<\/ul>\n<\/li>\n<li><strong>Utilisation :<\/strong> Parfait pour les salons, les chambres \u00e0 coucher ou comme pi\u00e8ce d'appoint<\/li>\n<\/ul>\n<p>Rehaussez votre int\u00e9rieur avec la chaleur et l'authenticit\u00e9 de la d\u00e9coration marocaine. Chaque chaise est <em>unique<\/em>Il refl\u00e8te le patrimoine et l'art de la culture berb\u00e8re.<\/p>","protected":false},"excerpt":{"rendered":"<p>D\u00e9couvrez le charme de l'artisanat marocain avec cette chaise berb\u00e8re, dot\u00e9e d'un rev\u00eatement en laine tiss\u00e9e \u00e0 la main et de solides pieds en bois, qui allie un design traditionnel \u00e0 une \u00e9l\u00e9gance moderne.<\/p>","protected":false},"featured_media":106440,"comment_status":"open","ping_status":"closed","template":"","meta":[],"product_brand":[],"product_cat":[],"product_tag":[349],"class_list":{"0":"post-106439","1":"product","2":"type-product","3":"status-publish","4":"has-post-thumbnail","6":"product_tag-chair","7":"description-off","9":"first","10":"instock","11":"sale","12":"shipping-taxable","13":"purchasable","14":"product-type-simple"},"jetpack_sharing_enabled":true,"_links":{"self":[{"href":"https:\/\/berberedesign.com\/fr\/wp-json\/wp\/v2\/product\/106439","targetHints":{"allow":["GET"]}}],"collection":[{"href":"https:\/\/berberedesign.com\/fr\/wp-json\/wp\/v2\/product"}],"about":[{"href":"https:\/\/berberedesign.com\/fr\/wp-json\/wp\/v2\/types\/product"}],"replies":[{"embeddable":true,"href":"https:\/\/berberedesign.com\/fr\/wp-json\/wp\/v2\/comments?post=106439"}],"version-history":[{"count":0,"href":"https:\/\/berberedesign.com\/fr\/wp-json\/wp\/v2\/product\/106439\/revisions"}],"wp:featuredmedia":[{"embeddable":true,"href":"https:\/\/berberedesign.com\/fr\/wp-json\/wp\/v2\/media\/106440"}],"wp:attachment":[{"href":"https:\/\/berberedesign.com\/fr\/wp-json\/wp\/v2\/media?parent=106439"}],"wp:term":[{"taxonomy":"product_brand","embeddable":true,"href":"https:\/\/berberedesign.com\/fr\/wp-json\/wp\/v2\/product_brand?post=106439"},{"taxonomy":"product_cat","embeddable":true,"href":"https:\/\/berberedesign.com\/fr\/wp-json\/wp\/v2\/product_cat?post=106439"},{"taxonomy":"product_tag","embeddable":true,"href":"https:\/\/berberedesign.com\/fr\/wp-json\/wp\/v2\/product_tag?post=106439"}],"curies":[{"name":"wp","href":"https:\/\/api.w.org\/{rel}","templated":true}]}}