{"id":106272,"date":"2025-02-09T14:44:56","date_gmt":"2025-02-09T14:44:56","guid":{"rendered":"https:\/\/berberedesign.com\/vintage-moroccan-azilal-rug-soft-pastel-accents\/"},"modified":"2025-10-12T14:26:45","modified_gmt":"2025-10-12T14:26:45","slug":"tapis-azilal-marocain-vintage-aux-doux-accents-pastel","status":"publish","type":"product","link":"https:\/\/berberedesign.com\/fr\/tapis-azilal-marocain-vintage-aux-doux-accents-pastel\/","title":{"rendered":"Tapis marocain vintage en azilal - Accents pastel doux (80\u00d7352 cm \u2248 32\u00d7139 pouces)"},"content":{"rendered":"<div style=\"text-align: center\"><img decoding=\"async\" style=\"max-width: 100%;height: auto;border-radius: 10px\" src=\"https:\/\/berberedesign.com\/wp-content\/uploads\/2025\/02\/DSC01259-scaled.webp\" alt=\"Tapis marocain vintage Azilal\" title=\"\"><\/div>\n<p>D\u00e9couvrez la beaut\u00e9 de l'artisanat marocain avec cette <strong>Tapis vintage Azilal<\/strong>Ce tapis est tiss\u00e9 \u00e0 la main par des artisans berb\u00e8res dans les montagnes de l'Atlas. Fabriqu\u00e9 en laine naturelle 100%, ce tapis pr\u00e9sente de d\u00e9licates teintes pastel tiss\u00e9es dans des symboles berb\u00e8res traditionnels, refl\u00e9tant les histoires et l'h\u00e9ritage de la r\u00e9gion. Les textures douces et les motifs complexes apportent une touche de chaleur et d'art \u00e0 n'importe quelle pi\u00e8ce, ce qui en fait un compl\u00e9ment parfait aux int\u00e9rieurs modernes et rustiques.<\/p>\n<p>Chaque tapis Azilal est une \u0153uvre d'art unique, fabriqu\u00e9e selon des techniques ancestrales transmises de g\u00e9n\u00e9ration en g\u00e9n\u00e9ration. Les fibres naturelles garantissent la durabilit\u00e9 tout en offrant une sensation de douceur et de confort sous les pieds. Qu'il soit plac\u00e9 dans un salon, une chambre ou un couloir, ce tapis ajoute une touche d'authenticit\u00e9 et de richesse culturelle \u00e0 votre espace.<\/p>\n<ul>\n<li><strong>Mat\u00e9riau :<\/strong> 100% Laine naturelle<\/li>\n<li><strong>Origine :<\/strong> Fabriqu\u00e9 \u00e0 la main au Maroc<\/li>\n<li><strong>Instructions d'entretien :<\/strong> Passez l'aspirateur r\u00e9guli\u00e8rement et nettoyez les taches \u00e0 l'aide d'un chiffon humide. Un nettoyage professionnel est recommand\u00e9.<\/li>\n<\/ul>","protected":false},"excerpt":{"rendered":"<p>Ce tapis vintage Azilal allie de douces couleurs pastel \u00e0 des symboles berb\u00e8res traditionnels, parfaits pour ajouter une touche subtile et artistique \u00e0 votre int\u00e9rieur.<\/p>","protected":false},"featured_media":106273,"comment_status":"open","ping_status":"closed","template":"","meta":[],"product_brand":[],"product_cat":[15],"product_tag":[348],"class_list":{"0":"post-106272","1":"product","2":"type-product","3":"status-publish","4":"has-post-thumbnail","6":"product_cat-uncategorized","7":"product_tag-rugs","8":"description-off","10":"first","11":"instock","12":"sale","13":"shipping-taxable","14":"purchasable","15":"product-type-simple"},"jetpack_sharing_enabled":true,"_links":{"self":[{"href":"https:\/\/berberedesign.com\/fr\/wp-json\/wp\/v2\/product\/106272","targetHints":{"allow":["GET"]}}],"collection":[{"href":"https:\/\/berberedesign.com\/fr\/wp-json\/wp\/v2\/product"}],"about":[{"href":"https:\/\/berberedesign.com\/fr\/wp-json\/wp\/v2\/types\/product"}],"replies":[{"embeddable":true,"href":"https:\/\/berberedesign.com\/fr\/wp-json\/wp\/v2\/comments?post=106272"}],"version-history":[{"count":3,"href":"https:\/\/berberedesign.com\/fr\/wp-json\/wp\/v2\/product\/106272\/revisions"}],"predecessor-version":[{"id":106835,"href":"https:\/\/berberedesign.com\/fr\/wp-json\/wp\/v2\/product\/106272\/revisions\/106835"}],"wp:featuredmedia":[{"embeddable":true,"href":"https:\/\/berberedesign.com\/fr\/wp-json\/wp\/v2\/media\/106273"}],"wp:attachment":[{"href":"https:\/\/berberedesign.com\/fr\/wp-json\/wp\/v2\/media?parent=106272"}],"wp:term":[{"taxonomy":"product_brand","embeddable":true,"href":"https:\/\/berberedesign.com\/fr\/wp-json\/wp\/v2\/product_brand?post=106272"},{"taxonomy":"product_cat","embeddable":true,"href":"https:\/\/berberedesign.com\/fr\/wp-json\/wp\/v2\/product_cat?post=106272"},{"taxonomy":"product_tag","embeddable":true,"href":"https:\/\/berberedesign.com\/fr\/wp-json\/wp\/v2\/product_tag?post=106272"}],"curies":[{"name":"wp","href":"https:\/\/api.w.org\/{rel}","templated":true}]}}