{"id":106249,"date":"2025-02-09T14:44:52","date_gmt":"2025-02-09T14:44:52","guid":{"rendered":"https:\/\/berberedesign.com\/handmade-moroccan-wool-rug-traditional-berber-elegance\/"},"modified":"2025-02-22T22:08:22","modified_gmt":"2025-02-22T22:08:22","slug":"tapis-de-laine-marocain-fait-main-elegance-berbere-traditionnelle","status":"publish","type":"product","link":"https:\/\/berberedesign.com\/fr\/tapis-de-laine-marocain-fait-main-elegance-berbere-traditionnelle\/","title":{"rendered":"Tapis marocain en laine fait main - El\u00e9gance traditionnelle berb\u00e8re, (80\u00d7362 cm \u2248 32\u00d7143 inches)"},"content":{"rendered":"<div style=\"text-align: center\"><img decoding=\"async\" style=\"max-width: 100%;height: auto\" src=\"https:\/\/berberedesign.com\/wp-content\/uploads\/2025\/02\/DSC01094-scaled.webp\" alt=\"Tapis marocain en laine fait main\" title=\"\"><\/div>\n<h2>Tapis de laine marocain fait \u00e0 la main - Artisanat berb\u00e8re authentique<\/h2>\n<p>Rehaussez votre int\u00e9rieur avec ce superbe tapis marocain en laine, fabriqu\u00e9 \u00e0 la main par des artisans berb\u00e8res. Avec ses motifs traditionnels complexes, ce tapis apporte chaleur, \u00e9l\u00e9gance et authenticit\u00e9 \u00e0 tout espace.<\/p>\n<ul>\n<li><strong>Mat\u00e9riau :<\/strong> 100% laine premium<\/li>\n<li><strong>Origine :<\/strong> Tiss\u00e9 \u00e0 la main au Maroc<\/li>\n<li><strong>Conception :<\/strong> Motifs berb\u00e8res authentiques et intemporels<\/li>\n<li><strong>Texture :<\/strong> Doux et luxueux sous les pieds<\/li>\n<li><strong>Parfait pour :<\/strong> Salles de s\u00e9jour, chambres \u00e0 coucher ou coins douillets<\/li>\n<\/ul>\n<p>Chaque tapis est un chef-d'\u0153uvre unique, refl\u00e9tant le riche h\u00e9ritage et le savoir-faire de la culture marocaine. Ajoutez une touche de tradition et de sophistication \u00e0 votre int\u00e9rieur d\u00e8s aujourd'hui.<\/p>","protected":false},"excerpt":{"rendered":"<p>D\u00e9couvrez la beaut\u00e9 de l'artisanat marocain avec ce tapis en laine tiss\u00e9 \u00e0 la main, cr\u00e9\u00e9 par d'habiles artisans berb\u00e8res. Fabriqu\u00e9 en laine 100% de premi\u00e8re qualit\u00e9, cette pi\u00e8ce unique pr\u00e9sente des motifs authentiques qui apportent chaleur et sophistication \u00e0 n'importe quel espace. Il est parfait pour les salons, les chambres \u00e0 coucher ou les coins douillets. Chaque tapis est un chef-d'\u0153uvre unique.<\/p>","protected":false},"featured_media":106250,"comment_status":"open","ping_status":"closed","template":"","meta":[],"product_brand":[],"product_cat":[15],"product_tag":[348],"class_list":{"0":"post-106249","1":"product","2":"type-product","3":"status-publish","4":"has-post-thumbnail","6":"product_cat-uncategorized","7":"product_tag-rugs","8":"description-off","10":"first","11":"instock","12":"sale","13":"shipping-taxable","14":"purchasable","15":"product-type-simple"},"jetpack_sharing_enabled":true,"_links":{"self":[{"href":"https:\/\/berberedesign.com\/fr\/wp-json\/wp\/v2\/product\/106249","targetHints":{"allow":["GET"]}}],"collection":[{"href":"https:\/\/berberedesign.com\/fr\/wp-json\/wp\/v2\/product"}],"about":[{"href":"https:\/\/berberedesign.com\/fr\/wp-json\/wp\/v2\/types\/product"}],"replies":[{"embeddable":true,"href":"https:\/\/berberedesign.com\/fr\/wp-json\/wp\/v2\/comments?post=106249"}],"version-history":[{"count":3,"href":"https:\/\/berberedesign.com\/fr\/wp-json\/wp\/v2\/product\/106249\/revisions"}],"predecessor-version":[{"id":106837,"href":"https:\/\/berberedesign.com\/fr\/wp-json\/wp\/v2\/product\/106249\/revisions\/106837"}],"wp:featuredmedia":[{"embeddable":true,"href":"https:\/\/berberedesign.com\/fr\/wp-json\/wp\/v2\/media\/106250"}],"wp:attachment":[{"href":"https:\/\/berberedesign.com\/fr\/wp-json\/wp\/v2\/media?parent=106249"}],"wp:term":[{"taxonomy":"product_brand","embeddable":true,"href":"https:\/\/berberedesign.com\/fr\/wp-json\/wp\/v2\/product_brand?post=106249"},{"taxonomy":"product_cat","embeddable":true,"href":"https:\/\/berberedesign.com\/fr\/wp-json\/wp\/v2\/product_cat?post=106249"},{"taxonomy":"product_tag","embeddable":true,"href":"https:\/\/berberedesign.com\/fr\/wp-json\/wp\/v2\/product_tag?post=106249"}],"curies":[{"name":"wp","href":"https:\/\/api.w.org\/{rel}","templated":true}]}}