{"id":106241,"date":"2025-02-09T14:44:49","date_gmt":"2025-02-09T14:44:49","guid":{"rendered":"https:\/\/berberedesign.com\/handmade-moroccan-wool-rug-authentic-berber-craftsmanship\/"},"modified":"2025-02-22T22:10:07","modified_gmt":"2025-02-22T22:10:07","slug":"tapis-de-laine-marocain-fait-main-artisanat-berbere-authentique","status":"publish","type":"product","link":"https:\/\/berberedesign.com\/fr\/tapis-de-laine-marocain-fait-main-artisanat-berbere-authentique\/","title":{"rendered":"Tapis de laine marocain fait \u00e0 la main - Artisanat berb\u00e8re authentique"},"content":{"rendered":"<div style=\"text-align: center;\"><img decoding=\"async\" style=\"max-width: 100%; height: auto;\" src=\"https:\/\/berberedesign.com\/wp-content\/uploads\/2025\/02\/DSC01813-scaled.webp\" alt=\"Tapis marocain en laine fait main\" title=\"\"><\/div>\n<h2>Tapis marocain en laine fait main - Design berb\u00e8re authentique<\/h2>\n<p>D\u00e9couvrez la beaut\u00e9 et le savoir-faire de la tradition marocaine avec cet exquis tapis en laine fait \u00e0 la main. Tiss\u00e9 par des artisans berb\u00e8res qualifi\u00e9s, ce tapis pr\u00e9sente un design intemporel qui allie \u00e9l\u00e9gance et h\u00e9ritage culturel.<\/p>\n<ul>\n<li><strong>Mat\u00e9riau :<\/strong> 100% laine premium<\/li>\n<li><strong>Origine :<\/strong> Tiss\u00e9 \u00e0 la main au Maroc<\/li>\n<li><strong>Conception :<\/strong> Motifs berb\u00e8res traditionnels avec une touche de modernit\u00e9<\/li>\n<li><strong>Texture :<\/strong> Doux et moelleux sous les pieds<\/li>\n<li><strong>Parfait pour :<\/strong> Salles de s\u00e9jour, chambres \u00e0 coucher ou espaces douillets<\/li>\n<\/ul>\n<p>Ajoutez de la chaleur et du caract\u00e8re \u00e0 votre int\u00e9rieur avec ce tapis marocain unique. Chaque pi\u00e8ce est unique, porteuse de l'histoire et de l'art de la culture berb\u00e8re.<\/p>","protected":false},"excerpt":{"rendered":"<p>Rehaussez votre espace avec ce tapis marocain en laine tiss\u00e9e \u00e0 la main, fabriqu\u00e9 par des artisans berb\u00e8res qualifi\u00e9s. Fabriqu\u00e9 en laine 100% de premi\u00e8re qualit\u00e9, cette pi\u00e8ce unique pr\u00e9sente des motifs traditionnels, ajoutant chaleur et authenticit\u00e9 \u00e0 n'importe quelle pi\u00e8ce. Il est parfait pour les salons, les chambres \u00e0 coucher ou les coins douillets. Chaque tapis est unique et porte l'h\u00e9ritage de l'artisanat marocain.<\/p>","protected":false},"featured_media":106242,"comment_status":"open","ping_status":"closed","template":"","meta":[],"product_brand":[],"product_cat":[15],"product_tag":[348],"class_list":{"0":"post-106241","1":"product","2":"type-product","3":"status-publish","4":"has-post-thumbnail","6":"product_cat-uncategorized","7":"product_tag-rugs","8":"description-off","10":"first","11":"instock","12":"sale","13":"shipping-taxable","14":"purchasable","15":"product-type-variable"},"jetpack_sharing_enabled":true,"_links":{"self":[{"href":"https:\/\/berberedesign.com\/fr\/wp-json\/wp\/v2\/product\/106241","targetHints":{"allow":["GET"]}}],"collection":[{"href":"https:\/\/berberedesign.com\/fr\/wp-json\/wp\/v2\/product"}],"about":[{"href":"https:\/\/berberedesign.com\/fr\/wp-json\/wp\/v2\/types\/product"}],"replies":[{"embeddable":true,"href":"https:\/\/berberedesign.com\/fr\/wp-json\/wp\/v2\/comments?post=106241"}],"version-history":[{"count":1,"href":"https:\/\/berberedesign.com\/fr\/wp-json\/wp\/v2\/product\/106241\/revisions"}],"predecessor-version":[{"id":106346,"href":"https:\/\/berberedesign.com\/fr\/wp-json\/wp\/v2\/product\/106241\/revisions\/106346"}],"wp:featuredmedia":[{"embeddable":true,"href":"https:\/\/berberedesign.com\/fr\/wp-json\/wp\/v2\/media\/106242"}],"wp:attachment":[{"href":"https:\/\/berberedesign.com\/fr\/wp-json\/wp\/v2\/media?parent=106241"}],"wp:term":[{"taxonomy":"product_brand","embeddable":true,"href":"https:\/\/berberedesign.com\/fr\/wp-json\/wp\/v2\/product_brand?post=106241"},{"taxonomy":"product_cat","embeddable":true,"href":"https:\/\/berberedesign.com\/fr\/wp-json\/wp\/v2\/product_cat?post=106241"},{"taxonomy":"product_tag","embeddable":true,"href":"https:\/\/berberedesign.com\/fr\/wp-json\/wp\/v2\/product_tag?post=106241"}],"curies":[{"name":"wp","href":"https:\/\/api.w.org\/{rel}","templated":true}]}}