{"id":106004,"date":"2025-01-28T23:54:04","date_gmt":"2025-01-28T23:54:04","guid":{"rendered":"https:\/\/berberedesign.com\/handcrafted-cowhide-leather-tote-with-decorative-fringes\/"},"modified":"2025-02-02T20:03:33","modified_gmt":"2025-02-02T20:03:33","slug":"sac-a-main-en-cuir-de-vachette-avec-franges-decoratives","status":"publish","type":"product","link":"https:\/\/berberedesign.com\/fr\/sac-a-main-en-cuir-de-vachette-avec-franges-decoratives\/","title":{"rendered":"Fourre-tout artisanal en cuir de vache avec franges d\u00e9coratives"},"content":{"rendered":"<p>Ce fourre-tout en cuir de vachette fabriqu\u00e9 \u00e0 la main est un m\u00e9lange parfait d'artisanat traditionnel et de design moderne. Fabriqu\u00e9 en cuir de vachette de qualit\u00e9 sup\u00e9rieure, ce fourre-tout pr\u00e9sente une esth\u00e9tique \u00e0 la fois rustique et \u00e9l\u00e9gante, id\u00e9ale pour les sorties d\u00e9contract\u00e9es ou pour la mode. La pierre pr\u00e9cieuse verte centrale ajoute une touche vibrante, compl\u00e9t\u00e9e par des boutons argent\u00e9s qui exsudent la sophistication.<\/p>\n<p><strong>Caract\u00e9ristiques :<\/strong><\/p>\n<ul>\n<li>Mati\u00e8re : Cuir de vachette v\u00e9ritable<\/li>\n<li>Franges d\u00e9coratives pour un look d'inspiration boh\u00e8me<\/li>\n<li>Accents de pierres pr\u00e9cieuses vertes avec embellissements en argent<\/li>\n<li>Int\u00e9rieur spacieux pour tous les objets essentiels<\/li>\n<li>Poign\u00e9es durables pour un transport confortable<\/li>\n<\/ul>\n<p>Ce fourre-tout est non seulement \u00e9l\u00e9gant mais aussi tr\u00e8s fonctionnel, ce qui en fait un excellent compl\u00e9ment \u00e0 votre collection d'accessoires ou un cadeau attentionn\u00e9 pour quelqu'un de sp\u00e9cial.<\/p>\n<div><img decoding=\"async\" style=\"max-width: 100%\" src=\"https:\/\/berberedesign.com\/wp-content\/uploads\/2025\/01\/Untitled-2-01-4-24.webp\" alt=\"Fourre-tout artisanal en cuir de vache Vue lat\u00e9rale\" title=\"\"><\/div>","protected":false},"excerpt":{"rendered":"<p>Rehaussez votre style avec ce fourre-tout unique en cuir de vachette fait \u00e0 la main, dot\u00e9 de franges d\u00e9coratives complexes, d'une superbe pierre pr\u00e9cieuse verte au centre et d'accents argent\u00e9s pour un look audacieux et \u00e9l\u00e9gant.<\/p>","protected":false},"featured_media":106005,"comment_status":"open","ping_status":"closed","template":"","meta":[],"product_brand":[],"product_cat":[15,303,301],"product_tag":[349],"class_list":{"0":"post-106004","1":"product","2":"type-product","3":"status-publish","4":"has-post-thumbnail","6":"product_cat-uncategorized","7":"product_cat-bags","8":"product_cat-leather","9":"product_tag-chair","10":"description-off","12":"first","13":"instock","14":"sale","15":"shipping-taxable","16":"purchasable","17":"product-type-simple"},"jetpack_sharing_enabled":true,"_links":{"self":[{"href":"https:\/\/berberedesign.com\/fr\/wp-json\/wp\/v2\/product\/106004","targetHints":{"allow":["GET"]}}],"collection":[{"href":"https:\/\/berberedesign.com\/fr\/wp-json\/wp\/v2\/product"}],"about":[{"href":"https:\/\/berberedesign.com\/fr\/wp-json\/wp\/v2\/types\/product"}],"replies":[{"embeddable":true,"href":"https:\/\/berberedesign.com\/fr\/wp-json\/wp\/v2\/comments?post=106004"}],"version-history":[{"count":4,"href":"https:\/\/berberedesign.com\/fr\/wp-json\/wp\/v2\/product\/106004\/revisions"}],"predecessor-version":[{"id":106119,"href":"https:\/\/berberedesign.com\/fr\/wp-json\/wp\/v2\/product\/106004\/revisions\/106119"}],"wp:featuredmedia":[{"embeddable":true,"href":"https:\/\/berberedesign.com\/fr\/wp-json\/wp\/v2\/media\/106005"}],"wp:attachment":[{"href":"https:\/\/berberedesign.com\/fr\/wp-json\/wp\/v2\/media?parent=106004"}],"wp:term":[{"taxonomy":"product_brand","embeddable":true,"href":"https:\/\/berberedesign.com\/fr\/wp-json\/wp\/v2\/product_brand?post=106004"},{"taxonomy":"product_cat","embeddable":true,"href":"https:\/\/berberedesign.com\/fr\/wp-json\/wp\/v2\/product_cat?post=106004"},{"taxonomy":"product_tag","embeddable":true,"href":"https:\/\/berberedesign.com\/fr\/wp-json\/wp\/v2\/product_tag?post=106004"}],"curies":[{"name":"wp","href":"https:\/\/api.w.org\/{rel}","templated":true}]}}