{"id":105942,"date":"2025-01-28T23:53:47","date_gmt":"2025-01-28T23:53:47","guid":{"rendered":"https:\/\/berberedesign.com\/premium-leather-tote-bag-handmade-moroccan-design\/"},"modified":"2025-02-02T20:07:15","modified_gmt":"2025-02-02T20:07:15","slug":"sac-fourre-tout-en-cuir-de-premiere-qualite-fait-main-design-marocain","status":"publish","type":"product","link":"https:\/\/berberedesign.com\/fr\/sac-fourre-tout-en-cuir-de-premiere-qualite-fait-main-design-marocain\/","title":{"rendered":"Sac fourre-tout en cuir de premi\u00e8re qualit\u00e9 - Fait main au Maroc"},"content":{"rendered":"<h2>Sac fourre-tout en cuir de premi\u00e8re qualit\u00e9 - Fait main au Maroc<\/h2>\n<p>\nRehaussez votre style avec notre magnifique sac fourre-tout en cuir, fabriqu\u00e9 \u00e0 la main par des artisans qualifi\u00e9s au Maroc. Ce sac est un m\u00e9lange d'\u00e9l\u00e9gance, de fonctionnalit\u00e9 et de design intemporel.\n<\/p>\n<h3>Caract\u00e9ristiques :<\/h3>\n<ul>\n<li>Fabriqu\u00e9 en cuir durable de haute qualit\u00e9<\/li>\n<li>Int\u00e9rieur spacieux pour tous les objets essentiels<\/li>\n<li>\u00c9l\u00e9gante double sangle pour un transport confortable<\/li>\n<li>Un look minimaliste mais \u00e9l\u00e9gant, adapt\u00e9 \u00e0 toutes les occasions<\/li>\n<\/ul>\n<p>\nChaque sac est fabriqu\u00e9 avec pr\u00e9cision et soin, ce qui garantit une pi\u00e8ce unique avec une finition lisse et des variations naturelles dans la texture du cuir. Que vous alliez au bureau, que vous fassiez du shopping ou que vous voyagiez, ce sac fourre-tout est votre compagnon id\u00e9al.\n<\/p>\n<h3>Dimensions :<\/h3>\n<p>Dimensions approximatives : 40cm x 35cm x 15cm<\/p>\n<h3>Instructions d'entretien :<\/h3>\n<p>\nPour pr\u00e9server la beaut\u00e9 de votre fourre-tout en cuir, essuyez-le avec un chiffon doux et humide. \u00c9vitez toute exposition prolong\u00e9e \u00e0 la lumi\u00e8re directe du soleil et \u00e0 l'humidit\u00e9.\n<\/p>\n<p>\nApportez une touche d'artisanat marocain \u00e0 votre garde-robe. Commandez le v\u00f4tre d\u00e8s aujourd'hui !<\/p>","protected":false},"excerpt":{"rendered":"<p>Un sac fourre-tout en cuir polyvalent et \u00e9l\u00e9gant, fabriqu\u00e9 \u00e0 la main au Maroc. Fabriqu\u00e9 en cuir de premi\u00e8re qualit\u00e9, ce sac est parfait pour un usage quotidien ou comme accessoire \u00e9l\u00e9gant pour les occasions sp\u00e9ciales.<\/p>","protected":false},"featured_media":105943,"comment_status":"open","ping_status":"closed","template":"","meta":[],"product_brand":[],"product_cat":[303,301],"product_tag":[349],"class_list":{"0":"post-105942","1":"product","2":"type-product","3":"status-publish","4":"has-post-thumbnail","6":"product_cat-bags","7":"product_cat-leather","8":"product_tag-chair","9":"description-off","11":"first","12":"instock","13":"sale","14":"shipping-taxable","15":"purchasable","16":"product-type-simple"},"jetpack_sharing_enabled":true,"_links":{"self":[{"href":"https:\/\/berberedesign.com\/fr\/wp-json\/wp\/v2\/product\/105942","targetHints":{"allow":["GET"]}}],"collection":[{"href":"https:\/\/berberedesign.com\/fr\/wp-json\/wp\/v2\/product"}],"about":[{"href":"https:\/\/berberedesign.com\/fr\/wp-json\/wp\/v2\/types\/product"}],"replies":[{"embeddable":true,"href":"https:\/\/berberedesign.com\/fr\/wp-json\/wp\/v2\/comments?post=105942"}],"version-history":[{"count":1,"href":"https:\/\/berberedesign.com\/fr\/wp-json\/wp\/v2\/product\/105942\/revisions"}],"predecessor-version":[{"id":106088,"href":"https:\/\/berberedesign.com\/fr\/wp-json\/wp\/v2\/product\/105942\/revisions\/106088"}],"wp:featuredmedia":[{"embeddable":true,"href":"https:\/\/berberedesign.com\/fr\/wp-json\/wp\/v2\/media\/105943"}],"wp:attachment":[{"href":"https:\/\/berberedesign.com\/fr\/wp-json\/wp\/v2\/media?parent=105942"}],"wp:term":[{"taxonomy":"product_brand","embeddable":true,"href":"https:\/\/berberedesign.com\/fr\/wp-json\/wp\/v2\/product_brand?post=105942"},{"taxonomy":"product_cat","embeddable":true,"href":"https:\/\/berberedesign.com\/fr\/wp-json\/wp\/v2\/product_cat?post=105942"},{"taxonomy":"product_tag","embeddable":true,"href":"https:\/\/berberedesign.com\/fr\/wp-json\/wp\/v2\/product_tag?post=105942"}],"curies":[{"name":"wp","href":"https:\/\/api.w.org\/{rel}","templated":true}]}}