{"id":105926,"date":"2025-01-28T23:53:43","date_gmt":"2025-01-28T23:53:43","guid":{"rendered":"https:\/\/berberedesign.com\/classic-handcrafted-leather-briefcase-timeless-elegance\/"},"modified":"2025-02-22T17:23:55","modified_gmt":"2025-02-22T17:23:55","slug":"porte-documents-classique-en-cuir-fabrique-a-la-main-elegance-intemporelle","status":"publish","type":"product","link":"https:\/\/berberedesign.com\/fr\/porte-documents-classique-en-cuir-fabrique-a-la-main-elegance-intemporelle\/","title":{"rendered":"Porte-documents classique en cuir fabriqu\u00e9 \u00e0 la main - El\u00e9gance intemporelle"},"content":{"rendered":"<h2>Porte-documents classique en cuir fabriqu\u00e9 \u00e0 la main - El\u00e9gance intemporelle<\/h2>\n<p>\nAm\u00e9liorez votre garde-robe professionnelle avec ce porte-documents en cuir fabriqu\u00e9 \u00e0 la main. Ce porte-documents est con\u00e7u pour ceux qui appr\u00e9cient la sophistication, la fonctionnalit\u00e9 et la durabilit\u00e9 de leurs accessoires quotidiens. Fabriqu\u00e9 en cuir v\u00e9ritable 100% de premi\u00e8re qualit\u00e9, il offre une texture \u00e0 la fois souple et robuste, garantissant une utilisation durable tout en d\u00e9veloppant une riche patine au fil du temps.\n<\/p>\n<h3>Caract\u00e9ristiques principales :<\/h3>\n<ul>\n<li><strong>Design \u00e9l\u00e9gant :<\/strong> Un style intemporel avec des lignes \u00e9pur\u00e9es et une finition en cuir lisse qui rehausse toute tenue professionnelle.<\/li>\n<li><strong>Un grand espace de rangement :<\/strong> Comprend des compartiments spacieux pour les documents, l'ordinateur portable et les objets essentiels, ainsi que des poches zipp\u00e9es s\u00e9curis\u00e9es pour les accessoires.<\/li>\n<li><strong>Mat\u00e9riel durable :<\/strong> Les fermetures \u00e0 glissi\u00e8re en laiton et les boucles en m\u00e9tal sont robustes pour une plus grande durabilit\u00e9 et un charme vintage.<\/li>\n<li><strong>Confortable \u00e0 transporter :<\/strong> Il est dot\u00e9 de solides poign\u00e9es en cuir pour faciliter le transport et d'une bandouli\u00e8re amovible pour une plus grande polyvalence.<\/li>\n<\/ul>\n<p>\nParfait pour les professionnels, les entrepreneurs ou les \u00e9tudiants \u00e0 la recherche d'un m\u00e9lange de praticit\u00e9 et d'\u00e9l\u00e9gance. Que vous vous rendiez au bureau ou \u00e0 une r\u00e9union d'affaires, ce porte-documents en cuir vous permettra de faire bonne impression.\n<\/p>\n<h3>Sp\u00e9cifications :<\/h3>\n<ul>\n<li>Mati\u00e8re : Cuir pleine fleur de premi\u00e8re qualit\u00e9<\/li>\n<li>Dimensions : 16\u2033 x 12\u2033 x 4\u2033<\/li>\n<li>Couleur : brun classique<\/li>\n<li>Type de fermeture : Fermeture \u00e0 glissi\u00e8re<\/li>\n<\/ul>\n<p>\nD\u00e9couvrez le charme de l'artisanat du cuir authentique avec cet \u00e9l\u00e9gant porte-documents. Ce n'est pas seulement un sac, c'est l'affirmation de votre identit\u00e9 professionnelle.<\/p>","protected":false},"excerpt":{"rendered":"<p>Rehaussez votre style professionnel avec ce porte-documents en cuir fabriqu\u00e9 \u00e0 la main, con\u00e7u pour la fonctionnalit\u00e9 et la sophistication. Fabriqu\u00e9 en cuir v\u00e9ritable de premi\u00e8re qualit\u00e9, il allie l'esth\u00e9tique classique \u00e0 l'utilit\u00e9 moderne.<\/p>","protected":false},"featured_media":105929,"comment_status":"open","ping_status":"closed","template":"","meta":[],"product_brand":[],"product_cat":[303,301],"product_tag":[349],"class_list":{"0":"post-105926","1":"product","2":"type-product","3":"status-publish","4":"has-post-thumbnail","6":"product_cat-bags","7":"product_cat-leather","8":"product_tag-chair","9":"description-off","11":"first","12":"instock","13":"sale","14":"shipping-taxable","15":"purchasable","16":"product-type-simple"},"jetpack_sharing_enabled":true,"_links":{"self":[{"href":"https:\/\/berberedesign.com\/fr\/wp-json\/wp\/v2\/product\/105926","targetHints":{"allow":["GET"]}}],"collection":[{"href":"https:\/\/berberedesign.com\/fr\/wp-json\/wp\/v2\/product"}],"about":[{"href":"https:\/\/berberedesign.com\/fr\/wp-json\/wp\/v2\/types\/product"}],"replies":[{"embeddable":true,"href":"https:\/\/berberedesign.com\/fr\/wp-json\/wp\/v2\/comments?post=105926"}],"version-history":[{"count":1,"href":"https:\/\/berberedesign.com\/fr\/wp-json\/wp\/v2\/product\/105926\/revisions"}],"predecessor-version":[{"id":106090,"href":"https:\/\/berberedesign.com\/fr\/wp-json\/wp\/v2\/product\/105926\/revisions\/106090"}],"wp:featuredmedia":[{"embeddable":true,"href":"https:\/\/berberedesign.com\/fr\/wp-json\/wp\/v2\/media\/105929"}],"wp:attachment":[{"href":"https:\/\/berberedesign.com\/fr\/wp-json\/wp\/v2\/media?parent=105926"}],"wp:term":[{"taxonomy":"product_brand","embeddable":true,"href":"https:\/\/berberedesign.com\/fr\/wp-json\/wp\/v2\/product_brand?post=105926"},{"taxonomy":"product_cat","embeddable":true,"href":"https:\/\/berberedesign.com\/fr\/wp-json\/wp\/v2\/product_cat?post=105926"},{"taxonomy":"product_tag","embeddable":true,"href":"https:\/\/berberedesign.com\/fr\/wp-json\/wp\/v2\/product_tag?post=105926"}],"curies":[{"name":"wp","href":"https:\/\/api.w.org\/{rel}","templated":true}]}}