{"id":105912,"date":"2025-01-28T23:53:38","date_gmt":"2025-01-28T23:53:38","guid":{"rendered":"https:\/\/berberedesign.com\/classic-handmade-leather-duffel-bag\/"},"modified":"2025-02-12T18:44:00","modified_gmt":"2025-02-12T18:44:00","slug":"sac-de-sport-classique-en-cuir-fait-a-la-main","status":"publish","type":"product","link":"https:\/\/berberedesign.com\/fr\/sac-de-sport-classique-en-cuir-fait-a-la-main\/","title":{"rendered":"Sac de sport classique en cuir fait \u00e0 la main"},"content":{"rendered":"<div>\n<h1>Sac de sport classique en cuir fait \u00e0 la main<\/h1>\n<p><img decoding=\"async\" src=\"https:\/\/berberedesign.com\/wp-content\/uploads\/2025\/01\/Untitled-2-03-5-13.webp\" alt=\"Sac de sport classique en cuir fait \u00e0 la main\" title=\"\"><\/p>\n<p>D\u00e9couvrez le m\u00e9lange parfait de style et d'utilit\u00e9 avec notre sac Duffel classique en cuir fait \u00e0 la main. M\u00e9ticuleusement fabriqu\u00e9 en cuir de haute qualit\u00e9, ce sac est un accessoire polyvalent con\u00e7u pour r\u00e9pondre \u00e0 vos besoins quotidiens ou de voyage. Sa texture riche et ses tons naturels offrent une esth\u00e9tique \u00e9l\u00e9gante, ce qui en fait un compagnon sophistiqu\u00e9 pour toutes les occasions.<\/p>\n<p>Le sac de sport est dot\u00e9 d'un int\u00e9rieur spacieux qui offre suffisamment de place pour ranger vos affaires essentielles. Il est ferm\u00e9 par une solide fermeture \u00e0 glissi\u00e8re pour garantir la s\u00e9curit\u00e9 de vos effets personnels. Les confortables poign\u00e9es en cuir facilitent le transport, tandis que les ferrures en laiton renforc\u00e9es ajoutent une touche de durabilit\u00e9 et de charme vintage. Con\u00e7u pour l'aventurier moderne, ce sac t\u00e9moigne d'un savoir-faire traditionnel et d'une grande praticit\u00e9.<\/p>\n<p>Que vous alliez \u00e0 la salle de sport, que vous partiez en week-end ou que vous l'utilisiez pour le travail, ce sac de sport en cuir est con\u00e7u pour durer et vieillir magnifiquement au fil du temps. \u00c9levez votre style tout en gardant vos affaires organis\u00e9es gr\u00e2ce \u00e0 cette pi\u00e8ce intemporelle.<\/p>\n<\/div>","protected":false},"excerpt":{"rendered":"<p>Fabriqu\u00e9 en cuir de premi\u00e8re qualit\u00e9, ce sac de sport fait \u00e0 la main allie design intemporel et fonctionnalit\u00e9. Parfait pour les voyages ou l'usage quotidien, il est dot\u00e9 de poign\u00e9es robustes, d'une fermeture \u00e0 glissi\u00e8re durable et de compartiments spacieux.<\/p>","protected":false},"featured_media":105913,"comment_status":"open","ping_status":"closed","template":"","meta":[],"product_brand":[],"product_cat":[303,301],"product_tag":[349],"class_list":{"0":"post-105912","1":"product","2":"type-product","3":"status-publish","4":"has-post-thumbnail","6":"product_cat-bags","7":"product_cat-leather","8":"product_tag-chair","9":"description-off","11":"first","12":"instock","13":"sale","14":"shipping-taxable","15":"purchasable","16":"product-type-simple"},"jetpack_sharing_enabled":true,"_links":{"self":[{"href":"https:\/\/berberedesign.com\/fr\/wp-json\/wp\/v2\/product\/105912","targetHints":{"allow":["GET"]}}],"collection":[{"href":"https:\/\/berberedesign.com\/fr\/wp-json\/wp\/v2\/product"}],"about":[{"href":"https:\/\/berberedesign.com\/fr\/wp-json\/wp\/v2\/types\/product"}],"replies":[{"embeddable":true,"href":"https:\/\/berberedesign.com\/fr\/wp-json\/wp\/v2\/comments?post=105912"}],"version-history":[{"count":3,"href":"https:\/\/berberedesign.com\/fr\/wp-json\/wp\/v2\/product\/105912\/revisions"}],"predecessor-version":[{"id":106590,"href":"https:\/\/berberedesign.com\/fr\/wp-json\/wp\/v2\/product\/105912\/revisions\/106590"}],"wp:featuredmedia":[{"embeddable":true,"href":"https:\/\/berberedesign.com\/fr\/wp-json\/wp\/v2\/media\/105913"}],"wp:attachment":[{"href":"https:\/\/berberedesign.com\/fr\/wp-json\/wp\/v2\/media?parent=105912"}],"wp:term":[{"taxonomy":"product_brand","embeddable":true,"href":"https:\/\/berberedesign.com\/fr\/wp-json\/wp\/v2\/product_brand?post=105912"},{"taxonomy":"product_cat","embeddable":true,"href":"https:\/\/berberedesign.com\/fr\/wp-json\/wp\/v2\/product_cat?post=105912"},{"taxonomy":"product_tag","embeddable":true,"href":"https:\/\/berberedesign.com\/fr\/wp-json\/wp\/v2\/product_tag?post=105912"}],"curies":[{"name":"wp","href":"https:\/\/api.w.org\/{rel}","templated":true}]}}