{"id":105785,"date":"2025-01-27T18:29:52","date_gmt":"2025-01-27T18:29:52","guid":{"rendered":"https:\/\/berberedesign.com\/red-and-black-handwoven-geometric-pouf\/"},"modified":"2025-02-23T13:48:55","modified_gmt":"2025-02-23T13:48:55","slug":"pouf-geometrique-rouge-et-noir-tisse-a-la-main","status":"publish","type":"product","link":"https:\/\/berberedesign.com\/fr\/pouf-geometrique-rouge-et-noir-tisse-a-la-main\/","title":{"rendered":"Pouf g\u00e9om\u00e9trique rouge et noir tiss\u00e9 \u00e0 la main"},"content":{"rendered":"<div>\n<h1>Pouf g\u00e9om\u00e9trique rouge et noir tiss\u00e9 \u00e0 la main<\/h1>\n<p>&nbsp;<\/p>\n<p>Ajoutez une touche audacieuse \u00e0 votre espace de vie avec ce pouf rouge et noir saisissant. Fabriqu\u00e9s \u00e0 la main avec soin, ses motifs g\u00e9om\u00e9triques t\u00e9moignent de l'habilet\u00e9 et du savoir-faire des artisans marocains. Le tissu tiss\u00e9 \u00e0 la main pr\u00e9sente des d\u00e9tails complexes et des couleurs vibrantes, faisant de ce pouf une pi\u00e8ce d'accent parfaite pour n'importe quelle pi\u00e8ce.<\/p>\n<p>Ce pouf polyvalent peut \u00eatre utilis\u00e9 comme si\u00e8ge, repose-pieds ou \u00e9l\u00e9ment d\u00e9coratif. Son design compact et sa structure l\u00e9g\u00e8re permettent de le d\u00e9placer facilement et de le placer l\u00e0 o\u00f9 l'on en a besoin. Sa construction durable garantit qu'il restera un \u00e9l\u00e9ment essentiel de votre int\u00e9rieur pendant de nombreuses ann\u00e9es.<\/p>\n<p>Que vous souhaitiez cr\u00e9er un coin douillet ou am\u00e9liorer votre d\u00e9coration int\u00e9rieure, ce pouf est un compl\u00e9ment indispensable qui allie sans effort fonctionnalit\u00e9 et esth\u00e9tique.<\/p>\n<p><iframe title=\"Pouf g\u00e9om\u00e9trique rouge et noir tiss\u00e9 \u00e0 la main\" width=\"1200\" height=\"675\" src=\"https:\/\/www.youtube.com\/embed\/qI-ZzT9EE7M?feature=oembed&#038;enablejsapi=1&#038;origin=https:\/\/berberedesign.com\" frameborder=\"0\" allow=\"accelerometer; autoplay; clipboard-write; encrypted-media; gyroscope; picture-in-picture; web-share\" referrerpolicy=\"strict-origin-when-cross-origin\" allowfullscreen><\/iframe><\/p>\n<\/div>","protected":false},"excerpt":{"rendered":"<p>Ce pouf rouge et noir vibrant pr\u00e9sente des motifs g\u00e9om\u00e9triques complexes tiss\u00e9s \u00e0 la main, alliant la tradition marocaine \u00e0 un style contemporain. Il est parfait comme si\u00e8ge, comme repose-pieds ou comme \u00e9l\u00e9ment de d\u00e9coration unique.<\/p>","protected":false},"featured_media":105786,"comment_status":"open","ping_status":"closed","template":"","meta":[],"product_brand":[],"product_cat":[301,302,292,299],"product_tag":[349],"class_list":{"0":"post-105785","1":"product","2":"type-product","3":"status-publish","4":"has-post-thumbnail","6":"product_cat-leather","7":"product_cat-leather-poufs","8":"product_cat-poufs","9":"product_cat-wool-poufs","10":"product_tag-chair","11":"description-off","13":"first","14":"instock","15":"sale","16":"shipping-taxable","17":"purchasable","18":"product-type-variable"},"jetpack_sharing_enabled":true,"_links":{"self":[{"href":"https:\/\/berberedesign.com\/fr\/wp-json\/wp\/v2\/product\/105785","targetHints":{"allow":["GET"]}}],"collection":[{"href":"https:\/\/berberedesign.com\/fr\/wp-json\/wp\/v2\/product"}],"about":[{"href":"https:\/\/berberedesign.com\/fr\/wp-json\/wp\/v2\/types\/product"}],"replies":[{"embeddable":true,"href":"https:\/\/berberedesign.com\/fr\/wp-json\/wp\/v2\/comments?post=105785"}],"version-history":[{"count":4,"href":"https:\/\/berberedesign.com\/fr\/wp-json\/wp\/v2\/product\/105785\/revisions"}],"predecessor-version":[{"id":106845,"href":"https:\/\/berberedesign.com\/fr\/wp-json\/wp\/v2\/product\/105785\/revisions\/106845"}],"wp:featuredmedia":[{"embeddable":true,"href":"https:\/\/berberedesign.com\/fr\/wp-json\/wp\/v2\/media\/105786"}],"wp:attachment":[{"href":"https:\/\/berberedesign.com\/fr\/wp-json\/wp\/v2\/media?parent=105785"}],"wp:term":[{"taxonomy":"product_brand","embeddable":true,"href":"https:\/\/berberedesign.com\/fr\/wp-json\/wp\/v2\/product_brand?post=105785"},{"taxonomy":"product_cat","embeddable":true,"href":"https:\/\/berberedesign.com\/fr\/wp-json\/wp\/v2\/product_cat?post=105785"},{"taxonomy":"product_tag","embeddable":true,"href":"https:\/\/berberedesign.com\/fr\/wp-json\/wp\/v2\/product_tag?post=105785"}],"curies":[{"name":"wp","href":"https:\/\/api.w.org\/{rel}","templated":true}]}}