{"id":105778,"date":"2025-01-27T18:29:49","date_gmt":"2025-01-27T18:29:49","guid":{"rendered":"https:\/\/berberedesign.com\/orange-and-black-geometric-handwoven-pouf\/"},"modified":"2025-02-23T13:57:16","modified_gmt":"2025-02-23T13:57:16","slug":"pouf-geometrique-orange-et-noir-tisse-a-la-main","status":"publish","type":"product","link":"https:\/\/berberedesign.com\/fr\/pouf-geometrique-orange-et-noir-tisse-a-la-main\/","title":{"rendered":"Pouf g\u00e9om\u00e9trique orange et noir tiss\u00e9 \u00e0 la main"},"content":{"rendered":"<div>\n<h1>Pouf g\u00e9om\u00e9trique orange et noir tiss\u00e9 \u00e0 la main<\/h1>\n<p>&nbsp;<\/p>\n<p>Ajoutez une touche d'\u00e9nergie et de sophistication \u00e0 votre int\u00e9rieur avec ce superbe pouf orange et noir. R\u00e9alis\u00e9s avec une attention m\u00e9ticuleuse aux d\u00e9tails, les motifs g\u00e9om\u00e9triques tiss\u00e9s \u00e0 la main t\u00e9moignent d'un savoir-faire traditionnel avec une touche de modernit\u00e9. Les couleurs vives et le design complexe en font une pi\u00e8ce remarquable qui s'adapte \u00e0 un large \u00e9ventail de styles d'int\u00e9rieur.<\/p>\n<p>Ce pouf n'est pas seulement un \u00e9l\u00e9ment d\u00e9coratif, mais un compl\u00e9ment fonctionnel \u00e0 votre espace. Il peut servir de repose-pieds confortable, de si\u00e8ge suppl\u00e9mentaire pour les invit\u00e9s ou d'accent \u00e9l\u00e9gant pour rehausser votre pi\u00e8ce. Sa construction durable et ses mat\u00e9riaux de premi\u00e8re qualit\u00e9 garantissent une qualit\u00e9 et un confort durables. Il est parfait pour les salons, les chambres \u00e0 coucher ou les coins lecture.<\/p>\n<p><iframe title=\"Pouf g\u00e9om\u00e9trique orange et noir tiss\u00e9 \u00e0 la main\" width=\"1200\" height=\"675\" src=\"https:\/\/www.youtube.com\/embed\/-mRBriv13M0?feature=oembed&#038;enablejsapi=1&#038;origin=https:\/\/berberedesign.com\" frameborder=\"0\" allow=\"accelerometer; autoplay; clipboard-write; encrypted-media; gyroscope; picture-in-picture; web-share\" referrerpolicy=\"strict-origin-when-cross-origin\" allowfullscreen><\/iframe><\/p>\n<\/div>","protected":false},"excerpt":{"rendered":"<p>Illuminez votre espace de vie avec ce pouf g\u00e9om\u00e9trique orange et noir vibrant, tiss\u00e9 \u00e0 la main de mani\u00e8re experte pour une d\u00e9claration audacieuse et \u00e9l\u00e9gante. Id\u00e9al pour s'asseoir ou comme \u00e9l\u00e9ment d\u00e9coratif.<\/p>","protected":false},"featured_media":105779,"comment_status":"open","ping_status":"closed","template":"","meta":[],"product_brand":[],"product_cat":[301,302,292,299],"product_tag":[349],"class_list":{"0":"post-105778","1":"product","2":"type-product","3":"status-publish","4":"has-post-thumbnail","6":"product_cat-leather","7":"product_cat-leather-poufs","8":"product_cat-poufs","9":"product_cat-wool-poufs","10":"product_tag-chair","11":"description-off","13":"first","14":"instock","15":"sale","16":"shipping-taxable","17":"purchasable","18":"product-type-variable"},"jetpack_sharing_enabled":true,"_links":{"self":[{"href":"https:\/\/berberedesign.com\/fr\/wp-json\/wp\/v2\/product\/105778","targetHints":{"allow":["GET"]}}],"collection":[{"href":"https:\/\/berberedesign.com\/fr\/wp-json\/wp\/v2\/product"}],"about":[{"href":"https:\/\/berberedesign.com\/fr\/wp-json\/wp\/v2\/types\/product"}],"replies":[{"embeddable":true,"href":"https:\/\/berberedesign.com\/fr\/wp-json\/wp\/v2\/comments?post=105778"}],"version-history":[{"count":3,"href":"https:\/\/berberedesign.com\/fr\/wp-json\/wp\/v2\/product\/105778\/revisions"}],"predecessor-version":[{"id":106847,"href":"https:\/\/berberedesign.com\/fr\/wp-json\/wp\/v2\/product\/105778\/revisions\/106847"}],"wp:featuredmedia":[{"embeddable":true,"href":"https:\/\/berberedesign.com\/fr\/wp-json\/wp\/v2\/media\/105779"}],"wp:attachment":[{"href":"https:\/\/berberedesign.com\/fr\/wp-json\/wp\/v2\/media?parent=105778"}],"wp:term":[{"taxonomy":"product_brand","embeddable":true,"href":"https:\/\/berberedesign.com\/fr\/wp-json\/wp\/v2\/product_brand?post=105778"},{"taxonomy":"product_cat","embeddable":true,"href":"https:\/\/berberedesign.com\/fr\/wp-json\/wp\/v2\/product_cat?post=105778"},{"taxonomy":"product_tag","embeddable":true,"href":"https:\/\/berberedesign.com\/fr\/wp-json\/wp\/v2\/product_tag?post=105778"}],"curies":[{"name":"wp","href":"https:\/\/api.w.org\/{rel}","templated":true}]}}