{"id":105750,"date":"2025-01-27T18:29:40","date_gmt":"2025-01-27T18:29:40","guid":{"rendered":"https:\/\/berberedesign.com\/multicolor-patchwork-pouf-handmade-upholstery-with-leather-base\/"},"modified":"2026-03-31T17:25:06","modified_gmt":"2026-03-31T17:25:06","slug":"pouf-patchwork-multicolore-rembourre-a-la-main-avec-base-en-cuir","status":"publish","type":"product","link":"https:\/\/berberedesign.com\/fr\/pouf-patchwork-multicolore-rembourre-a-la-main-avec-base-en-cuir\/","title":{"rendered":"Pouf en patchwork multicolore - tapisserie d'ameublement faite \u00e0 la main avec base en cuir"},"content":{"rendered":"<div>\n<h1>Pouf en patchwork multicolore - tapisserie d'ameublement faite \u00e0 la main avec base en cuir<\/h1>\n<p><img decoding=\"async\" src=\"https:\/\/berberedesign.com\/wp-content\/uploads\/2025\/01\/converted_image_extra_2.webp\" alt=\"Pouf en patchwork multicolore\" title=\"\"><\/p>\n<p>Infusez une \u00e9nergie vibrante dans votre int\u00e9rieur gr\u00e2ce \u00e0 ce superbe pouf en patchwork multicolore. Soigneusement confectionn\u00e9 \u00e0 la main \u00e0 partir d'un assortiment de textiles brillants et audacieux, ce pouf pr\u00e9sente un m\u00e9lange harmonieux d'artisanat traditionnel et de design moderne. Chaque pi\u00e8ce est unique, avec des motifs complexes et un kal\u00e9idoscope de couleurs qui apportent de la personnalit\u00e9 \u00e0 votre espace de vie.<\/p>\n<p>Con\u00e7u avec une base en cuir robuste, ce pouf est \u00e0 la fois fonctionnel et \u00e9l\u00e9gant. Utilisez-le comme repose-pieds, comme si\u00e8ge suppl\u00e9mentaire ou comme \u00e9l\u00e9ment d\u00e9coratif dans votre salon, votre chambre ou votre bureau. Son design compact le rend polyvalent et facile \u00e0 d\u00e9placer, offrant une commodit\u00e9 sans compromis sur l'\u00e9l\u00e9gance.<\/p>\n<p>C\u00e9l\u00e9brez l'art de la d\u00e9coration faite \u00e0 la main avec ce pouf unique en son genre, parfait pour ceux qui appr\u00e9cient l'artisanat et l'esth\u00e9tique vibrante. Une v\u00e9ritable pi\u00e8ce ma\u00eetresse pour n'importe quelle pi\u00e8ce.<\/p>\n<\/div>","protected":false},"excerpt":{"rendered":"<p>Ajoutez une touche de couleur \u00e0 votre espace avec ce pouf patchwork multicolore, fabriqu\u00e9 \u00e0 la main avec des textiles vibrants et dot\u00e9 d'une base en cuir durable pour la fonctionnalit\u00e9 et le style.<\/p>","protected":false},"featured_media":105751,"comment_status":"open","ping_status":"closed","template":"","meta":[],"product_brand":[],"product_cat":[301,302,292,299],"product_tag":[349],"class_list":{"0":"post-105750","1":"product","2":"type-product","3":"status-publish","4":"has-post-thumbnail","6":"product_cat-leather","7":"product_cat-leather-poufs","8":"product_cat-poufs","9":"product_cat-wool-poufs","10":"product_tag-chair","11":"description-off","13":"first","14":"instock","15":"sale","16":"shipping-taxable","17":"purchasable","18":"product-type-variable"},"jetpack_sharing_enabled":true,"_links":{"self":[{"href":"https:\/\/berberedesign.com\/fr\/wp-json\/wp\/v2\/product\/105750","targetHints":{"allow":["GET"]}}],"collection":[{"href":"https:\/\/berberedesign.com\/fr\/wp-json\/wp\/v2\/product"}],"about":[{"href":"https:\/\/berberedesign.com\/fr\/wp-json\/wp\/v2\/types\/product"}],"replies":[{"embeddable":true,"href":"https:\/\/berberedesign.com\/fr\/wp-json\/wp\/v2\/comments?post=105750"}],"version-history":[{"count":2,"href":"https:\/\/berberedesign.com\/fr\/wp-json\/wp\/v2\/product\/105750\/revisions"}],"predecessor-version":[{"id":106538,"href":"https:\/\/berberedesign.com\/fr\/wp-json\/wp\/v2\/product\/105750\/revisions\/106538"}],"wp:featuredmedia":[{"embeddable":true,"href":"https:\/\/berberedesign.com\/fr\/wp-json\/wp\/v2\/media\/105751"}],"wp:attachment":[{"href":"https:\/\/berberedesign.com\/fr\/wp-json\/wp\/v2\/media?parent=105750"}],"wp:term":[{"taxonomy":"product_brand","embeddable":true,"href":"https:\/\/berberedesign.com\/fr\/wp-json\/wp\/v2\/product_brand?post=105750"},{"taxonomy":"product_cat","embeddable":true,"href":"https:\/\/berberedesign.com\/fr\/wp-json\/wp\/v2\/product_cat?post=105750"},{"taxonomy":"product_tag","embeddable":true,"href":"https:\/\/berberedesign.com\/fr\/wp-json\/wp\/v2\/product_tag?post=105750"}],"curies":[{"name":"wp","href":"https:\/\/api.w.org\/{rel}","templated":true}]}}