{"id":105736,"date":"2025-01-27T18:29:34","date_gmt":"2025-01-27T18:29:34","guid":{"rendered":"https:\/\/berberedesign.com\/handcrafted-black-and-beige-pouf-with-intricate-patterns\/"},"modified":"2025-02-23T14:00:59","modified_gmt":"2025-02-23T14:00:59","slug":"pouf-noir-et-beige-a-motifs-complexes-fabrique-a-la-main","status":"publish","type":"product","link":"https:\/\/berberedesign.com\/fr\/pouf-noir-et-beige-a-motifs-complexes-fabrique-a-la-main\/","title":{"rendered":"Pouf noir et beige \u00e0 motifs complexes fait \u00e0 la main"},"content":{"rendered":"<div>\n<h1>Pouf noir et beige \u00e0 motifs complexes fait \u00e0 la main<\/h1>\n<p>&nbsp;<\/p>\n<p>Apportez une touche de charme artisanal \u00e0 votre int\u00e9rieur avec ce pouf unique en son genre. Dot\u00e9 d'un motif sophistiqu\u00e9 noir et beige, ce pouf est fabriqu\u00e9 avec une attention m\u00e9ticuleuse aux d\u00e9tails, mettant en valeur la beaut\u00e9 intemporelle du tissu tiss\u00e9 \u00e0 la main. Son design polyvalent en fait un si\u00e8ge suppl\u00e9mentaire, un repose-pieds ou un accent d\u00e9coratif dans votre salon, votre chambre \u00e0 coucher ou votre bureau.<\/p>\n<p>La base en cuir ajoute une durabilit\u00e9 et une touche de luxe, garantissant que ce pouf ne se contente pas de rehausser l'esth\u00e9tique de votre espace, mais qu'il offre \u00e9galement une fonctionnalit\u00e9 durable. Con\u00e7u pour s'int\u00e9grer parfaitement dans les d\u00e9cors modernes et traditionnels, ce pouf t\u00e9moigne du savoir-faire exquis des artisans marocains.<\/p>\n<p><strong>Dimensions :<\/strong> Environ 20\u2033 de diam\u00e8tre x 14\u2033 de hauteur (50 cm x 35 cm).<br \/>\n<strong>Mat\u00e9riau :<\/strong> Tissu tiss\u00e9 \u00e0 la main (m\u00e9lange de coton et de laine) avec une base en cuir v\u00e9ritable.<br \/>\n<strong>Instructions d'entretien :<\/strong> Nettoyer \u00e0 l'aide d'un chiffon humide. \u00c9viter l'exposition directe \u00e0 la lumi\u00e8re du soleil pour pr\u00e9server l'\u00e9clat des couleurs.<\/p>\n<p>Ajoutez ce pouf artisanal \u00e0 votre collection d\u00e8s aujourd'hui et appr\u00e9ciez la fusion de l'art et de la fonctionnalit\u00e9 dans votre maison.<\/p>\n<p><iframe title=\"Pouf noir et beige \u00e0 motifs complexes fait \u00e0 la main\" width=\"1200\" height=\"675\" src=\"https:\/\/www.youtube.com\/embed\/0AwjO_ntT2A?feature=oembed&#038;enablejsapi=1&#038;origin=https:\/\/berberedesign.com\" frameborder=\"0\" allow=\"accelerometer; autoplay; clipboard-write; encrypted-media; gyroscope; picture-in-picture; web-share\" referrerpolicy=\"strict-origin-when-cross-origin\" allowfullscreen><\/iframe><\/p>\n<\/div>","protected":false},"excerpt":{"rendered":"<p>Rehaussez votre espace de vie avec ce pouf au design unique, qui pr\u00e9sente un motif complexe noir et beige sur un tissu tiss\u00e9 \u00e0 la main, compl\u00e9t\u00e9 par une base en cuir durable.<\/p>","protected":false},"featured_media":105737,"comment_status":"open","ping_status":"closed","template":"","meta":[],"product_brand":[],"product_cat":[301,302,292,299],"product_tag":[349],"class_list":{"0":"post-105736","1":"product","2":"type-product","3":"status-publish","4":"has-post-thumbnail","6":"product_cat-leather","7":"product_cat-leather-poufs","8":"product_cat-poufs","9":"product_cat-wool-poufs","10":"product_tag-chair","11":"description-off","13":"first","14":"instock","15":"sale","16":"shipping-taxable","17":"purchasable","18":"product-type-variable"},"jetpack_sharing_enabled":true,"_links":{"self":[{"href":"https:\/\/berberedesign.com\/fr\/wp-json\/wp\/v2\/product\/105736","targetHints":{"allow":["GET"]}}],"collection":[{"href":"https:\/\/berberedesign.com\/fr\/wp-json\/wp\/v2\/product"}],"about":[{"href":"https:\/\/berberedesign.com\/fr\/wp-json\/wp\/v2\/types\/product"}],"replies":[{"embeddable":true,"href":"https:\/\/berberedesign.com\/fr\/wp-json\/wp\/v2\/comments?post=105736"}],"version-history":[{"count":4,"href":"https:\/\/berberedesign.com\/fr\/wp-json\/wp\/v2\/product\/105736\/revisions"}],"predecessor-version":[{"id":106852,"href":"https:\/\/berberedesign.com\/fr\/wp-json\/wp\/v2\/product\/105736\/revisions\/106852"}],"wp:featuredmedia":[{"embeddable":true,"href":"https:\/\/berberedesign.com\/fr\/wp-json\/wp\/v2\/media\/105737"}],"wp:attachment":[{"href":"https:\/\/berberedesign.com\/fr\/wp-json\/wp\/v2\/media?parent=105736"}],"wp:term":[{"taxonomy":"product_brand","embeddable":true,"href":"https:\/\/berberedesign.com\/fr\/wp-json\/wp\/v2\/product_brand?post=105736"},{"taxonomy":"product_cat","embeddable":true,"href":"https:\/\/berberedesign.com\/fr\/wp-json\/wp\/v2\/product_cat?post=105736"},{"taxonomy":"product_tag","embeddable":true,"href":"https:\/\/berberedesign.com\/fr\/wp-json\/wp\/v2\/product_tag?post=105736"}],"curies":[{"name":"wp","href":"https:\/\/api.w.org\/{rel}","templated":true}]}}