{"id":105622,"date":"2025-01-23T20:28:13","date_gmt":"2025-01-23T20:28:13","guid":{"rendered":"https:\/\/berberedesign.com\/vivid-yellow-and-turquoise-handwoven-armchair\/"},"modified":"2025-02-04T20:12:10","modified_gmt":"2025-02-04T20:12:10","slug":"fauteuil-tisse-jaune-vif-et-turquoise","status":"publish","type":"product","link":"https:\/\/berberedesign.com\/fr\/fauteuil-tisse-jaune-vif-et-turquoise\/","title":{"rendered":"Fauteuil tiss\u00e9 \u00e0 la main jaune vif et turquoise"},"content":{"rendered":"<div data-elementor-type=\"product-post\" data-elementor-id=\"105622\" class=\"elementor elementor-105622\" data-elementor-post-type=\"product\">\n\t\t\t\t<div class=\"elementor-element elementor-element-7065c929 e-flex e-con-boxed e-con e-parent\" data-id=\"7065c929\" data-element_type=\"container\">\n\t\t\t\t\t<div class=\"e-con-inner\">\n\t\t\t\t<div class=\"elementor-element elementor-element-73474eab elementor-widget elementor-widget-text-editor\" data-id=\"73474eab\" data-element_type=\"widget\" data-widget_type=\"text-editor.default\">\n\t\t\t\t<div class=\"elementor-widget-container\">\n\t\t\t\t\t\t\t\t\t<div>\n<h1>Fauteuil tiss\u00e9 \u00e0 la main jaune vif et turquoise<\/h1>\n<\/div>\n&nbsp;\n\n<iframe title=\"Lecteur vid\u00e9o YouTube\" src=\"https:\/\/www.youtube.com\/embed\/wb1S79lXnQo?si=jP4U2bp3tGLdqGfo\" width=\"560\" height=\"315\" frameborder=\"0\" allowfullscreen=\"allowfullscreen\"><\/iframe>\n<div>\n\nAjoutez une touche de couleur et d'\u00e9l\u00e9gance \u00e0 votre int\u00e9rieur avec ce superbe fauteuil tiss\u00e9 \u00e0 la main. Avec une combinaison de tons jaunes et turquoises, le rembourrage textur\u00e9 est fabriqu\u00e9 en utilisant des techniques de tissage traditionnelles, offrant un m\u00e9lange harmonieux de l'art culturel et du style contemporain. La structure en bois massif du fauteuil offre une durabilit\u00e9 exceptionnelle et un confort ergonomique, ce qui lui permet d'\u00eatre \u00e0 la fois fonctionnel et d\u00e9coratif. Ses accoudoirs incurv\u00e9s et son assise en peluche renforcent la sensation de confort et de luxe, ce qui le rend id\u00e9al pour les moments de d\u00e9tente ou comme pi\u00e8ce ma\u00eetresse de votre espace de vie.\n\nQu'elle soit plac\u00e9e dans votre salon, votre chambre \u00e0 coucher ou votre bureau, cette chaise unique rehausse sans effort l'ambiance, apportant chaleur et individualit\u00e9 \u00e0 votre d\u00e9cor. C\u00e9l\u00e9brez la beaut\u00e9 intemporelle de l'artisanat tiss\u00e9 \u00e0 la main avec cette pi\u00e8ce exceptionnelle.\n\n<\/div>\t\t\t\t\t\t\t\t<\/div>\n\t\t\t\t<\/div>\n\t\t\t\t\t<\/div>\n\t\t\t\t<\/div>\n\t\t\t\t<\/div>","protected":false},"excerpt":{"rendered":"<p>Une fusion vibrante de teintes jaunes et turquoises audacieuses avec un rembourrage unique tiss\u00e9 \u00e0 la main, pos\u00e9 sur un cadre en bois robuste pour une touche de charme artisanal et de confort moderne.<\/p>","protected":false},"featured_media":105623,"comment_status":"open","ping_status":"closed","template":"","meta":[],"product_brand":[],"product_cat":[15,351],"product_tag":[],"class_list":{"0":"post-105622","1":"product","2":"type-product","3":"status-publish","4":"has-post-thumbnail","6":"product_cat-uncategorized","7":"product_cat-chair","9":"first","10":"instock","11":"sale","12":"shipping-taxable","13":"purchasable","14":"product-type-simple"},"jetpack_sharing_enabled":true,"_links":{"self":[{"href":"https:\/\/berberedesign.com\/fr\/wp-json\/wp\/v2\/product\/105622","targetHints":{"allow":["GET"]}}],"collection":[{"href":"https:\/\/berberedesign.com\/fr\/wp-json\/wp\/v2\/product"}],"about":[{"href":"https:\/\/berberedesign.com\/fr\/wp-json\/wp\/v2\/types\/product"}],"replies":[{"embeddable":true,"href":"https:\/\/berberedesign.com\/fr\/wp-json\/wp\/v2\/comments?post=105622"}],"version-history":[{"count":9,"href":"https:\/\/berberedesign.com\/fr\/wp-json\/wp\/v2\/product\/105622\/revisions"}],"predecessor-version":[{"id":106199,"href":"https:\/\/berberedesign.com\/fr\/wp-json\/wp\/v2\/product\/105622\/revisions\/106199"}],"wp:featuredmedia":[{"embeddable":true,"href":"https:\/\/berberedesign.com\/fr\/wp-json\/wp\/v2\/media\/105623"}],"wp:attachment":[{"href":"https:\/\/berberedesign.com\/fr\/wp-json\/wp\/v2\/media?parent=105622"}],"wp:term":[{"taxonomy":"product_brand","embeddable":true,"href":"https:\/\/berberedesign.com\/fr\/wp-json\/wp\/v2\/product_brand?post=105622"},{"taxonomy":"product_cat","embeddable":true,"href":"https:\/\/berberedesign.com\/fr\/wp-json\/wp\/v2\/product_cat?post=105622"},{"taxonomy":"product_tag","embeddable":true,"href":"https:\/\/berberedesign.com\/fr\/wp-json\/wp\/v2\/product_tag?post=105622"}],"curies":[{"name":"wp","href":"https:\/\/api.w.org\/{rel}","templated":true}]}}