{"id":105612,"date":"2025-01-23T20:28:09","date_gmt":"2025-01-23T20:28:09","guid":{"rendered":"https:\/\/berberedesign.com\/orange-and-black-checkerboard-handmade-armchair\/"},"modified":"2025-03-19T11:58:30","modified_gmt":"2025-03-19T11:58:30","slug":"fauteuil-en-damier-orange-et-noir-fait-a-la-main","status":"publish","type":"product","link":"https:\/\/berberedesign.com\/fr\/fauteuil-en-damier-orange-et-noir-fait-a-la-main\/","title":{"rendered":"Fauteuil en damier orange et noir fait \u00e0 la main"},"content":{"rendered":"<div data-elementor-type=\"product-post\" data-elementor-id=\"105612\" class=\"elementor elementor-105612\" data-elementor-post-type=\"product\">\n\t\t\t\t<div class=\"elementor-element elementor-element-67bb7f93 e-flex e-con-boxed e-con e-parent\" data-id=\"67bb7f93\" data-element_type=\"container\">\n\t\t\t\t\t<div class=\"e-con-inner\">\n\t\t\t\t<div class=\"elementor-element elementor-element-11df5bfa elementor-widget elementor-widget-text-editor\" data-id=\"11df5bfa\" data-element_type=\"widget\" data-widget_type=\"text-editor.default\">\n\t\t\t\t<div class=\"elementor-widget-container\">\n\t\t\t\t\t\t\t\t\t<div>\n<h1>Fauteuil en damier orange et noir fait \u00e0 la main<\/h1>\n<iframe title=\"Lecteur vid\u00e9o YouTube\" src=\"https:\/\/www.youtube.com\/embed\/8vRBCzEH98o?si=aWAn_LJKCk-7TgmL\" width=\"560\" height=\"315\" frameborder=\"0\" allowfullscreen=\"allowfullscreen\"><\/iframe>\n\nD\u00e9couvrez la combinaison parfaite d'un design audacieux, d'un savoir-faire traditionnel et du confort avec ce fauteuil \u00e0 damier orange et noir fabriqu\u00e9 \u00e0 la main. Le motif de damier accrocheur, compos\u00e9 de tons orange vif et noir profond, est tiss\u00e9 \u00e0 la main par des artisans berb\u00e8res qualifi\u00e9s \u00e0 l'aide de laine marocaine de haute qualit\u00e9. Cette tapisserie d'ameublement complexe ne met pas seulement en valeur l'authenticit\u00e9 de l'art, mais apporte \u00e9galement une touche de sophistication et de chaleur \u00e0 n'importe quel espace.\n\nLe cadre en bois robuste de la chaise est soigneusement fabriqu\u00e9 \u00e0 la main pour assurer \u00e0 la fois la durabilit\u00e9 et le soutien ergonomique. Sa finition lisse et naturelle s'harmonise avec le rev\u00eatement saisissant, ce qui en fait une pi\u00e8ce ma\u00eetresse unique dans votre maison. Que vous la placiez dans votre salon, votre chambre ou votre bureau, cette chaise offre \u00e0 la fois un attrait visuel et un confort in\u00e9gal\u00e9.\n\nChaque fauteuil est unique, r\u00e9sultat d'un travail manuel m\u00e9ticuleux qui honore les traditions marocaines tout en r\u00e9pondant aux go\u00fbts modernes. Parfait pour les coins douillets, les coins lecture, ou comme pi\u00e8ce d'apparat dans une grande pi\u00e8ce, il ajoute un charme intemporel \u00e0 n'importe quel int\u00e9rieur.\n\nCe fauteuil \u00e0 damier orange et noir est le symbole de l'unicit\u00e9 des meubles fabriqu\u00e9s \u00e0 la main. Il s'agit non seulement d'un si\u00e8ge fonctionnel, mais aussi d'une \u0153uvre d'art qui raconte une histoire d'h\u00e9ritage, d'artisanat et de style.\n\n<\/div>\t\t\t\t\t\t\t\t<\/div>\n\t\t\t\t<\/div>\n\t\t\t\t\t<\/div>\n\t\t\t\t<\/div>\n\t\t\t\t<\/div>","protected":false},"excerpt":{"rendered":"<p>Ce fauteuil audacieux est dot\u00e9 d'un rev\u00eatement tiss\u00e9 \u00e0 la main en damier orange et noir vibrant, associ\u00e9 \u00e0 un cadre en bois robuste pour un m\u00e9lange parfait d'art et de confort.<\/p>","protected":false},"featured_media":105613,"comment_status":"open","ping_status":"closed","template":"","meta":[],"product_brand":[],"product_cat":[15,351],"product_tag":[],"class_list":{"0":"post-105612","1":"product","2":"type-product","3":"status-publish","4":"has-post-thumbnail","6":"product_cat-uncategorized","7":"product_cat-chair","9":"first","10":"instock","11":"sale","12":"shipping-taxable","13":"purchasable","14":"product-type-simple"},"jetpack_sharing_enabled":true,"_links":{"self":[{"href":"https:\/\/berberedesign.com\/fr\/wp-json\/wp\/v2\/product\/105612","targetHints":{"allow":["GET"]}}],"collection":[{"href":"https:\/\/berberedesign.com\/fr\/wp-json\/wp\/v2\/product"}],"about":[{"href":"https:\/\/berberedesign.com\/fr\/wp-json\/wp\/v2\/types\/product"}],"replies":[{"embeddable":true,"href":"https:\/\/berberedesign.com\/fr\/wp-json\/wp\/v2\/comments?post=105612"}],"version-history":[{"count":4,"href":"https:\/\/berberedesign.com\/fr\/wp-json\/wp\/v2\/product\/105612\/revisions"}],"predecessor-version":[{"id":106193,"href":"https:\/\/berberedesign.com\/fr\/wp-json\/wp\/v2\/product\/105612\/revisions\/106193"}],"wp:featuredmedia":[{"embeddable":true,"href":"https:\/\/berberedesign.com\/fr\/wp-json\/wp\/v2\/media\/105613"}],"wp:attachment":[{"href":"https:\/\/berberedesign.com\/fr\/wp-json\/wp\/v2\/media?parent=105612"}],"wp:term":[{"taxonomy":"product_brand","embeddable":true,"href":"https:\/\/berberedesign.com\/fr\/wp-json\/wp\/v2\/product_brand?post=105612"},{"taxonomy":"product_cat","embeddable":true,"href":"https:\/\/berberedesign.com\/fr\/wp-json\/wp\/v2\/product_cat?post=105612"},{"taxonomy":"product_tag","embeddable":true,"href":"https:\/\/berberedesign.com\/fr\/wp-json\/wp\/v2\/product_tag?post=105612"}],"curies":[{"name":"wp","href":"https:\/\/api.w.org\/{rel}","templated":true}]}}