{"id":105592,"date":"2025-01-23T20:28:04","date_gmt":"2025-01-23T20:28:04","guid":{"rendered":"https:\/\/berberedesign.com\/handcrafted-moroccan-kilim-and-wool-armchair-orange-and-blue-harmony\/"},"modified":"2025-03-06T08:11:04","modified_gmt":"2025-03-06T08:11:04","slug":"fauteuil-marocain-artisanal-en-kilim-et-laine-orange-et-bleu-harmonie","status":"publish","type":"product","link":"https:\/\/berberedesign.com\/fr\/fauteuil-marocain-artisanal-en-kilim-et-laine-orange-et-bleu-harmonie\/","title":{"rendered":"Fauteuil marocain artisanal en laine et kilim - Harmonie orange et bleu"},"content":{"rendered":"<div data-elementor-type=\"product-post\" data-elementor-id=\"105592\" class=\"elementor elementor-105592\" data-elementor-post-type=\"product\">\n\t\t\t\t<div class=\"elementor-element elementor-element-a454f43 e-flex e-con-boxed e-con e-parent\" data-id=\"a454f43\" data-element_type=\"container\">\n\t\t\t\t\t<div class=\"e-con-inner\">\n\t\t\t\t<div class=\"elementor-element elementor-element-25f29790 elementor-widget elementor-widget-text-editor\" data-id=\"25f29790\" data-element_type=\"widget\" data-widget_type=\"text-editor.default\">\n\t\t\t\t<div class=\"elementor-widget-container\">\n\t\t\t\t\t\t\t\t\t<div>\n<h2>Fauteuil marocain artisanal en laine et kilim - Harmonie orange et bleu<\/h2>\nAjoutez une touche d'audace \u00e0 votre espace de vie avec ce fauteuil magnifiquement fabriqu\u00e9 \u00e0 la main.\nAvec ses teintes orange et bleues vibrantes, le rev\u00eatement associe un authentique tissu Kilim marocain \u00e0 des textures de laine douillettes, le tout parfaitement compl\u00e9t\u00e9 par un solide cadre en bois rustique.\navec des textures de laine douillettes, parfaitement compl\u00e9t\u00e9es par un solide cadre en bois rustique.\n\n<iframe title=\"Lecteur vid\u00e9o YouTube\" src=\"https:\/\/www.youtube.com\/embed\/rBuoYrMPOwo?si=Rco9vAgt8p_-RgDa\" width=\"560\" height=\"315\" frameborder=\"0\" allowfullscreen=\"allowfullscreen\"><\/iframe>\n\nChaque pi\u00e8ce est unique et met en valeur l'art et l'artisanat marocains traditionnels. Qu'il s'agisse d'une\npi\u00e8ce de choix dans votre salon ou comme fauteuil de lecture dans un coin, ce fauteuil allie style et confort de mani\u00e8re transparente.\net le confort.\n\n<\/div>\t\t\t\t\t\t\t\t<\/div>\n\t\t\t\t<\/div>\n\t\t\t\t\t<\/div>\n\t\t\t\t<\/div>\n\t\t\t\t<\/div>","protected":false},"excerpt":{"rendered":"<p>D\u00e9couvrez le m\u00e9lange parfait de l'artisanat marocain traditionnel et du design moderne avec ce fauteuil en laine et Kilim orange et bleu vibrant, dot\u00e9 d'un cadre en bois rustique.<\/p>","protected":false},"featured_media":105593,"comment_status":"open","ping_status":"closed","template":"","meta":[],"product_brand":[],"product_cat":[15,351],"product_tag":[],"class_list":{"0":"post-105592","1":"product","2":"type-product","3":"status-publish","4":"has-post-thumbnail","6":"product_cat-uncategorized","7":"product_cat-chair","9":"first","10":"instock","11":"sale","12":"shipping-taxable","13":"purchasable","14":"product-type-simple"},"jetpack_sharing_enabled":true,"_links":{"self":[{"href":"https:\/\/berberedesign.com\/fr\/wp-json\/wp\/v2\/product\/105592","targetHints":{"allow":["GET"]}}],"collection":[{"href":"https:\/\/berberedesign.com\/fr\/wp-json\/wp\/v2\/product"}],"about":[{"href":"https:\/\/berberedesign.com\/fr\/wp-json\/wp\/v2\/types\/product"}],"replies":[{"embeddable":true,"href":"https:\/\/berberedesign.com\/fr\/wp-json\/wp\/v2\/comments?post=105592"}],"version-history":[{"count":4,"href":"https:\/\/berberedesign.com\/fr\/wp-json\/wp\/v2\/product\/105592\/revisions"}],"predecessor-version":[{"id":106190,"href":"https:\/\/berberedesign.com\/fr\/wp-json\/wp\/v2\/product\/105592\/revisions\/106190"}],"wp:featuredmedia":[{"embeddable":true,"href":"https:\/\/berberedesign.com\/fr\/wp-json\/wp\/v2\/media\/105593"}],"wp:attachment":[{"href":"https:\/\/berberedesign.com\/fr\/wp-json\/wp\/v2\/media?parent=105592"}],"wp:term":[{"taxonomy":"product_brand","embeddable":true,"href":"https:\/\/berberedesign.com\/fr\/wp-json\/wp\/v2\/product_brand?post=105592"},{"taxonomy":"product_cat","embeddable":true,"href":"https:\/\/berberedesign.com\/fr\/wp-json\/wp\/v2\/product_cat?post=105592"},{"taxonomy":"product_tag","embeddable":true,"href":"https:\/\/berberedesign.com\/fr\/wp-json\/wp\/v2\/product_tag?post=105592"}],"curies":[{"name":"wp","href":"https:\/\/api.w.org\/{rel}","templated":true}]}}