{"id":105582,"date":"2025-01-23T20:28:01","date_gmt":"2025-01-23T20:28:01","guid":{"rendered":"https:\/\/berberedesign.com\/handcrafted-moroccan-boucle-armchair-with-chevron-design-and-yellow-accents\/"},"modified":"2025-02-22T17:24:20","modified_gmt":"2025-02-22T17:24:20","slug":"fauteuil-marocain-en-boucle-fabrique-a-la-main-avec-un-design-en-chevron-et-des-accents-jaunes","status":"publish","type":"product","link":"https:\/\/berberedesign.com\/fr\/fauteuil-marocain-en-boucle-fabrique-a-la-main-avec-un-design-en-chevron-et-des-accents-jaunes\/","title":{"rendered":"Fauteuil Boucle Marocaine Artisanale avec Design Chevron et Accents Jaunes"},"content":{"rendered":"<div data-elementor-type=\"product-post\" data-elementor-id=\"105582\" class=\"elementor elementor-105582\" data-elementor-post-type=\"product\">\n\t\t\t\t<div class=\"elementor-element elementor-element-7f2faf77 e-flex e-con-boxed e-con e-parent\" data-id=\"7f2faf77\" data-element_type=\"container\">\n\t\t\t\t\t<div class=\"e-con-inner\">\n\t\t\t\t<div class=\"elementor-element elementor-element-abbf51b elementor-widget elementor-widget-text-editor\" data-id=\"abbf51b\" data-element_type=\"widget\" data-widget_type=\"text-editor.default\">\n\t\t\t\t<div class=\"elementor-widget-container\">\n\t\t\t\t\t\t\t\t\t<div>\n\nTransformez votre espace de vie avec cette exquise <strong>Fauteuil marocain en boucle, fabriqu\u00e9 \u00e0 la main<\/strong>Ce fauteuil est un chef-d'\u0153uvre d'artisanat traditionnel et d'esth\u00e9tique moderne. Le fauteuil pr\u00e9sente les caract\u00e9ristiques suivantes :\n<ul>\n \t<li>Motif \u00e0 chevrons frappant dans un tissu boucl\u00e9 noir et blanc.<\/li>\n \t<li>Des accents textur\u00e9s jaune vif pour plus de chaleur et d'attrait visuel.<\/li>\n \t<li>Accoudoirs circulaires en bois robuste, sculpt\u00e9s \u00e0 la main, pour une touche architecturale unique.<\/li>\n<\/ul>\n<iframe title=\"Lecteur vid\u00e9o YouTube\" src=\"https:\/\/www.youtube.com\/embed\/ZKlDh5r98KE?si=GnMkC63b8Z7aDjXP\" width=\"560\" height=\"315\" frameborder=\"0\" allowfullscreen=\"allowfullscreen\"><\/iframe>\n\nCe fauteuil est con\u00e7u pour offrir \u00e0 la fois confort et style, ce qui en fait un choix id\u00e9al pour le salon, la chambre \u00e0 coucher ou le bureau. Qu'il soit utilis\u00e9 comme une pi\u00e8ce d'exception ou int\u00e9gr\u00e9 \u00e0 votre d\u00e9cor existant, il apporte une touche d'h\u00e9ritage marocain et d'\u00e9nergie vibrante \u00e0 votre int\u00e9rieur.\n\n<\/div>\t\t\t\t\t\t\t\t<\/div>\n\t\t\t\t<\/div>\n\t\t\t\t\t<\/div>\n\t\t\t\t<\/div>\n\t\t\t\t<\/div>","protected":false},"excerpt":{"rendered":"<p>Ajoutez une touche audacieuse et confortable \u00e0 votre int\u00e9rieur avec ce fauteuil marocain en boucle fabriqu\u00e9 \u00e0 la main. Il pr\u00e9sente un motif chevron frappant en noir et blanc, compl\u00e9t\u00e9 par des accents jaunes vibrants et un cadre en bois massif.<\/p>","protected":false},"featured_media":105583,"comment_status":"open","ping_status":"closed","template":"","meta":[],"product_brand":[],"product_cat":[15,351],"product_tag":[],"class_list":{"0":"post-105582","1":"product","2":"type-product","3":"status-publish","4":"has-post-thumbnail","6":"product_cat-uncategorized","7":"product_cat-chair","9":"first","10":"instock","11":"sale","12":"shipping-taxable","13":"purchasable","14":"product-type-simple"},"jetpack_sharing_enabled":true,"_links":{"self":[{"href":"https:\/\/berberedesign.com\/fr\/wp-json\/wp\/v2\/product\/105582","targetHints":{"allow":["GET"]}}],"collection":[{"href":"https:\/\/berberedesign.com\/fr\/wp-json\/wp\/v2\/product"}],"about":[{"href":"https:\/\/berberedesign.com\/fr\/wp-json\/wp\/v2\/types\/product"}],"replies":[{"embeddable":true,"href":"https:\/\/berberedesign.com\/fr\/wp-json\/wp\/v2\/comments?post=105582"}],"version-history":[{"count":4,"href":"https:\/\/berberedesign.com\/fr\/wp-json\/wp\/v2\/product\/105582\/revisions"}],"predecessor-version":[{"id":106134,"href":"https:\/\/berberedesign.com\/fr\/wp-json\/wp\/v2\/product\/105582\/revisions\/106134"}],"wp:featuredmedia":[{"embeddable":true,"href":"https:\/\/berberedesign.com\/fr\/wp-json\/wp\/v2\/media\/105583"}],"wp:attachment":[{"href":"https:\/\/berberedesign.com\/fr\/wp-json\/wp\/v2\/media?parent=105582"}],"wp:term":[{"taxonomy":"product_brand","embeddable":true,"href":"https:\/\/berberedesign.com\/fr\/wp-json\/wp\/v2\/product_brand?post=105582"},{"taxonomy":"product_cat","embeddable":true,"href":"https:\/\/berberedesign.com\/fr\/wp-json\/wp\/v2\/product_cat?post=105582"},{"taxonomy":"product_tag","embeddable":true,"href":"https:\/\/berberedesign.com\/fr\/wp-json\/wp\/v2\/product_tag?post=105582"}],"curies":[{"name":"wp","href":"https:\/\/api.w.org\/{rel}","templated":true}]}}