{"id":105572,"date":"2025-01-23T20:27:57","date_gmt":"2025-01-23T20:27:57","guid":{"rendered":"https:\/\/berberedesign.com\/handcrafted-wool-berber-chair-with-orange-accents\/"},"modified":"2025-02-22T17:24:20","modified_gmt":"2025-02-22T17:24:20","slug":"chaise-en-laine-berbere-artisanale-avec-accents-orange","status":"publish","type":"product","link":"https:\/\/berberedesign.com\/fr\/chaise-en-laine-berbere-artisanale-avec-accents-orange\/","title":{"rendered":"Chaise berb\u00e8re en laine fabriqu\u00e9e \u00e0 la main avec des accents orange"},"content":{"rendered":"<div data-elementor-type=\"product-post\" data-elementor-id=\"105572\" class=\"elementor elementor-105572\" data-elementor-post-type=\"product\">\n\t\t\t\t<div class=\"elementor-element elementor-element-54e98484 e-flex e-con-boxed e-con e-parent\" data-id=\"54e98484\" data-element_type=\"container\">\n\t\t\t\t\t<div class=\"e-con-inner\">\n\t\t\t\t<div class=\"elementor-element elementor-element-17ef3114 elementor-widget elementor-widget-text-editor\" data-id=\"17ef3114\" data-element_type=\"widget\" data-widget_type=\"text-editor.default\">\n\t\t\t\t<div class=\"elementor-widget-container\">\n\t\t\t\t\t\t\t\t\t<div>\n<h2>Chaise berb\u00e8re en laine fabriqu\u00e9e \u00e0 la main avec des accents orange<\/h2>\n<\/div>\n<iframe title=\"Lecteur vid\u00e9o YouTube\" src=\"https:\/\/www.youtube.com\/embed\/ZUztyg22rxc?si=NbdjbkJtZ_a_aDoF\" width=\"560\" height=\"315\" frameborder=\"0\" allowfullscreen=\"allowfullscreen\"><\/iframe>\n<div>\n\nApportez une touche d'artisanat marocain \u00e0 votre int\u00e9rieur avec ce fauteuil berb\u00e8re en laine fabriqu\u00e9 \u00e0 la main. Le design pr\u00e9sente un magnifique m\u00e9lange de laine naturelle avec des accents orange chauds, cr\u00e9ant une pi\u00e8ce \u00e0 la fois \u00e9l\u00e9gante et confortable. Le cadre circulaire en bois ajoute un \u00e9l\u00e9ment architectural unique, ce qui en fait un ajout remarquable \u00e0 n'importe quelle pi\u00e8ce.\n<ul>\n \t<li>Rembourrage en laine tiss\u00e9e \u00e0 la main pour un confort et une durabilit\u00e9 ultimes.<\/li>\n \t<li>Des accents orange uniques pour une touche vibrante de design marocain.<\/li>\n \t<li>Cadre en bois durable avec un design circulaire pour un aspect moderne et artistique.<\/li>\n<\/ul>\nCette chaise est plus qu'un simple si\u00e8ge, c'est une \u0153uvre d'art qui raconte une histoire de tradition et de qualit\u00e9. Il est parfait pour les salons, les coins lecture ou comme pi\u00e8ce d'accent dans les chambres \u00e0 coucher.\n\n&nbsp;\n\n<\/div>\t\t\t\t\t\t\t\t<\/div>\n\t\t\t\t<\/div>\n\t\t\t\t\t<\/div>\n\t\t\t\t<\/div>\n\t\t\t\t<\/div>","protected":false},"excerpt":{"rendered":"<p>Une superbe chaise berb\u00e8re en laine fabriqu\u00e9e \u00e0 la main avec des accents orange chauds et un cadre en bois circulaire distinctif. Parfait pour ajouter un charme marocain \u00e0 n'importe quel espace.<\/p>","protected":false},"featured_media":105573,"comment_status":"open","ping_status":"closed","template":"","meta":[],"product_brand":[],"product_cat":[15,351],"product_tag":[],"class_list":{"0":"post-105572","1":"product","2":"type-product","3":"status-publish","4":"has-post-thumbnail","6":"product_cat-uncategorized","7":"product_cat-chair","9":"first","10":"instock","11":"sale","12":"shipping-taxable","13":"purchasable","14":"product-type-simple"},"jetpack_sharing_enabled":true,"_links":{"self":[{"href":"https:\/\/berberedesign.com\/fr\/wp-json\/wp\/v2\/product\/105572","targetHints":{"allow":["GET"]}}],"collection":[{"href":"https:\/\/berberedesign.com\/fr\/wp-json\/wp\/v2\/product"}],"about":[{"href":"https:\/\/berberedesign.com\/fr\/wp-json\/wp\/v2\/types\/product"}],"replies":[{"embeddable":true,"href":"https:\/\/berberedesign.com\/fr\/wp-json\/wp\/v2\/comments?post=105572"}],"version-history":[{"count":4,"href":"https:\/\/berberedesign.com\/fr\/wp-json\/wp\/v2\/product\/105572\/revisions"}],"predecessor-version":[{"id":106138,"href":"https:\/\/berberedesign.com\/fr\/wp-json\/wp\/v2\/product\/105572\/revisions\/106138"}],"wp:featuredmedia":[{"embeddable":true,"href":"https:\/\/berberedesign.com\/fr\/wp-json\/wp\/v2\/media\/105573"}],"wp:attachment":[{"href":"https:\/\/berberedesign.com\/fr\/wp-json\/wp\/v2\/media?parent=105572"}],"wp:term":[{"taxonomy":"product_brand","embeddable":true,"href":"https:\/\/berberedesign.com\/fr\/wp-json\/wp\/v2\/product_brand?post=105572"},{"taxonomy":"product_cat","embeddable":true,"href":"https:\/\/berberedesign.com\/fr\/wp-json\/wp\/v2\/product_cat?post=105572"},{"taxonomy":"product_tag","embeddable":true,"href":"https:\/\/berberedesign.com\/fr\/wp-json\/wp\/v2\/product_tag?post=105572"}],"curies":[{"name":"wp","href":"https:\/\/api.w.org\/{rel}","templated":true}]}}