{"id":105564,"date":"2025-01-23T20:27:54","date_gmt":"2025-01-23T20:27:54","guid":{"rendered":"https:\/\/berberedesign.com\/handcrafted-moroccan-wool-accent-chair-in-earthy-orange-tones\/"},"modified":"2025-02-04T19:57:01","modified_gmt":"2025-02-04T19:57:01","slug":"chaise-dappoint-en-laine-marocaine-fabriquee-a-la-main-dans-des-tons-orange-terreux","status":"publish","type":"product","link":"https:\/\/berberedesign.com\/fr\/chaise-dappoint-en-laine-marocaine-fabriquee-a-la-main-dans-des-tons-orange-terreux\/","title":{"rendered":"Chaise d'appoint marocaine en laine fabriqu\u00e9e \u00e0 la main dans des tons orange terreux"},"content":{"rendered":"<div data-elementor-type=\"product-post\" data-elementor-id=\"105564\" class=\"elementor elementor-105564\" data-elementor-post-type=\"product\">\n\t\t\t\t<div class=\"elementor-element elementor-element-5c1fb922 e-flex e-con-boxed e-con e-parent\" data-id=\"5c1fb922\" data-element_type=\"container\">\n\t\t\t\t\t<div class=\"e-con-inner\">\n\t\t\t\t<div class=\"elementor-element elementor-element-bd80eba elementor-widget elementor-widget-text-editor\" data-id=\"bd80eba\" data-element_type=\"widget\" data-widget_type=\"text-editor.default\">\n\t\t\t\t<div class=\"elementor-widget-container\">\n\t\t\t\t\t\t\t\t\t<div style=\"text-align: center;\"><\/div>\nFaites entrer un morceau d'artisanat marocain dans votre maison avec cette chaise d'appoint en laine unique. Soigneusement con\u00e7u avec un ton orange vibrant et des d\u00e9tails diagonaux verts subtils, ce fauteuil incarne la chaleur et la beaut\u00e9 artisanale. Le rev\u00eatement en laine pelucheuse n'est pas seulement impressionnant visuellement, il offre \u00e9galement un confort exceptionnel. Son cadre en bois circulaire robuste ajoute une touche moderne et rustique, garantissant une durabilit\u00e9 et une \u00e9l\u00e9gance intemporelle.\n\n<iframe width=\"560\" height=\"315\" src=\"https:\/\/www.youtube.com\/embed\/svR8YBWxWYw?si=XeJiH-S-uWIocrOl\" title=\"Lecteur vid\u00e9o YouTube\" frameborder=\"0\" allow=\"accelerometer; autoplay; clipboard-write; encrypted-media; gyroscope; picture-in-picture; web-share\" referrerpolicy=\"strict-origin-when-cross-origin\" allowfullscreen><\/iframe>&nbsp;\n\n&nbsp;\n\nQu'il soit plac\u00e9 dans votre salon, votre coin lecture ou votre chambre \u00e0 coucher, ce fauteuil d'appoint est une pi\u00e8ce ma\u00eetresse qui allie style, tradition et fonctionnalit\u00e9. Chaque chaise est fabriqu\u00e9e par des artisans qualifi\u00e9s, ce qui en fait un \u00e9l\u00e9ment unique de votre d\u00e9coration int\u00e9rieure.\n\nD\u00e9couvrez l'\u00e9quilibre parfait entre tradition et modernit\u00e9 avec cette luxueuse chaise en laine marocaine !\t\t\t\t\t\t\t\t<\/div>\n\t\t\t\t<\/div>\n\t\t\t\t\t<\/div>\n\t\t\t\t<\/div>\n\t\t\t\t<\/div>","protected":false},"excerpt":{"rendered":"<p>Rehaussez votre espace avec cette chaise d'appoint marocaine fabriqu\u00e9e \u00e0 la main, dot\u00e9e d'un design en laine orange douce et duveteuse et d'un cadre en bois circulaire robuste. Parfait pour ajouter de la chaleur et un charme artisanal \u00e0 votre int\u00e9rieur.<\/p>","protected":false},"featured_media":105565,"comment_status":"open","ping_status":"closed","template":"","meta":[],"product_brand":[],"product_cat":[15,351],"product_tag":[],"class_list":{"0":"post-105564","1":"product","2":"type-product","3":"status-publish","4":"has-post-thumbnail","6":"product_cat-uncategorized","7":"product_cat-chair","9":"first","10":"instock","11":"sale","12":"shipping-taxable","13":"purchasable","14":"product-type-simple"},"jetpack_sharing_enabled":true,"_links":{"self":[{"href":"https:\/\/berberedesign.com\/fr\/wp-json\/wp\/v2\/product\/105564","targetHints":{"allow":["GET"]}}],"collection":[{"href":"https:\/\/berberedesign.com\/fr\/wp-json\/wp\/v2\/product"}],"about":[{"href":"https:\/\/berberedesign.com\/fr\/wp-json\/wp\/v2\/types\/product"}],"replies":[{"embeddable":true,"href":"https:\/\/berberedesign.com\/fr\/wp-json\/wp\/v2\/comments?post=105564"}],"version-history":[{"count":4,"href":"https:\/\/berberedesign.com\/fr\/wp-json\/wp\/v2\/product\/105564\/revisions"}],"predecessor-version":[{"id":106141,"href":"https:\/\/berberedesign.com\/fr\/wp-json\/wp\/v2\/product\/105564\/revisions\/106141"}],"wp:featuredmedia":[{"embeddable":true,"href":"https:\/\/berberedesign.com\/fr\/wp-json\/wp\/v2\/media\/105565"}],"wp:attachment":[{"href":"https:\/\/berberedesign.com\/fr\/wp-json\/wp\/v2\/media?parent=105564"}],"wp:term":[{"taxonomy":"product_brand","embeddable":true,"href":"https:\/\/berberedesign.com\/fr\/wp-json\/wp\/v2\/product_brand?post=105564"},{"taxonomy":"product_cat","embeddable":true,"href":"https:\/\/berberedesign.com\/fr\/wp-json\/wp\/v2\/product_cat?post=105564"},{"taxonomy":"product_tag","embeddable":true,"href":"https:\/\/berberedesign.com\/fr\/wp-json\/wp\/v2\/product_tag?post=105564"}],"curies":[{"name":"wp","href":"https:\/\/api.w.org\/{rel}","templated":true}]}}