{"id":105555,"date":"2025-01-23T20:27:52","date_gmt":"2025-01-23T20:27:52","guid":{"rendered":"https:\/\/berberedesign.com\/handcrafted-patchwork-berber-armchair-vibrant-multicolor-design\/"},"modified":"2025-02-04T20:10:02","modified_gmt":"2025-02-04T20:10:02","slug":"fauteuil-berbere-patchwork-artisanal-design-multicolore-vibrant","status":"publish","type":"product","link":"https:\/\/berberedesign.com\/fr\/fauteuil-berbere-patchwork-artisanal-design-multicolore-vibrant\/","title":{"rendered":"Fauteuil berb\u00e8re artisanal en patchwork - Design multicolore vibrant"},"content":{"rendered":"<div data-elementor-type=\"product-post\" data-elementor-id=\"105555\" class=\"elementor elementor-105555\" data-elementor-post-type=\"product\">\n\t\t\t\t<div class=\"elementor-element elementor-element-1a9d4861 e-flex e-con-boxed e-con e-parent\" data-id=\"1a9d4861\" data-element_type=\"container\">\n\t\t\t\t\t<div class=\"e-con-inner\">\n\t\t\t\t<div class=\"elementor-element elementor-element-33c48e9a elementor-widget elementor-widget-text-editor\" data-id=\"33c48e9a\" data-element_type=\"widget\" data-widget_type=\"text-editor.default\">\n\t\t\t\t<div class=\"elementor-widget-container\">\n\t\t\t\t\t\t\t\t\t<div>\n<h2>Fauteuil berb\u00e8re artisanal en patchwork<\/h2>\nCe superbe fauteuil apporte une explosion de couleurs et d'authenticit\u00e9 \u00e0 votre int\u00e9rieur. Fabriqu\u00e9 \u00e0 la main par des artisans berb\u00e8res qualifi\u00e9s, le patchwork vibrant refl\u00e8te le riche h\u00e9ritage et la cr\u00e9ativit\u00e9 de l'artisanat marocain. Chaque pi\u00e8ce de tissu est tiss\u00e9e de mani\u00e8re complexe avec des couleurs vives et audacieuses, faisant de ce fauteuil un chef-d'\u0153uvre unique qui illumine n'importe quel espace.\n\nLe cadre en bois \u00e9l\u00e9gamment courb\u00e9 offre non seulement une excellente durabilit\u00e9, mais ajoute \u00e9galement une touche de sophistication moderne. Son design ergonomique garantit un confort maximal, ce qui en fait le compl\u00e9ment id\u00e9al de votre salon, de votre chambre \u00e0 coucher ou de votre coin lecture.\n\n<\/div>\n<iframe title=\"Lecteur vid\u00e9o YouTube\" src=\"https:\/\/www.youtube.com\/embed\/V6Qlm91IttA?si=ofbNTxa3lc_c0E8u\" width=\"560\" height=\"315\" frameborder=\"0\" allowfullscreen=\"allowfullscreen\"><\/iframe>\n<div>\n\n<strong>Caract\u00e9ristiques principales :<\/strong>\n<ul>\n \t<li>Authentique artisanat berb\u00e8re marocain<\/li>\n \t<li>Tissu patchwork multicolore unique<\/li>\n \t<li>Cadre en bois incurv\u00e9, durable et \u00e9l\u00e9gant<\/li>\n \t<li>Parfait pour rehausser les int\u00e9rieurs modernes et traditionnels<\/li>\n<\/ul>\n&nbsp;\n\n<\/div>\t\t\t\t\t\t\t\t<\/div>\n\t\t\t\t<\/div>\n\t\t\t\t\t<\/div>\n\t\t\t\t<\/div>\n\t\t\t\t<\/div>","protected":false},"excerpt":{"rendered":"<p>D\u00e9couvrez le m\u00e9lange parfait de tradition et de modernit\u00e9 avec ce fauteuil berb\u00e8re fabriqu\u00e9 \u00e0 la main, orn\u00e9 d'un patchwork multicolore vibrant et compl\u00e9t\u00e9 par un cadre en bois incurv\u00e9 pour le confort et le style.<\/p>","protected":false},"featured_media":105556,"comment_status":"open","ping_status":"closed","template":"","meta":[],"product_brand":[],"product_cat":[15,351],"product_tag":[],"class_list":{"0":"post-105555","1":"product","2":"type-product","3":"status-publish","4":"has-post-thumbnail","6":"product_cat-uncategorized","7":"product_cat-chair","9":"first","10":"instock","11":"sale","12":"shipping-taxable","13":"purchasable","14":"product-type-simple"},"jetpack_sharing_enabled":true,"_links":{"self":[{"href":"https:\/\/berberedesign.com\/fr\/wp-json\/wp\/v2\/product\/105555","targetHints":{"allow":["GET"]}}],"collection":[{"href":"https:\/\/berberedesign.com\/fr\/wp-json\/wp\/v2\/product"}],"about":[{"href":"https:\/\/berberedesign.com\/fr\/wp-json\/wp\/v2\/types\/product"}],"replies":[{"embeddable":true,"href":"https:\/\/berberedesign.com\/fr\/wp-json\/wp\/v2\/comments?post=105555"}],"version-history":[{"count":4,"href":"https:\/\/berberedesign.com\/fr\/wp-json\/wp\/v2\/product\/105555\/revisions"}],"predecessor-version":[{"id":106185,"href":"https:\/\/berberedesign.com\/fr\/wp-json\/wp\/v2\/product\/105555\/revisions\/106185"}],"wp:featuredmedia":[{"embeddable":true,"href":"https:\/\/berberedesign.com\/fr\/wp-json\/wp\/v2\/media\/105556"}],"wp:attachment":[{"href":"https:\/\/berberedesign.com\/fr\/wp-json\/wp\/v2\/media?parent=105555"}],"wp:term":[{"taxonomy":"product_brand","embeddable":true,"href":"https:\/\/berberedesign.com\/fr\/wp-json\/wp\/v2\/product_brand?post=105555"},{"taxonomy":"product_cat","embeddable":true,"href":"https:\/\/berberedesign.com\/fr\/wp-json\/wp\/v2\/product_cat?post=105555"},{"taxonomy":"product_tag","embeddable":true,"href":"https:\/\/berberedesign.com\/fr\/wp-json\/wp\/v2\/product_tag?post=105555"}],"curies":[{"name":"wp","href":"https:\/\/api.w.org\/{rel}","templated":true}]}}